{"id":15637,"date":"2024-02-27T14:10:52","date_gmt":"2024-02-27T13:10:52","guid":{"rendered":"https:\/\/biobrots.cat\/politica-de-privacitat\/"},"modified":"2024-08-13T12:16:13","modified_gmt":"2024-08-13T10:16:13","slug":"politica-de-privacitat","status":"publish","type":"page","link":"https:\/\/biobrots.cat\/fr\/politica-de-privacitat\/","title":{"rendered":"POL\u00cdTICA DE PRIVACITAT"},"content":{"rendered":"<p>1. POLITIQUE DE LIENS ET EXCLUSION DE RESPONSABILIT\u00c9<br \/>\nBIO BROTS SLU. n&rsquo;est pas responsable du contenu des pages Web auxquelles l&rsquo;utilisateur peut acc\u00e9der via les liens \u00e9tablis sur ses sites Web et d\u00e9clare qu&rsquo;en aucun cas il n&rsquo;examinera ni n&rsquo;exercera aucun type de contr\u00f4le sur le contenu d&rsquo;autres pages Web. De m\u00eame, il ne garantit pas la disponibilit\u00e9 technique, l&rsquo;exactitude, la v\u00e9racit\u00e9, la validit\u00e9 ou la l\u00e9galit\u00e9 des pages qui ne lui appartiennent pas et qui sont accessibles via les liens. BIO BROTS SLU d\u00e9clare avoir pris toutes les mesures n\u00e9cessaires pour \u00e9viter tout dommage pouvant d\u00e9couler de la navigation sur ses pages Web. Par cons\u00e9quent, BIO BROTS SLU n&rsquo;est en aucun cas responsable des dommages que l&rsquo;Utilisateur pourrait subir du fait de la navigation sur Internet. BIO BROTS SLU n&rsquo;est pas responsable des dommages de toute nature caus\u00e9s \u00e0 l&rsquo;Utilisateur qui provoquent des erreurs ou des d\u00e9connexions dans les r\u00e9seaux de t\u00e9l\u00e9communications qui provoquent la suspension, l&rsquo;annulation ou l&rsquo;interruption du service du site Web pendant la fourniture de celui-ci ou ant\u00e9rieurement. Acc\u00e8s au site Internet : n&rsquo;implique pas l&rsquo;obligation de la part de la soci\u00e9t\u00e9 de contr\u00f4ler l&rsquo;absence de virus ou de tout autre \u00e9l\u00e9ment informatique nuisible. Dans tous les cas, l&rsquo;Utilisateur est responsable de la disponibilit\u00e9 d&rsquo;outils appropri\u00e9s pour la d\u00e9tection et la d\u00e9sinfection des programmes informatiques nuisibles. BIO BROTS SLU n&rsquo;est pas responsable des dommages caus\u00e9s \u00e0 l&rsquo;\u00e9quipement informatique, aux documents et\/ou fichiers des Utilisateurs ou de tiers lors de la fourniture du service sur le Portail.<\/p>\n<p>2. PUBLICIT\u00c9<br \/>\nLe Web : peut h\u00e9berger de la publicit\u00e9 ou du contenu sponsoris\u00e9. Les annonceurs ou sponsors sont seuls responsables de s&rsquo;assurer que le mat\u00e9riel soumis pour inclusion sur le Web est conforme aux lois qui peuvent s&rsquo;appliquer dans chaque cas. BIO BROTS SLU ne sera pas responsable de toute erreur, inexactitude ou irr\u00e9gularit\u00e9 qui pourrait \u00eatre contenue dans la publicit\u00e9 ou le contenu du sponsor.<\/p>\n<p>3. MODIFICATIONS<br \/>\nBIO BROTS SLU se r\u00e9serve le droit d&rsquo;apporter les modifications qu&rsquo;elle jugera appropri\u00e9es, sans pr\u00e9avis, au contenu de ses sites Web, tant en ce qui concerne le contenu des sites Web que ses conditions d&rsquo;utilisation ou les conditions g\u00e9n\u00e9rales de contrat. Ces modifications peuvent \u00eatre effectu\u00e9es, via leurs sites Web, sous toute forme l\u00e9galement autoris\u00e9e et seront obligatoires jusqu&rsquo;\u00e0 leur publication sur le site Web et jusqu&rsquo;\u00e0 ce qu&rsquo;elles soient modifi\u00e9es ult\u00e9rieurement par d&rsquo;autres.<\/p>\n<p>4. R\u00c9SERVATION DE COOKIES<br \/>\nBIO BROTS SLU se r\u00e9serve le droit d&rsquo;utiliser des cookies dans la navigation de l&rsquo;utilisateur sur ses sites Web pour faciliter la personnalisation et la commodit\u00e9 de la navigation. Conform\u00e9ment \u00e0 la politique de protection des donn\u00e9es de l&rsquo;entreprise, BIO BROTS SLU informe que les cookies sont associ\u00e9s \u00e0 l&rsquo;utilisateur anonyme et \u00e0 son ordinateur et ne fournissent par eux-m\u00eames ni le nom ni le pr\u00e9nom de l&rsquo;utilisateur. L&rsquo;Utilisateur a la possibilit\u00e9 de configurer son navigateur pour qu&rsquo;il soit inform\u00e9 de la r\u00e9ception de cookies, avec la possibilit\u00e9, s&rsquo;il le souhaite, d&#8217;emp\u00eacher leur installation sur son disque dur. Cependant, pour acc\u00e9der aux sites Web de BROTS DE VI SLU, il n&rsquo;est pas obligatoire d&rsquo;installer des cookies. L&rsquo;Utilisateur s&rsquo;engage \u00e0 s&rsquo;abstenir de reproduire, copier, distribuer, mettre \u00e0 disposition ou de toute autre mani\u00e8re communiquer publiquement, transformer ou modifier le Contenu, \u00e0 moins d&rsquo;avoir l&rsquo;autorisation du titulaire des droits correspondants ou que cela r\u00e9sulte l\u00e9galement autoris\u00e9.<\/p>\n<p>5. PROTECTION DES DONN\u00c9ES PERSONNELLES<br \/>\nConform\u00e9ment aux dispositions de la Loi Organique et du R\u00e8glement G\u00e9n\u00e9ral -UE- 2016\/679 du Parlement et du Conseil de l&rsquo;Europe sur la protection des donn\u00e9es personnelles, approuv\u00e9s le 27 avril 2016, BIO BROTS SLU informe les Utilisateurs de ses sites Internet que nous sommes tenus de garder le secret professionnel des donn\u00e9es personnelles collect\u00e9es par l&rsquo;entreprise \u00e0 travers les formulaires situ\u00e9s sur ses pages, cette obligation perdurera m\u00eame apr\u00e8s la fin de notre relation commerciale ou contractuelle, et en aucun cas nous ne pourrons rendre publiques les donn\u00e9es personnelles des visiteurs et les clients sur le site Web sans leur consentement, les personnes de moins de 13 ans ne peuvent pas donner leur consentement \u00e0 ce qu&rsquo;une entreprise collecte et traite leurs donn\u00e9es personnelles\u00a0; seuls leurs repr\u00e9sentants l\u00e9gaux (parents ou tuteurs) peuvent le faire en leur nom. Les entreprises qui doivent traiter les donn\u00e9es d&rsquo;enfants de moins de 13 ans doivent avoir les moyens d&rsquo;obtenir le consentement de leurs parents ou tuteurs, par exemple par le biais d&rsquo;un e-mail adress\u00e9 \u00e0 l&rsquo;un d&rsquo;eux contenant un lien vers un formulaire \u00e9lectronique. Il n&rsquo;est pas possible de demander des informations familiales aux enfants de moins de 13 ans, \u00e0 la seule exception de l&rsquo;identification et des coordonn\u00e9es des parents ou tuteurs. Ces donn\u00e9es seront saisies dans un fichier automatis\u00e9 sous la responsabilit\u00e9 de l&rsquo;administrateur web de BIO BROTS SLU afin de faciliter, acc\u00e9l\u00e9rer et remplir les engagements \u00e9tablis entre les deux parties. En outre, BIO BROTS SLU informe de la possibilit\u00e9 d&rsquo;exercer des droits d&rsquo;acc\u00e8s, ce qui permet \u00e0 l&rsquo;utilisateur web de conna\u00eetre les donn\u00e9es personnelles dont dispose l&rsquo;administrateur de cette page et dans ce cas de r\u00e9pondre dans un d\u00e9lai de 30 jours, \u00e0 condition de conserver les donn\u00e9es, rectification, qui permet de corriger des erreurs, de modifier des donn\u00e9es inexactes ou incompl\u00e8tes et de garantir la certitude des informations, opposition, que vous pouvez demander et obtenir de ne pas proc\u00e9der \u00e0 des traitements de donn\u00e9es, suppression, qui permet de supprimer des donn\u00e9es inappropri\u00e9es ou excessives, limitation , gr\u00e2ce auquel vous pouvez demander que le traitement de vos donn\u00e9es soit limit\u00e9 lorsque vous avez exerc\u00e9 votre droit \u00e0 la rectification de vos donn\u00e9es personnelles, et \u00e0 la portabilit\u00e9, car l&rsquo;Utilisateur peut obtenir une copie des donn\u00e9es personnelles qu&rsquo;il a fournies sur le site afin d&rsquo;\u00eatre en mesure de les transmettre \u00e0 d&rsquo;autres services, ces droits peuvent \u00eatre exerc\u00e9s par tout moyen permettant d&rsquo;enregistrer leur envoi et leur r\u00e9ception \u00e0 l&rsquo;adresse : Ave. San Francisco, 21 2sur B, . Code postal: 17003 Ville: GIRONA Province: GIRONA. L&rsquo;adresse e-mail de contact est : info@brotsdevi.cat en fournissant une photocopie du DNI ou un document alternatif prouvant votre identit\u00e9. Tant que vous ne nous dites pas le contraire, nous comprendrons que vos donn\u00e9es n&rsquo;ont pas \u00e9t\u00e9 modifi\u00e9es, que vous vous engagez \u00e0 nous signaler toute variation et que nous avons consenti \u00e0 les utiliser afin de renforcer la relation entre les parties. L&rsquo;envoi de vos donn\u00e9es via le(s) formulaire(s) de notre site Web sera soumis au fait que vous ayez lu\/accept\u00e9 la politique de confidentialit\u00e9, via une case \u00e0 cocher obligatoire au bas du formulaire. Conform\u00e9ment aux dispositions de la loi 34\/2002, Services de la soci\u00e9t\u00e9 de l&rsquo;information et du commerce \u00e9lectronique dans son article 21, nous demandons votre consentement pour pouvoir r\u00e9aliser des communications publicitaires que nous consid\u00e9rons comme susceptibles de vous int\u00e9resser, par e- par courrier ou par tout autre moyen de communication \u00e9lectronique \u00e9quivalent, ce consentement sera accept\u00e9 ou refus\u00e9 avec une case \u00e0 cocher obligatoire en bas du formulaire.<\/p>\n<p>6. PROPRI\u00c9T\u00c9 INTELLECTUELLE<br \/>\nLes droits de propri\u00e9t\u00e9 intellectuelle et industrielle d\u00e9riv\u00e9s de tous les textes, images, ainsi que les moyens et formes de pr\u00e9sentation et d&rsquo;assemblage de ses pages appartiennent, seuls ou en qualit\u00e9 de cessionnaire, \u00e0 BIO BROTS SLU, les \u0153uvres seront donc prot\u00e9g\u00e9es par la propri\u00e9t\u00e9 intellectuelle. par le syst\u00e8me juridique espagnol et peuvent leur \u00eatre appliqu\u00e9es les r\u00e9glementations espagnoles et communautaires dans ce domaine, ainsi que les trait\u00e9s internationaux en la mati\u00e8re et sign\u00e9s par l&rsquo;Espagne. Tous droits r\u00e9serv\u00e9s. Conform\u00e9ment \u00e0 la loi sur la propri\u00e9t\u00e9 intellectuelle, la reproduction, la distribution, la communication publique et l&rsquo;utilisation de tout ou partie du contenu de ses pages Web sont express\u00e9ment interdites sans le consentement explicite de BIO BROTS SLU. De m\u00eame, BIO BROTS SLU se r\u00e9serve le droit de d\u00e9poser les actions civiles ou p\u00e9nales qu&rsquo;il juge appropri\u00e9es pour une utilisation inappropri\u00e9e de ses pages Web et de son contenu ou pour violation des pr\u00e9sentes conditions.<\/p>\n<p>7. SCEAU DE CONFIANCE<br \/>\nLes sceaux de confiance sont des signes distinctifs fournis aux boutiques en ligne pour d\u00e9montrer leur qualit\u00e9 et leur s\u00e9curit\u00e9 dans les ventes en ligne. Afin d&rsquo;obtenir le sceau, ceux-ci sont audit\u00e9s ou \u00e9valu\u00e9s pour v\u00e9rifier qu&rsquo;ils r\u00e9pondent aux crit\u00e8res de s\u00e9curit\u00e9 lors de l&rsquo;achat et de conformit\u00e9 l\u00e9gale. Les magasins b\u00e9n\u00e9ficiant d\u2019un sceau de confiance adh\u00e8rent \u00e0 un code de conduite et proposent g\u00e9n\u00e9ralement aux consommateurs des proc\u00e9dures alternatives de r\u00e9solution des litiges simples, rapides et pratiques.<\/p>\n<p>8. CERTIFICATS DE CONFORMIT\u00c9 LSSI-CE ET PROTECTION DES DONN\u00c9ES<br \/>\nest conforme \u00e0 la r\u00e9glementation en vigueur sur la Protection des Donn\u00e9es et \u00e0 la LSSI-CE, et a \u00e9t\u00e9 conseill\u00e9e sur cette r\u00e9glementation, c&rsquo;est pourquoi elle se voit d\u00e9livrer deux certificats au format image num\u00e9rique afin de pouvoir les afficher sur son site Internet.<\/p>\n<p>9. ACTIONS JUDICIAIRES, L\u00c9GISLATION APPLICABLE ET JURIDICTION<br \/>\nLa relation entre l&rsquo;Utilisateur et BIO BROTS SLU sera r\u00e9gie par la r\u00e9glementation espagnole en vigueur et les tribunaux de GIRONA seront comp\u00e9tents pour trancher tout litige pouvant survenir entre l&rsquo;Utilisateur et BIO BROTS SLU.<\/p>\n","protected":false},"excerpt":{"rendered":"<p>1. POLITIQUE DE LIENS ET EXCLUSION DE RESPONSABILIT\u00c9 BIO BROTS SLU. n&rsquo;est pas responsable du contenu des pages Web auxquelles l&rsquo;utilisateur peut acc\u00e9der via les liens \u00e9tablis sur ses sites Web et d\u00e9clare qu&rsquo;en aucun cas il n&rsquo;examinera ni n&rsquo;exercera aucun type de contr\u00f4le sur le contenu d&rsquo;autres pages Web. De m\u00eame, il ne garantit [&hellip;]<\/p>\n","protected":false},"author":1,"featured_media":0,"parent":0,"menu_order":0,"comment_status":"closed","ping_status":"closed","template":"","meta":{"footnotes":""},"class_list":["post-15637","page","type-page","status-publish","hentry"],"_links":{"self":[{"href":"https:\/\/biobrots.cat\/fr\/wp-json\/wp\/v2\/pages\/15637","targetHints":{"allow":["GET"]}}],"collection":[{"href":"https:\/\/biobrots.cat\/fr\/wp-json\/wp\/v2\/pages"}],"about":[{"href":"https:\/\/biobrots.cat\/fr\/wp-json\/wp\/v2\/types\/page"}],"author":[{"embeddable":true,"href":"https:\/\/biobrots.cat\/fr\/wp-json\/wp\/v2\/users\/1"}],"replies":[{"embeddable":true,"href":"https:\/\/biobrots.cat\/fr\/wp-json\/wp\/v2\/comments?post=15637"}],"version-history":[{"count":3,"href":"https:\/\/biobrots.cat\/fr\/wp-json\/wp\/v2\/pages\/15637\/revisions"}],"predecessor-version":[{"id":15965,"href":"https:\/\/biobrots.cat\/fr\/wp-json\/wp\/v2\/pages\/15637\/revisions\/15965"}],"wp:attachment":[{"href":"https:\/\/biobrots.cat\/fr\/wp-json\/wp\/v2\/media?parent=15637"}],"curies":[{"name":"wp","href":"https:\/\/api.w.org\/{rel}","templated":true}]}}