{"id":15601,"date":"2023-04-02T18:52:40","date_gmt":"2023-04-02T16:52:40","guid":{"rendered":"https:\/\/biobrots.cat\/contact-us\/"},"modified":"2024-08-14T10:16:42","modified_gmt":"2024-08-14T08:16:42","slug":"contact-us","status":"publish","type":"page","link":"https:\/\/biobrots.cat\/fr\/contact-us\/","title":{"rendered":"Contact"},"content":{"rendered":"\t\t<div data-elementor-type=\"wp-page\" data-elementor-id=\"15601\" class=\"elementor elementor-15601 elementor-6600\" data-elementor-post-type=\"page\">\n\t\t\t\t\t\t<section class=\"elementor-section elementor-top-section elementor-element elementor-element-6b39c50 elementor-section-full_width qodef-elementor-content-grid elementor-section-height-default elementor-section-height-default\" data-id=\"6b39c50\" data-element_type=\"section\" data-e-type=\"section\">\n\t\t\t\t\t\t<div class=\"elementor-container elementor-column-gap-custom\">\n\t\t\t\t\t<div class=\"elementor-column elementor-col-50 elementor-top-column elementor-element elementor-element-fc3c473\" data-id=\"fc3c473\" data-element_type=\"column\" data-e-type=\"column\">\n\t\t\t<div class=\"elementor-widget-wrap elementor-element-populated\">\n\t\t\t\t\t\t<div class=\"elementor-element elementor-element-56d4df0 elementor-widget elementor-widget-heading\" data-id=\"56d4df0\" data-element_type=\"widget\" data-e-type=\"widget\" data-widget_type=\"heading.default\">\n\t\t\t\t<div class=\"elementor-widget-container\">\n\t\t\t\t\t<h1 class=\"elementor-heading-title elementor-size-default\">Votre supermarch\u00e9 bio \u00e0 G\u00e9rone<\/h1>\t\t\t\t<\/div>\n\t\t\t\t<\/div>\n\t\t\t\t<div class=\"elementor-element elementor-element-b9168c6 elementor-widget elementor-widget-text-editor\" data-id=\"b9168c6\" data-element_type=\"widget\" data-e-type=\"widget\" data-widget_type=\"text-editor.default\">\n\t\t\t\t<div class=\"elementor-widget-container\">\n\t\t\t\t\t\t\t\t\t<p class=\"p1\">Chez Bio Brots, le th\u00e9 s&rsquo;est r\u00e9v\u00e9l\u00e9 fondamental. Si vous avez des questions, des suggestions ou souhaitez simplement partager vos exp\u00e9riences avec nous, n&rsquo;h\u00e9sitez pas \u00e0 nous contacter. Notre \u00e9quipe est l\u00e0 pour vous servir.<\/p>\t\t\t\t\t\t\t\t<\/div>\n\t\t\t\t<\/div>\n\t\t\t\t<section class=\"elementor-section elementor-inner-section elementor-element elementor-element-ddca651 elementor-section-full_width elementor-section-height-default elementor-section-height-default\" data-id=\"ddca651\" data-element_type=\"section\" data-e-type=\"section\">\n\t\t\t\t\t\t<div class=\"elementor-container elementor-column-gap-default\">\n\t\t\t\t\t<div class=\"elementor-column elementor-col-50 elementor-inner-column elementor-element elementor-element-5c836c4\" data-id=\"5c836c4\" data-element_type=\"column\" data-e-type=\"column\">\n\t\t\t<div class=\"elementor-widget-wrap elementor-element-populated\">\n\t\t\t\t\t\t<div class=\"elementor-element elementor-element-babea83 elementor-widget elementor-widget-agraria_core_section_title\" data-id=\"babea83\" data-element_type=\"widget\" data-e-type=\"widget\" data-widget_type=\"agraria_core_section_title.default\">\n\t\t\t\t<div class=\"elementor-widget-container\">\n\t\t\t\t\t<div class=\"qodef-shortcode qodef-m  qodef-section-title qodef-alignment--left \">\n\t\t\t\t<h6 class=\"qodef-m-title\" >\n\t\t\t\t\tO\u00f9 nous trouver\t\t\t<\/h6>\n\t\t<\/div>\n\t\t\t\t<\/div>\n\t\t\t\t<\/div>\n\t\t\t\t<div class=\"elementor-element elementor-element-7499e11 elementor-widget elementor-widget-text-editor\" data-id=\"7499e11\" data-element_type=\"widget\" data-e-type=\"widget\" data-widget_type=\"text-editor.default\">\n\t\t\t\t<div class=\"elementor-widget-container\">\n\t\t\t\t\t\t\t\t\t<p><a href=\"https:\/\/goo.gl\/maps\/cTSa6YmW2vHXk78Q8\" target=\"_blank\" rel=\"noopener\">C. Creu 24, bxs &#8211; 17002 Girona<\/a><\/p>\t\t\t\t\t\t\t\t<\/div>\n\t\t\t\t<\/div>\n\t\t\t\t<div class=\"elementor-element elementor-element-912c03e elementor-widget elementor-widget-text-editor\" data-id=\"912c03e\" data-element_type=\"widget\" data-e-type=\"widget\" data-widget_type=\"text-editor.default\">\n\t\t\t\t<div class=\"elementor-widget-container\">\n\t\t\t\t\t\t\t\t\t<p class=\"p1\">Pour un achat sup\u00e9rieur \u00e0 30\u20ac, nous vous offrirons 30 minutes de parking gratuit dans la m\u00eame rue (carrer de la creu), juste en face du supermarch\u00e9.<span class=\"Apple-converted-space\">\u00a0<\/span><\/p>\t\t\t\t\t\t\t\t<\/div>\n\t\t\t\t<\/div>\n\t\t\t\t<div class=\"elementor-element elementor-element-5f35c03 elementor-widget elementor-widget-agraria_core_button\" data-id=\"5f35c03\" data-element_type=\"widget\" data-e-type=\"widget\" data-widget_type=\"agraria_core_button.default\">\n\t\t\t\t<div class=\"elementor-widget-container\">\n\t\t\t\t\t<a class=\"qodef-shortcode qodef-m  qodef-button qodef-layout--textual  qodef-html--link\" href=\"https:\/\/goo.gl\/maps\/cTSa6YmW2vHXk78Q8\" target=\"_blank\"  >\n\t<span class=\"qodef-m-text\">aller<\/span>\n    <span class=\"qodef-m-icon\"><svg class=\"qodef-svg--button-arrow\" xmlns=\"http:\/\/www.w3.org\/2000\/svg\" width=\"15.494\" height=\"14.228\" viewBox=\"0 0 15.494 14.228\"><path d=\"m8.77664801 1.48433105 5.65685425 5.65685425L8.776648 12.79803955\"\/><path d=\"M13.478201 7.11360813H.75027894\"\/><\/svg><\/span>\n<\/a>\n\t\t\t\t<\/div>\n\t\t\t\t<\/div>\n\t\t\t\t\t<\/div>\n\t\t<\/div>\n\t\t\t\t<div class=\"elementor-column elementor-col-50 elementor-inner-column elementor-element elementor-element-99874c7\" data-id=\"99874c7\" data-element_type=\"column\" data-e-type=\"column\">\n\t\t\t<div class=\"elementor-widget-wrap elementor-element-populated\">\n\t\t\t\t\t\t<div class=\"elementor-element elementor-element-81fd4d2 elementor-widget elementor-widget-agraria_core_section_title\" data-id=\"81fd4d2\" data-element_type=\"widget\" data-e-type=\"widget\" data-widget_type=\"agraria_core_section_title.default\">\n\t\t\t\t<div class=\"elementor-widget-container\">\n\t\t\t\t\t<div class=\"qodef-shortcode qodef-m  qodef-section-title qodef-alignment--left \">\n\t\t\t\t<h6 class=\"qodef-m-title\" >\n\t\t\t\t\tContact\t\t\t<\/h6>\n\t\t<\/div>\n\t\t\t\t<\/div>\n\t\t\t\t<\/div>\n\t\t\t\t<div class=\"elementor-element elementor-element-a4df790 elementor-widget elementor-widget-text-editor\" data-id=\"a4df790\" data-element_type=\"widget\" data-e-type=\"widget\" data-widget_type=\"text-editor.default\">\n\t\t\t\t<div class=\"elementor-widget-container\">\n\t\t\t\t\t\t\t\t\t<p><a href=\"telto:972 20 90 90\" target=\"_blank\" rel=\"noopener\"> 972 209 090 <\/a><\/p>\t\t\t\t\t\t\t\t<\/div>\n\t\t\t\t<\/div>\n\t\t\t\t<div class=\"elementor-element elementor-element-e34f4fc elementor-widget elementor-widget-text-editor\" data-id=\"e34f4fc\" data-element_type=\"widget\" data-e-type=\"widget\" data-widget_type=\"text-editor.default\">\n\t\t\t\t<div class=\"elementor-widget-container\">\n\t\t\t\t\t\t\t\t\t<p><a href=\"mailto:bio@biobrots.cat\">bio@biobrots.cat<\/a><\/p>\t\t\t\t\t\t\t\t<\/div>\n\t\t\t\t<\/div>\n\t\t\t\t\t<\/div>\n\t\t<\/div>\n\t\t\t\t\t<\/div>\n\t\t<\/section>\n\t\t\t\t\t<\/div>\n\t\t<\/div>\n\t\t\t\t<div class=\"elementor-column elementor-col-50 elementor-top-column elementor-element elementor-element-5c0ad35\" data-id=\"5c0ad35\" data-element_type=\"column\" data-e-type=\"column\">\n\t\t\t<div class=\"elementor-widget-wrap elementor-element-populated\">\n\t\t\t\t\t\t<div class=\"elementor-element elementor-element-ab4e48d elementor-widget elementor-widget-agraria_core_section_title\" data-id=\"ab4e48d\" data-element_type=\"widget\" data-e-type=\"widget\" data-widget_type=\"agraria_core_section_title.default\">\n\t\t\t\t<div class=\"elementor-widget-container\">\n\t\t\t\t\t<div class=\"qodef-shortcode qodef-m  qodef-section-title qodef-alignment--left \">\n\t\t\t\t<h3 class=\"qodef-m-title\" >\n\t\t\t\t\tCONTACT\t\t\t<\/h3>\n\t\t<\/div>\n\t\t\t\t<\/div>\n\t\t\t\t<\/div>\n\t\t\t\t<div class=\"elementor-element elementor-element-323e8d8 elementor-widget elementor-widget-wp-widget-agraria_core_contact_form_7\" data-id=\"323e8d8\" data-element_type=\"widget\" data-e-type=\"widget\" data-widget_type=\"wp-widget-agraria_core_contact_form_7.default\">\n\t\t\t\t<div class=\"elementor-widget-container\">\n\t\t\t\t\t\t\t\t<div class=\"qodef-contact-form-7\">\n\t\t\t\t\n<div class=\"wpcf7 no-js\" id=\"wpcf7-f15730-o1\" lang=\"en-US\" dir=\"ltr\" data-wpcf7-id=\"15730\">\n<div class=\"screen-reader-response\"><p role=\"status\" aria-live=\"polite\" aria-atomic=\"true\"><\/p> <ul><\/ul><\/div>\n<form action=\"\/fr\/wp-json\/wp\/v2\/pages\/15601#wpcf7-f15730-o1\" method=\"post\" class=\"wpcf7-form init\" aria-label=\"Contact form\" novalidate=\"novalidate\" data-status=\"init\">\n<fieldset class=\"hidden-fields-container\"><input type=\"hidden\" name=\"_wpcf7\" value=\"15730\" \/><input type=\"hidden\" name=\"_wpcf7_version\" value=\"6.1.5\" \/><input type=\"hidden\" name=\"_wpcf7_locale\" value=\"en_US\" \/><input type=\"hidden\" name=\"_wpcf7_unit_tag\" value=\"wpcf7-f15730-o1\" \/><input type=\"hidden\" name=\"_wpcf7_container_post\" value=\"0\" \/><input type=\"hidden\" name=\"_wpcf7_posted_data_hash\" value=\"\" \/><input type=\"hidden\" name=\"_wpcf7_recaptcha_response\" value=\"\" \/>\n<\/fieldset>\n<div class=\"qodef-contact-form-style\"><span class=\"wpcf7-form-control-wrap\" data-name=\"your-name\"><input size=\"40\" maxlength=\"400\" class=\"wpcf7-form-control wpcf7-text wpcf7-validates-as-required\" aria-required=\"true\" aria-invalid=\"false\" placeholder=\"Nom\" value=\"\" type=\"text\" name=\"your-name\" \/><\/span><span class=\"wpcf7-form-control-wrap\" data-name=\"your-email\"><input size=\"40\" maxlength=\"400\" class=\"wpcf7-form-control wpcf7-email wpcf7-text wpcf7-validates-as-email\" aria-invalid=\"false\" placeholder=\"Email\" value=\"\" type=\"email\" name=\"your-email\" \/><\/span><span class=\"wpcf7-form-control-wrap\" data-name=\"your-message\"><textarea cols=\"40\" rows=\"5\" maxlength=\"2000\" class=\"wpcf7-form-control wpcf7-textarea wpcf7-validates-as-required\" aria-required=\"true\" aria-invalid=\"false\" placeholder=\"Message\" name=\"your-message\"><\/textarea><\/span><button class=\"wpcf7-form-control wpcf7-submit qodef-button qodef-size--normal qodef-layout--filled qodef-m\" type=\"submit\"><span class=\"qodef-m-text\">Envoyer<\/span><span class=\"qodef-m-icon\"><svg class=\"qodef-svg--button-arrow\" xmlns=\"http:\/\/www.w3.org\/2000\/svg\" width=\"15.494\" height=\"14.228\" viewBox=\"0 0 15.494 14.228\"><path d=\"m8.77664801 1.48433105 5.65685425 5.65685425L8.776648 12.79803955\"\/><path d=\"M13.478201 7.11360813H.75027894\"\/><\/svg><\/span><\/button><\/div><div class=\"wpcf7-response-output\" aria-hidden=\"true\"><\/div>\n<\/form>\n<\/div>\n\t\t\t<\/div>\n\t\t\t\t\t\t\t<\/div>\n\t\t\t\t<\/div>\n\t\t\t\t\t<\/div>\n\t\t<\/div>\n\t\t\t\t\t<\/div>\n\t\t<\/section>\n\t\t\t\t<section class=\"elementor-section elementor-top-section elementor-element elementor-element-d53dc29 elementor-section-full_width qodef-elementor-content-grid elementor-section-height-default elementor-section-height-default\" data-id=\"d53dc29\" data-element_type=\"section\" data-e-type=\"section\" data-settings=\"{&quot;background_background&quot;:&quot;video&quot;,&quot;background_video_link&quot;:&quot;https:\\\/\\\/biobrots.cat\\\/wp-content\\\/uploads\\\/2023\\\/08\\\/farmer-watering-a-vegetable-garden-2022-10-12-23-54-25-utc_compressed.mp4&quot;,&quot;background_play_on_mobile&quot;:&quot;yes&quot;}\">\n\t\t\t\t\t\t\t\t<div class=\"elementor-background-video-container\">\n\t\t\t\t\t\t\t\t\t\t\t\t\t<video class=\"elementor-background-video-hosted\" role=\"presentation\" autoplay muted playsinline loop><\/video>\n\t\t\t\t\t\t\t\t\t\t\t<\/div>\n\t\t\t\t\t\t\t\t<div class=\"elementor-container elementor-column-gap-default\">\n\t\t\t\t\t<div class=\"elementor-column elementor-col-100 elementor-top-column elementor-element elementor-element-279391e\" data-id=\"279391e\" data-element_type=\"column\" data-e-type=\"column\">\n\t\t\t<div class=\"elementor-widget-wrap elementor-element-populated\">\n\t\t\t\t\t\t<div class=\"elementor-element elementor-element-b598408 elementor-widget elementor-widget-agraria_core_section_title\" data-id=\"b598408\" data-element_type=\"widget\" data-e-type=\"widget\" data-widget_type=\"agraria_core_section_title.default\">\n\t\t\t\t<div class=\"elementor-widget-container\">\n\t\t\t\t\t<div class=\"qodef-shortcode qodef-m  qodef-section-title qodef-alignment--left \">\n\t\t\t\t<h2 class=\"qodef-m-title\" style=\"color: #FFFFFF\">\n\t\t\t\t\tDe la<br \/> terra al plat\t\t\t<\/h2>\n\t\t<\/div>\n\t\t\t\t<\/div>\n\t\t\t\t<\/div>\n\t\t\t\t\t<\/div>\n\t\t<\/div>\n\t\t\t\t\t<\/div>\n\t\t<\/section>\n\t\t\t\t<\/div>\n\t\t","protected":false},"excerpt":{"rendered":"<p>Votre supermarch\u00e9 bio \u00e0 G\u00e9rone Chez Bio Brots, le th\u00e9 s&rsquo;est r\u00e9v\u00e9l\u00e9 fondamental. Si vous avez des questions, des suggestions ou souhaitez simplement partager vos exp\u00e9riences avec nous, n&rsquo;h\u00e9sitez pas \u00e0 nous contacter. Notre \u00e9quipe est l\u00e0 pour vous servir. O\u00f9 nous trouver C. Creu 24, bxs &#8211; 17002 Girona Pour un achat sup\u00e9rieur \u00e0 [&hellip;]<\/p>\n","protected":false},"author":1,"featured_media":0,"parent":0,"menu_order":0,"comment_status":"closed","ping_status":"closed","template":"page-full-width.php","meta":{"footnotes":""},"class_list":["post-15601","page","type-page","status-publish","hentry"],"_links":{"self":[{"href":"https:\/\/biobrots.cat\/fr\/wp-json\/wp\/v2\/pages\/15601","targetHints":{"allow":["GET"]}}],"collection":[{"href":"https:\/\/biobrots.cat\/fr\/wp-json\/wp\/v2\/pages"}],"about":[{"href":"https:\/\/biobrots.cat\/fr\/wp-json\/wp\/v2\/types\/page"}],"author":[{"embeddable":true,"href":"https:\/\/biobrots.cat\/fr\/wp-json\/wp\/v2\/users\/1"}],"replies":[{"embeddable":true,"href":"https:\/\/biobrots.cat\/fr\/wp-json\/wp\/v2\/comments?post=15601"}],"version-history":[{"count":8,"href":"https:\/\/biobrots.cat\/fr\/wp-json\/wp\/v2\/pages\/15601\/revisions"}],"predecessor-version":[{"id":15982,"href":"https:\/\/biobrots.cat\/fr\/wp-json\/wp\/v2\/pages\/15601\/revisions\/15982"}],"wp:attachment":[{"href":"https:\/\/biobrots.cat\/fr\/wp-json\/wp\/v2\/media?parent=15601"}],"curies":[{"name":"wp","href":"https:\/\/api.w.org\/{rel}","templated":true}]}}