{"id":15593,"date":"2023-08-11T21:45:51","date_gmt":"2023-08-11T19:45:51","guid":{"rendered":"https:\/\/biobrots.cat\/botiga\/vins-caves-champange\/"},"modified":"2024-08-14T10:29:24","modified_gmt":"2024-08-14T08:29:24","slug":"vins-caves-champange","status":"publish","type":"page","link":"https:\/\/biobrots.cat\/fr\/botiga\/vins-caves-champange\/","title":{"rendered":"VINS, CAVAS ET CHAMPAGNES"},"content":{"rendered":"\t\t<div data-elementor-type=\"wp-page\" data-elementor-id=\"15593\" class=\"elementor elementor-15593 elementor-12107\" data-elementor-post-type=\"page\">\n\t\t\t\t\t\t<section class=\"elementor-section elementor-top-section elementor-element elementor-element-45bd8e1 elementor-section-full_width qodef-elementor-content-grid elementor-section-height-default elementor-section-height-default\" data-id=\"45bd8e1\" data-element_type=\"section\" data-e-type=\"section\">\n\t\t\t\t\t\t<div class=\"elementor-container elementor-column-gap-default\">\n\t\t\t\t\t<div class=\"elementor-column elementor-col-50 elementor-top-column elementor-element elementor-element-6a36041\" data-id=\"6a36041\" data-element_type=\"column\" data-e-type=\"column\" data-settings=\"{&quot;background_background&quot;:&quot;classic&quot;}\">\n\t\t\t<div class=\"elementor-widget-wrap elementor-element-populated\">\n\t\t\t\t\t\t<div class=\"elementor-element elementor-element-f04a71b elementor-widget elementor-widget-agraria_core_separator\" data-id=\"f04a71b\" data-element_type=\"widget\" data-e-type=\"widget\" data-widget_type=\"agraria_core_separator.default\">\n\t\t\t\t<div class=\"elementor-widget-container\">\n\t\t\t\t\t<div class=\"qodef-shortcode qodef-m  qodef-separator clear qodef-position--center \">\n\t<div class=\"qodef-m-line\" style=\"border-color: #02010100\"><\/div>\n<\/div>\n\t\t\t\t<\/div>\n\t\t\t\t<\/div>\n\t\t\t\t\t<\/div>\n\t\t<\/div>\n\t\t\t\t<div class=\"elementor-column elementor-col-50 elementor-top-column elementor-element elementor-element-552a359\" data-id=\"552a359\" data-element_type=\"column\" data-e-type=\"column\">\n\t\t\t<div class=\"elementor-widget-wrap elementor-element-populated\">\n\t\t\t\t\t\t<div class=\"elementor-element elementor-element-ec80964 elementor-widget elementor-widget-heading\" data-id=\"ec80964\" data-element_type=\"widget\" data-e-type=\"widget\" data-widget_type=\"heading.default\">\n\t\t\t\t<div class=\"elementor-widget-container\">\n\t\t\t\t\t<h2 class=\"elementor-heading-title elementor-size-default\">La cave<\/h2>\t\t\t\t<\/div>\n\t\t\t\t<\/div>\n\t\t\t\t<div class=\"elementor-element elementor-element-9a0e907 elementor-widget elementor-widget-agraria_core_section_title\" data-id=\"9a0e907\" data-element_type=\"widget\" data-e-type=\"widget\" data-widget_type=\"agraria_core_section_title.default\">\n\t\t\t\t<div class=\"elementor-widget-container\">\n\t\t\t\t\t<div class=\"qodef-shortcode qodef-m  qodef-section-title qodef-alignment--left qodef-title-break--disabled\">\n\t\t\t\t<h1 class=\"qodef-m-title\" >\n\t\t\t\t\tVins, cavas,<br \/> bi\u00e8res artisanales et kombuchas\t\t\t<\/h1>\n\t\t<\/div>\n\t\t\t\t<\/div>\n\t\t\t\t<\/div>\n\t\t\t\t<div class=\"elementor-element elementor-element-93b58eb elementor-widget elementor-widget-text-editor\" data-id=\"93b58eb\" data-element_type=\"widget\" data-e-type=\"widget\" data-widget_type=\"text-editor.default\">\n\t\t\t\t<div class=\"elementor-widget-container\">\n\t\t\t\t\t\t\t\t\t<p class=\"p1\">Les vins que vous trouverez chez Bio Brots sont t\u00e9moins d\u2019histoire, tradition, illusion, effort et passion. Ce sont le r\u00e9sultat de l\u2019effort d\u2019hommes et femmes qui travaillent \u00e0 la vigne et qui suivent le vin d\u00e8s sa premi\u00e8re \u00e9tape en tant que mo\u00fbt jusqu\u2019\u00e0 sa sortie en bouteille. Le vin est partie de leur vie.<\/p><p class=\"p1\">La grandeur du vin est le reflet de sa terre d\u2019origine et de la mani\u00e8re d\u2019interpr\u00e9ter la vigne des ses vignerons. Certains de mani\u00e8re \u00e9cologiques, d\u2019autre bio dynamiques et d\u2019autres encore de la fa\u00e7on la plus naturelle possible. Ils visent tous \u00e0 que son vin sache transmettre ses origines et qu\u2019on en puisse profiter \u00e0 la fois.<\/p><p class=\"p1\">Chez Bio Brots, nous voulons vous porter des vins pour en profiter, pour apprendre, pour vous faire \u00e9motionner et surtout pour partager avec vous notre mani\u00e8re d\u2019entendre et respecter le travail des viticulteurs.<\/p>\t\t\t\t\t\t\t\t<\/div>\n\t\t\t\t<\/div>\n\t\t\t\t\t<\/div>\n\t\t<\/div>\n\t\t\t\t\t<\/div>\n\t\t<\/section>\n\t\t\t\t<section class=\"elementor-section elementor-top-section elementor-element elementor-element-a37adf2 elementor-section-full_width qodef-elementor-content-grid elementor-section-height-default elementor-section-height-default\" data-id=\"a37adf2\" data-element_type=\"section\" data-e-type=\"section\">\n\t\t\t\t\t\t<div class=\"elementor-container elementor-column-gap-default\">\n\t\t\t\t\t<div class=\"elementor-column elementor-col-50 elementor-top-column elementor-element elementor-element-baea069\" data-id=\"baea069\" data-element_type=\"column\" data-e-type=\"column\">\n\t\t\t<div class=\"elementor-widget-wrap elementor-element-populated\">\n\t\t\t\t\t\t<div class=\"elementor-element elementor-element-3206a79 elementor-widget elementor-widget-agraria_core_section_title\" data-id=\"3206a79\" data-element_type=\"widget\" data-e-type=\"widget\" data-widget_type=\"agraria_core_section_title.default\">\n\t\t\t\t<div class=\"elementor-widget-container\">\n\t\t\t\t\t<div class=\"qodef-shortcode qodef-m  qodef-section-title qodef-alignment--left qodef-title-break--disabled\">\n\t\t\t\t<h2 class=\"qodef-m-title\" >\n\t\t\t\t\tVins naturels<br \/> et cava bio \u00e0 G\u00e9rone\t\t\t<\/h2>\n\t\t<\/div>\n\t\t\t\t<\/div>\n\t\t\t\t<\/div>\n\t\t\t\t<div class=\"elementor-element elementor-element-47bfb06 elementor-widget elementor-widget-text-editor\" data-id=\"47bfb06\" data-element_type=\"widget\" data-e-type=\"widget\" data-widget_type=\"text-editor.default\">\n\t\t\t\t<div class=\"elementor-widget-container\">\n\t\t\t\t\t\t\t\t\t<p>T&rsquo;animem a explorar la nostra oferta de vins naturals i cava ecol\u00f2gic a BioBrots, el teu supermercat ecol\u00f2gic de confian\u00e7a. El nostre equip d&rsquo;experts est\u00e0 a la teva disposici\u00f3 per assessorar-te d&rsquo;acord amb els teus gustos i prefer\u00e8ncies. T&rsquo;hi esperem!<\/p>\t\t\t\t\t\t\t\t<\/div>\n\t\t\t\t<\/div>\n\t\t\t\t\t<\/div>\n\t\t<\/div>\n\t\t\t\t<div class=\"elementor-column elementor-col-50 elementor-top-column elementor-element elementor-element-9d787e3\" data-id=\"9d787e3\" data-element_type=\"column\" data-e-type=\"column\" data-settings=\"{&quot;background_background&quot;:&quot;classic&quot;}\">\n\t\t\t<div class=\"elementor-widget-wrap elementor-element-populated\">\n\t\t\t\t\t\t<div class=\"elementor-element elementor-element-59453f2 elementor-widget elementor-widget-agraria_core_separator\" data-id=\"59453f2\" data-element_type=\"widget\" data-e-type=\"widget\" data-widget_type=\"agraria_core_separator.default\">\n\t\t\t\t<div class=\"elementor-widget-container\">\n\t\t\t\t\t<div class=\"qodef-shortcode qodef-m  qodef-separator clear qodef-position--center \">\n\t<div class=\"qodef-m-line\" style=\"border-color: #02010100\"><\/div>\n<\/div>\n\t\t\t\t<\/div>\n\t\t\t\t<\/div>\n\t\t\t\t\t<\/div>\n\t\t<\/div>\n\t\t\t\t\t<\/div>\n\t\t<\/section>\n\t\t\t\t<section class=\"elementor-section elementor-top-section elementor-element elementor-element-94744a1 elementor-section-full_width qodef-elementor-content-grid elementor-section-height-default elementor-section-height-default\" data-id=\"94744a1\" data-element_type=\"section\" data-e-type=\"section\">\n\t\t\t\t\t\t<div class=\"elementor-container elementor-column-gap-default\">\n\t\t\t\t\t<div class=\"elementor-column elementor-col-50 elementor-top-column elementor-element elementor-element-3f3050b\" data-id=\"3f3050b\" data-element_type=\"column\" data-e-type=\"column\" data-settings=\"{&quot;background_background&quot;:&quot;classic&quot;}\">\n\t\t\t<div class=\"elementor-widget-wrap elementor-element-populated\">\n\t\t\t\t\t\t<div class=\"elementor-element elementor-element-af82d5e elementor-widget elementor-widget-agraria_core_separator\" data-id=\"af82d5e\" data-element_type=\"widget\" data-e-type=\"widget\" data-widget_type=\"agraria_core_separator.default\">\n\t\t\t\t<div class=\"elementor-widget-container\">\n\t\t\t\t\t<div class=\"qodef-shortcode qodef-m  qodef-separator clear qodef-position--center \">\n\t<div class=\"qodef-m-line\" style=\"border-color: #02010100\"><\/div>\n<\/div>\n\t\t\t\t<\/div>\n\t\t\t\t<\/div>\n\t\t\t\t\t<\/div>\n\t\t<\/div>\n\t\t\t\t<div class=\"elementor-column elementor-col-50 elementor-top-column elementor-element elementor-element-99607ec\" data-id=\"99607ec\" data-element_type=\"column\" data-e-type=\"column\">\n\t\t\t<div class=\"elementor-widget-wrap elementor-element-populated\">\n\t\t\t\t\t\t<div class=\"elementor-element elementor-element-27aec85 elementor-widget elementor-widget-agraria_core_section_title\" data-id=\"27aec85\" data-element_type=\"widget\" data-e-type=\"widget\" data-widget_type=\"agraria_core_section_title.default\">\n\t\t\t\t<div class=\"elementor-widget-container\">\n\t\t\t\t\t<div class=\"qodef-shortcode qodef-m  qodef-section-title qodef-alignment--left qodef-title-break--disabled\">\n\t\t\t\t<h2 class=\"qodef-m-title\" >\n\t\t\t\t\tcave \u00e0<br \/> la maison\t\t\t<\/h2>\n\t\t<\/div>\n\t\t\t\t<\/div>\n\t\t\t\t<\/div>\n\t\t\t\t<div class=\"elementor-element elementor-element-02edd57 elementor-widget elementor-widget-text-editor\" data-id=\"02edd57\" data-element_type=\"widget\" data-e-type=\"widget\" data-widget_type=\"text-editor.default\">\n\t\t\t\t<div class=\"elementor-widget-container\">\n\t\t\t\t\t\t\t\t\t<p class=\"p1\">Chez BioBrots, votre supermarch\u00e9 \u00e9cologique, c&rsquo;est facile. Et vous devez arriver chez vous avec les produits dont vous avez besoin pour votre bien-\u00eatre. Nous sommes le botiga \u00e9cologique de confiance, et pour aix\u00f2 et avons la possibilit\u00e9 de commander \u00e0 domicile par BioBrots chaque fois que cela est n\u00e9cessaire.<span class=\"Apple-converted-space\">\u00a0<\/span><\/p>\t\t\t\t\t\t\t\t<\/div>\n\t\t\t\t<\/div>\n\t\t\t\t<div class=\"elementor-element elementor-element-a71c885 elementor-widget elementor-widget-text-editor\" data-id=\"a71c885\" data-element_type=\"widget\" data-e-type=\"widget\" data-widget_type=\"text-editor.default\">\n\t\t\t\t<div class=\"elementor-widget-container\">\n\t\t\t\t\t\t\t\t\t<p class=\"p1\"><strong>Astuce pour plus d&rsquo;informations au +34 972 20 90 90 et des informations sur les itin\u00e9raires de distribution que les femmes.<\/strong><\/p>\t\t\t\t\t\t\t\t<\/div>\n\t\t\t\t<\/div>\n\t\t\t\t<div class=\"elementor-element elementor-element-68bf7a1 elementor-widget elementor-widget-agraria_core_button\" data-id=\"68bf7a1\" data-element_type=\"widget\" data-e-type=\"widget\" data-widget_type=\"agraria_core_button.default\">\n\t\t\t\t<div class=\"elementor-widget-container\">\n\t\t\t\t\t<a class=\"qodef-shortcode qodef-m  qodef-button qodef-layout--textual  qodef-html--link\" href=\"mailto:+34%20972%2020%2090%2090\" target=\"_self\"  >\n\t<span class=\"qodef-m-text\">appel<\/span>\n    <span class=\"qodef-m-icon\"><svg class=\"qodef-svg--button-arrow\" xmlns=\"http:\/\/www.w3.org\/2000\/svg\" width=\"15.494\" height=\"14.228\" viewBox=\"0 0 15.494 14.228\"><path d=\"m8.77664801 1.48433105 5.65685425 5.65685425L8.776648 12.79803955\"\/><path d=\"M13.478201 7.11360813H.75027894\"\/><\/svg><\/span>\n<\/a>\n\t\t\t\t<\/div>\n\t\t\t\t<\/div>\n\t\t\t\t\t<\/div>\n\t\t<\/div>\n\t\t\t\t\t<\/div>\n\t\t<\/section>\n\t\t\t\t<\/div>\n\t\t","protected":false},"excerpt":{"rendered":"<p>La cave Vins, cavas, bi\u00e8res artisanales et kombuchas Les vins que vous trouverez chez Bio Brots sont t\u00e9moins d\u2019histoire, tradition, illusion, effort et passion. Ce sont le r\u00e9sultat de l\u2019effort d\u2019hommes et femmes qui travaillent \u00e0 la vigne et qui suivent le vin d\u00e8s sa premi\u00e8re \u00e9tape en tant que mo\u00fbt jusqu\u2019\u00e0 sa sortie en [&hellip;]<\/p>\n","protected":false},"author":1,"featured_media":0,"parent":15527,"menu_order":0,"comment_status":"closed","ping_status":"closed","template":"page-full-width.php","meta":{"footnotes":""},"class_list":["post-15593","page","type-page","status-publish","hentry"],"_links":{"self":[{"href":"https:\/\/biobrots.cat\/fr\/wp-json\/wp\/v2\/pages\/15593","targetHints":{"allow":["GET"]}}],"collection":[{"href":"https:\/\/biobrots.cat\/fr\/wp-json\/wp\/v2\/pages"}],"about":[{"href":"https:\/\/biobrots.cat\/fr\/wp-json\/wp\/v2\/types\/page"}],"author":[{"embeddable":true,"href":"https:\/\/biobrots.cat\/fr\/wp-json\/wp\/v2\/users\/1"}],"replies":[{"embeddable":true,"href":"https:\/\/biobrots.cat\/fr\/wp-json\/wp\/v2\/comments?post=15593"}],"version-history":[{"count":11,"href":"https:\/\/biobrots.cat\/fr\/wp-json\/wp\/v2\/pages\/15593\/revisions"}],"predecessor-version":[{"id":16006,"href":"https:\/\/biobrots.cat\/fr\/wp-json\/wp\/v2\/pages\/15593\/revisions\/16006"}],"up":[{"embeddable":true,"href":"https:\/\/biobrots.cat\/fr\/wp-json\/wp\/v2\/pages\/15527"}],"wp:attachment":[{"href":"https:\/\/biobrots.cat\/fr\/wp-json\/wp\/v2\/media?parent=15593"}],"curies":[{"name":"wp","href":"https:\/\/api.w.org\/{rel}","templated":true}]}}