{"id":15527,"date":"2023-07-09T15:27:54","date_gmt":"2023-07-09T13:27:54","guid":{"rendered":"https:\/\/biobrots.cat\/botiga\/"},"modified":"2024-08-14T10:03:03","modified_gmt":"2024-08-14T08:03:03","slug":"botiga","status":"publish","type":"page","link":"https:\/\/biobrots.cat\/fr\/botiga\/","title":{"rendered":"Botiga"},"content":{"rendered":"\t\t<div data-elementor-type=\"wp-page\" data-elementor-id=\"15527\" class=\"elementor elementor-15527 elementor-11803\" data-elementor-post-type=\"page\">\n\t\t\t\t\t\t<section class=\"elementor-section elementor-top-section elementor-element elementor-element-342e8ab7 elementor-section-full_width qodef-elementor-content-grid elementor-section-height-default elementor-section-height-default\" data-id=\"342e8ab7\" data-element_type=\"section\" data-e-type=\"section\">\n\t\t\t\t\t\t<div class=\"elementor-container elementor-column-gap-default\">\n\t\t\t\t\t<div class=\"elementor-column elementor-col-50 elementor-top-column elementor-element elementor-element-471befc5\" data-id=\"471befc5\" data-element_type=\"column\" data-e-type=\"column\" data-settings=\"{&quot;background_background&quot;:&quot;classic&quot;}\">\n\t\t\t<div class=\"elementor-widget-wrap\">\n\t\t\t\t\t\t\t<\/div>\n\t\t<\/div>\n\t\t\t\t<div class=\"elementor-column elementor-col-50 elementor-top-column elementor-element elementor-element-52a4692a\" data-id=\"52a4692a\" data-element_type=\"column\" data-e-type=\"column\">\n\t\t\t<div class=\"elementor-widget-wrap elementor-element-populated\">\n\t\t\t\t\t\t<div class=\"elementor-element elementor-element-e6f4a4e elementor-widget elementor-widget-agraria_core_section_title\" data-id=\"e6f4a4e\" data-element_type=\"widget\" data-e-type=\"widget\" data-widget_type=\"agraria_core_section_title.default\">\n\t\t\t\t<div class=\"elementor-widget-container\">\n\t\t\t\t\t<div class=\"qodef-shortcode qodef-m  qodef-section-title qodef-alignment--left qodef-title-break--disabled\">\n\t\t\t\t<h1 class=\"qodef-m-title\" >\n\t\t\t\t\tBio<br \/> Supermarket\t\t\t<\/h1>\n\t\t<\/div>\n\t\t\t\t<\/div>\n\t\t\t\t<\/div>\n\t\t\t\t<div class=\"elementor-element elementor-element-303291a7 elementor-widget elementor-widget-text-editor\" data-id=\"303291a7\" data-element_type=\"widget\" data-e-type=\"widget\" data-widget_type=\"text-editor.default\">\n\t\t\t\t<div class=\"elementor-widget-container\">\n\t\t\t\t\t\t\t\t\t<p class=\"p1\">Chez<strong> Bio Brots<\/strong> vous pourrez trouver une s\u00e9lection de produits frais et s\u00e8ches dont le but est celui de diffuser au maximum l\u2019acc\u00e8s \u00e0 l\u2019alimentation saine.<\/p>\t\t\t\t\t\t\t\t<\/div>\n\t\t\t\t<\/div>\n\t\t\t\t<div class=\"elementor-element elementor-element-2b8e064b elementor-widget elementor-widget-text-editor\" data-id=\"2b8e064b\" data-element_type=\"widget\" data-e-type=\"widget\" data-widget_type=\"text-editor.default\">\n\t\t\t\t<div class=\"elementor-widget-container\">\n\t\t\t\t\t\t\t\t\t<p class=\"p1\">chocolats, infusions, th\u00e9s, caf\u00e9, p\u00e2tes, riz, boissons v\u00e9g\u00e9tales, macrobiotique, condiments, charcuterie, fruits et l\u00e9gumes frais, boulangerie, di\u00e9t\u00e9tique, alimentation v\u00e9g\u00e9tarienne, un endroit sans gluten, une zone de produits lact\u00e9s frais et une autre de vins et champagnes. Tous ce que vous pouvez rechercher dans un supermarch\u00e9 bio.<\/p>\t\t\t\t\t\t\t\t<\/div>\n\t\t\t\t<\/div>\n\t\t\t\t\t<\/div>\n\t\t<\/div>\n\t\t\t\t\t<\/div>\n\t\t<\/section>\n\t\t\t\t<section class=\"elementor-section elementor-top-section elementor-element elementor-element-71eab6b3 elementor-section-full_width qodef-elementor-content-grid elementor-section-height-default elementor-section-height-default\" data-id=\"71eab6b3\" data-element_type=\"section\" data-e-type=\"section\">\n\t\t\t\t\t\t<div class=\"elementor-container elementor-column-gap-default\">\n\t\t\t\t\t<div class=\"elementor-column elementor-col-25 elementor-top-column elementor-element elementor-element-1ff08b8e\" data-id=\"1ff08b8e\" data-element_type=\"column\" data-e-type=\"column\">\n\t\t\t<div class=\"elementor-widget-wrap elementor-element-populated\">\n\t\t\t\t\t\t<div class=\"elementor-element elementor-element-1f7e6985 elementor-widget__width-inherit elementor-widget elementor-widget-agraria_core_banner\" data-id=\"1f7e6985\" data-element_type=\"widget\" data-e-type=\"widget\" data-widget_type=\"agraria_core_banner.default\">\n\t\t\t\t<div class=\"elementor-widget-container\">\n\t\t\t\t\t<div class=\"qodef-shortcode qodef-m  qodef-banner qodef-layout--link-overlay \">\n\t<div class=\"qodef-m-image\" >\n\t<img fetchpriority=\"high\" decoding=\"async\" width=\"1081\" height=\"1484\" src=\"https:\/\/biobrots.cat\/wp-content\/uploads\/2023\/08\/Disseny-sense-titol-22.jpg\" class=\"attachment-full size-full\" alt=\"\" srcset=\"https:\/\/biobrots.cat\/wp-content\/uploads\/2023\/08\/Disseny-sense-titol-22.jpg 1081w, https:\/\/biobrots.cat\/wp-content\/uploads\/2023\/08\/Disseny-sense-titol-22-600x824.jpg 600w, https:\/\/biobrots.cat\/wp-content\/uploads\/2023\/08\/Disseny-sense-titol-22-219x300.jpg 219w, https:\/\/biobrots.cat\/wp-content\/uploads\/2023\/08\/Disseny-sense-titol-22-746x1024.jpg 746w, https:\/\/biobrots.cat\/wp-content\/uploads\/2023\/08\/Disseny-sense-titol-22-768x1054.jpg 768w\" sizes=\"(max-width: 1081px) 100vw, 1081px\" \/><\/div>\n\t<div class=\"qodef-m-content\">\n\t\t<div class=\"qodef-m-content-inner\" >\n\t\t\t\t\t\t\t<h3 class=\"qodef-m-title\" style=\"color: #FFFFFF\">\n\t\tCharcuterie\t<\/h3>\n\t\t\t\t\t<\/div>\n\t<\/div>\n\t<a itemprop=\"url\" href=\"https:\/\/biobrots.cat\/fr\/botiga\/carnisseria\/\" class=\"qodef-m-banner-link\" target=\"_self\"><\/a>\n\n<\/div>\n\t\t\t\t<\/div>\n\t\t\t\t<\/div>\n\t\t\t\t\t<\/div>\n\t\t<\/div>\n\t\t\t\t<div class=\"elementor-column elementor-col-25 elementor-top-column elementor-element elementor-element-1db999e8\" data-id=\"1db999e8\" data-element_type=\"column\" data-e-type=\"column\">\n\t\t\t<div class=\"elementor-widget-wrap elementor-element-populated\">\n\t\t\t\t\t\t<div class=\"elementor-element elementor-element-6c20afa8 elementor-widget__width-inherit elementor-widget elementor-widget-agraria_core_banner\" data-id=\"6c20afa8\" data-element_type=\"widget\" data-e-type=\"widget\" data-widget_type=\"agraria_core_banner.default\">\n\t\t\t\t<div class=\"elementor-widget-container\">\n\t\t\t\t\t<div class=\"qodef-shortcode qodef-m  qodef-banner qodef-layout--link-overlay \">\n\t<div class=\"qodef-m-image\" >\n\t<img decoding=\"async\" width=\"1081\" height=\"1484\" src=\"https:\/\/biobrots.cat\/wp-content\/uploads\/2023\/08\/Disseny-sense-titol-23.jpg\" class=\"attachment-full size-full\" alt=\"\" srcset=\"https:\/\/biobrots.cat\/wp-content\/uploads\/2023\/08\/Disseny-sense-titol-23.jpg 1081w, https:\/\/biobrots.cat\/wp-content\/uploads\/2023\/08\/Disseny-sense-titol-23-600x824.jpg 600w, https:\/\/biobrots.cat\/wp-content\/uploads\/2023\/08\/Disseny-sense-titol-23-219x300.jpg 219w, https:\/\/biobrots.cat\/wp-content\/uploads\/2023\/08\/Disseny-sense-titol-23-746x1024.jpg 746w, https:\/\/biobrots.cat\/wp-content\/uploads\/2023\/08\/Disseny-sense-titol-23-768x1054.jpg 768w\" sizes=\"(max-width: 1081px) 100vw, 1081px\" \/><\/div>\n\t<div class=\"qodef-m-content\">\n\t\t<div class=\"qodef-m-content-inner\" >\n\t\t\t\t\t\t\t<h3 class=\"qodef-m-title\" style=\"color: #FFFFFF\">\n\t\tFRUITS ET LEGUMES\t<\/h3>\n\t\t\t\t\t<\/div>\n\t<\/div>\n\t<a itemprop=\"url\" href=\"https:\/\/biobrots.cat\/fr\/botiga\/verdura-fruita\/\" class=\"qodef-m-banner-link\" target=\"_self\"><\/a>\n\n<\/div>\n\t\t\t\t<\/div>\n\t\t\t\t<\/div>\n\t\t\t\t\t<\/div>\n\t\t<\/div>\n\t\t\t\t<div class=\"elementor-column elementor-col-25 elementor-top-column elementor-element elementor-element-b6d6ffd\" data-id=\"b6d6ffd\" data-element_type=\"column\" data-e-type=\"column\">\n\t\t\t<div class=\"elementor-widget-wrap elementor-element-populated\">\n\t\t\t\t\t\t<div class=\"elementor-element elementor-element-8bcbb8f elementor-widget__width-initial elementor-widget elementor-widget-agraria_core_banner\" data-id=\"8bcbb8f\" data-element_type=\"widget\" data-e-type=\"widget\" data-widget_type=\"agraria_core_banner.default\">\n\t\t\t\t<div class=\"elementor-widget-container\">\n\t\t\t\t\t<div class=\"qodef-shortcode qodef-m  qodef-banner qodef-layout--link-overlay \">\n\t<div class=\"qodef-m-image\" >\n\t<img decoding=\"async\" width=\"1081\" height=\"1484\" src=\"https:\/\/biobrots.cat\/wp-content\/uploads\/2023\/08\/Disseny-sense-titol-31.jpg\" class=\"attachment-full size-full\" alt=\"\" srcset=\"https:\/\/biobrots.cat\/wp-content\/uploads\/2023\/08\/Disseny-sense-titol-31.jpg 1081w, https:\/\/biobrots.cat\/wp-content\/uploads\/2023\/08\/Disseny-sense-titol-31-219x300.jpg 219w, https:\/\/biobrots.cat\/wp-content\/uploads\/2023\/08\/Disseny-sense-titol-31-746x1024.jpg 746w, https:\/\/biobrots.cat\/wp-content\/uploads\/2023\/08\/Disseny-sense-titol-31-768x1054.jpg 768w, https:\/\/biobrots.cat\/wp-content\/uploads\/2023\/08\/Disseny-sense-titol-31-600x824.jpg 600w\" sizes=\"(max-width: 1081px) 100vw, 1081px\" \/><\/div>\n\t<div class=\"qodef-m-content\">\n\t\t<div class=\"qodef-m-content-inner\" >\n\t\t\t\t\t\t\t<h3 class=\"qodef-m-title\" style=\"color: #FFFFFF\">\n\t\tBOULANGERIE\t<\/h3>\n\t\t\t\t\t<\/div>\n\t<\/div>\n\t<a itemprop=\"url\" href=\"https:\/\/biobrots.cat\/fr\/botiga\/fleca-forn-pa\/\" class=\"qodef-m-banner-link\" target=\"_self\"><\/a>\n\n<\/div>\n\t\t\t\t<\/div>\n\t\t\t\t<\/div>\n\t\t\t\t\t<\/div>\n\t\t<\/div>\n\t\t\t\t<div class=\"elementor-column elementor-col-25 elementor-top-column elementor-element elementor-element-a0f89c1\" data-id=\"a0f89c1\" data-element_type=\"column\" data-e-type=\"column\">\n\t\t\t<div class=\"elementor-widget-wrap elementor-element-populated\">\n\t\t\t\t\t\t<div class=\"elementor-element elementor-element-2aa67b02 elementor-widget__width-inherit elementor-widget elementor-widget-agraria_core_banner\" data-id=\"2aa67b02\" data-element_type=\"widget\" data-e-type=\"widget\" data-widget_type=\"agraria_core_banner.default\">\n\t\t\t\t<div class=\"elementor-widget-container\">\n\t\t\t\t\t<div class=\"qodef-shortcode qodef-m  qodef-banner qodef-layout--link-overlay \">\n\t<div class=\"qodef-m-image\" >\n\t<img loading=\"lazy\" decoding=\"async\" width=\"1081\" height=\"1484\" src=\"https:\/\/biobrots.cat\/wp-content\/uploads\/2023\/08\/Disseny-sense-titol-74.png\" class=\"attachment-full size-full\" alt=\"\" srcset=\"https:\/\/biobrots.cat\/wp-content\/uploads\/2023\/08\/Disseny-sense-titol-74.png 1081w, https:\/\/biobrots.cat\/wp-content\/uploads\/2023\/08\/Disseny-sense-titol-74-600x824.png 600w, https:\/\/biobrots.cat\/wp-content\/uploads\/2023\/08\/Disseny-sense-titol-74-219x300.png 219w, https:\/\/biobrots.cat\/wp-content\/uploads\/2023\/08\/Disseny-sense-titol-74-746x1024.png 746w, https:\/\/biobrots.cat\/wp-content\/uploads\/2023\/08\/Disseny-sense-titol-74-768x1054.png 768w\" sizes=\"(max-width: 1081px) 100vw, 1081px\" \/><\/div>\n\t<div class=\"qodef-m-content\">\n\t\t<div class=\"qodef-m-content-inner\" >\n\t\t\t\t\t\t\t<h3 class=\"qodef-m-title\" style=\"color: #FFFFFF\">\n\t\tLAITS FRAIS, FROMAGES ET YAOURT\t<\/h3>\n\t\t\t\t\t<\/div>\n\t<\/div>\n\t<a itemprop=\"url\" href=\"https:\/\/biobrots.cat\/fr\/botiga\/llet-fresca-formatges-iogurts-eco\/\" class=\"qodef-m-banner-link\" target=\"_self\"><\/a>\n\n<\/div>\n\t\t\t\t<\/div>\n\t\t\t\t<\/div>\n\t\t\t\t\t<\/div>\n\t\t<\/div>\n\t\t\t\t\t<\/div>\n\t\t<\/section>\n\t\t\t\t<section class=\"elementor-section elementor-top-section elementor-element elementor-element-7b8465f elementor-section-full_width qodef-elementor-content-grid elementor-section-height-default elementor-section-height-default\" data-id=\"7b8465f\" data-element_type=\"section\" data-e-type=\"section\">\n\t\t\t\t\t\t<div class=\"elementor-container elementor-column-gap-default\">\n\t\t\t\t\t<div class=\"elementor-column elementor-col-25 elementor-top-column elementor-element elementor-element-420cebc\" data-id=\"420cebc\" data-element_type=\"column\" data-e-type=\"column\">\n\t\t\t<div class=\"elementor-widget-wrap elementor-element-populated\">\n\t\t\t\t\t\t<div class=\"elementor-element elementor-element-ae75572 elementor-widget elementor-widget-agraria_core_banner\" data-id=\"ae75572\" data-element_type=\"widget\" data-e-type=\"widget\" data-widget_type=\"agraria_core_banner.default\">\n\t\t\t\t<div class=\"elementor-widget-container\">\n\t\t\t\t\t<div class=\"qodef-shortcode qodef-m  qodef-banner qodef-layout--link-overlay \">\n\t<div class=\"qodef-m-image\" >\n\t<img loading=\"lazy\" decoding=\"async\" width=\"1081\" height=\"1484\" src=\"https:\/\/biobrots.cat\/wp-content\/uploads\/2023\/08\/Disseny-sense-titol-33.jpg\" class=\"attachment-full size-full\" alt=\"\" srcset=\"https:\/\/biobrots.cat\/wp-content\/uploads\/2023\/08\/Disseny-sense-titol-33.jpg 1081w, https:\/\/biobrots.cat\/wp-content\/uploads\/2023\/08\/Disseny-sense-titol-33-219x300.jpg 219w, https:\/\/biobrots.cat\/wp-content\/uploads\/2023\/08\/Disseny-sense-titol-33-746x1024.jpg 746w, https:\/\/biobrots.cat\/wp-content\/uploads\/2023\/08\/Disseny-sense-titol-33-768x1054.jpg 768w, https:\/\/biobrots.cat\/wp-content\/uploads\/2023\/08\/Disseny-sense-titol-33-600x824.jpg 600w\" sizes=\"(max-width: 1081px) 100vw, 1081px\" \/><\/div>\n\t<div class=\"qodef-m-content\">\n\t\t<div class=\"qodef-m-content-inner\" >\n\t\t\t\t\t\t\t<h3 class=\"qodef-m-title\" style=\"color: #FFFFFF\">\n\t\tVINS, CAVAS ET CHAMPAGNES\t<\/h3>\n\t\t\t\t\t<\/div>\n\t<\/div>\n\t<a itemprop=\"url\" href=\"https:\/\/biobrots.cat\/fr\/botiga\/vins-caves-champange\/\" class=\"qodef-m-banner-link\" target=\"_self\"><\/a>\n\n<\/div>\n\t\t\t\t<\/div>\n\t\t\t\t<\/div>\n\t\t\t\t\t<\/div>\n\t\t<\/div>\n\t\t\t\t<div class=\"elementor-column elementor-col-25 elementor-top-column elementor-element elementor-element-40f3855\" data-id=\"40f3855\" data-element_type=\"column\" data-e-type=\"column\">\n\t\t\t<div class=\"elementor-widget-wrap elementor-element-populated\">\n\t\t\t\t\t\t<div class=\"elementor-element elementor-element-ada8968 elementor-widget elementor-widget-agraria_core_banner\" data-id=\"ada8968\" data-element_type=\"widget\" data-e-type=\"widget\" data-widget_type=\"agraria_core_banner.default\">\n\t\t\t\t<div class=\"elementor-widget-container\">\n\t\t\t\t\t<div class=\"qodef-shortcode qodef-m  qodef-banner qodef-layout--link-overlay \">\n\t<div class=\"qodef-m-image\" >\n\t<img loading=\"lazy\" decoding=\"async\" width=\"1081\" height=\"1484\" src=\"https:\/\/biobrots.cat\/wp-content\/uploads\/2023\/08\/Disseny-sense-titol-24.jpg\" class=\"attachment-full size-full\" alt=\"\" srcset=\"https:\/\/biobrots.cat\/wp-content\/uploads\/2023\/08\/Disseny-sense-titol-24.jpg 1081w, https:\/\/biobrots.cat\/wp-content\/uploads\/2023\/08\/Disseny-sense-titol-24-600x824.jpg 600w, https:\/\/biobrots.cat\/wp-content\/uploads\/2023\/08\/Disseny-sense-titol-24-219x300.jpg 219w, https:\/\/biobrots.cat\/wp-content\/uploads\/2023\/08\/Disseny-sense-titol-24-746x1024.jpg 746w, https:\/\/biobrots.cat\/wp-content\/uploads\/2023\/08\/Disseny-sense-titol-24-768x1054.jpg 768w\" sizes=\"(max-width: 1081px) 100vw, 1081px\" \/><\/div>\n\t<div class=\"qodef-m-content\">\n\t\t<div class=\"qodef-m-content-inner\" >\n\t\t\t\t\t\t\t<h3 class=\"qodef-m-title\" style=\"color: #FFFFFF\">\n\t\tDIETETIQUE\t<\/h3>\n\t\t\t\t\t<\/div>\n\t<\/div>\n\t<a itemprop=\"url\" href=\"https:\/\/biobrots.cat\/fr\/botiga\/dietetica-cosmetica\/\" class=\"qodef-m-banner-link\" target=\"_self\"><\/a>\n\n<\/div>\n\t\t\t\t<\/div>\n\t\t\t\t<\/div>\n\t\t\t\t\t<\/div>\n\t\t<\/div>\n\t\t\t\t<div class=\"elementor-column elementor-col-25 elementor-top-column elementor-element elementor-element-1f999de\" data-id=\"1f999de\" data-element_type=\"column\" data-e-type=\"column\">\n\t\t\t<div class=\"elementor-widget-wrap elementor-element-populated\">\n\t\t\t\t\t\t<div class=\"elementor-element elementor-element-4f1ff5f elementor-widget elementor-widget-agraria_core_banner\" data-id=\"4f1ff5f\" data-element_type=\"widget\" data-e-type=\"widget\" data-widget_type=\"agraria_core_banner.default\">\n\t\t\t\t<div class=\"elementor-widget-container\">\n\t\t\t\t\t<div class=\"qodef-shortcode qodef-m  qodef-banner qodef-layout--link-overlay \">\n\t<div class=\"qodef-m-image\" >\n\t<img loading=\"lazy\" decoding=\"async\" width=\"1081\" height=\"1484\" src=\"https:\/\/biobrots.cat\/wp-content\/uploads\/2023\/08\/Disseny-sense-titol-25.jpg\" class=\"attachment-full size-full\" alt=\"\" srcset=\"https:\/\/biobrots.cat\/wp-content\/uploads\/2023\/08\/Disseny-sense-titol-25.jpg 1081w, https:\/\/biobrots.cat\/wp-content\/uploads\/2023\/08\/Disseny-sense-titol-25-600x824.jpg 600w, https:\/\/biobrots.cat\/wp-content\/uploads\/2023\/08\/Disseny-sense-titol-25-219x300.jpg 219w, https:\/\/biobrots.cat\/wp-content\/uploads\/2023\/08\/Disseny-sense-titol-25-746x1024.jpg 746w, https:\/\/biobrots.cat\/wp-content\/uploads\/2023\/08\/Disseny-sense-titol-25-768x1054.jpg 768w\" sizes=\"(max-width: 1081px) 100vw, 1081px\" \/><\/div>\n\t<div class=\"qodef-m-content\">\n\t\t<div class=\"qodef-m-content-inner\" >\n\t\t\t\t\t\t\t<h3 class=\"qodef-m-title\" style=\"color: #FFFFFF\">\n\t\tSANS GLUTEN\t<\/h3>\n\t\t\t\t\t<\/div>\n\t<\/div>\n\t<a itemprop=\"url\" href=\"https:\/\/biobrots.cat\/fr\/botiga\/sense-gluten\" class=\"qodef-m-banner-link\" target=\"_self\"><\/a>\n\n<\/div>\n\t\t\t\t<\/div>\n\t\t\t\t<\/div>\n\t\t\t\t\t<\/div>\n\t\t<\/div>\n\t\t\t\t<div class=\"elementor-column elementor-col-25 elementor-top-column elementor-element elementor-element-523fb20\" data-id=\"523fb20\" data-element_type=\"column\" data-e-type=\"column\">\n\t\t\t<div class=\"elementor-widget-wrap elementor-element-populated\">\n\t\t\t\t\t\t<div class=\"elementor-element elementor-element-1649741 elementor-widget elementor-widget-agraria_core_banner\" data-id=\"1649741\" data-element_type=\"widget\" data-e-type=\"widget\" data-widget_type=\"agraria_core_banner.default\">\n\t\t\t\t<div class=\"elementor-widget-container\">\n\t\t\t\t\t<div class=\"qodef-shortcode qodef-m  qodef-banner qodef-layout--link-overlay \">\n\t<div class=\"qodef-m-image\" >\n\t<img loading=\"lazy\" decoding=\"async\" width=\"1081\" height=\"1484\" src=\"https:\/\/biobrots.cat\/wp-content\/uploads\/2023\/08\/Disseny-sense-titol-26.jpg\" class=\"attachment-full size-full\" alt=\"\" srcset=\"https:\/\/biobrots.cat\/wp-content\/uploads\/2023\/08\/Disseny-sense-titol-26.jpg 1081w, https:\/\/biobrots.cat\/wp-content\/uploads\/2023\/08\/Disseny-sense-titol-26-600x824.jpg 600w, https:\/\/biobrots.cat\/wp-content\/uploads\/2023\/08\/Disseny-sense-titol-26-219x300.jpg 219w, https:\/\/biobrots.cat\/wp-content\/uploads\/2023\/08\/Disseny-sense-titol-26-746x1024.jpg 746w, https:\/\/biobrots.cat\/wp-content\/uploads\/2023\/08\/Disseny-sense-titol-26-768x1054.jpg 768w\" sizes=\"(max-width: 1081px) 100vw, 1081px\" \/><\/div>\n\t<div class=\"qodef-m-content\">\n\t\t<div class=\"qodef-m-content-inner\" >\n\t\t\t\t\t\t\t<h3 class=\"qodef-m-title\" style=\"color: #FFFFFF\">\n\t\tSANS SUCRE\t<\/h3>\n\t\t\t\t\t<\/div>\n\t<\/div>\n\t<a itemprop=\"url\" href=\"https:\/\/biobrots.cat\/fr\/botiga\/productes-sense-sucre\/\" class=\"qodef-m-banner-link\" target=\"_self\"><\/a>\n\n<\/div>\n\t\t\t\t<\/div>\n\t\t\t\t<\/div>\n\t\t\t\t\t<\/div>\n\t\t<\/div>\n\t\t\t\t\t<\/div>\n\t\t<\/section>\n\t\t\t\t<section class=\"elementor-section elementor-top-section elementor-element elementor-element-47a08d2 elementor-section-full_width elementor-section-height-default elementor-section-height-default\" data-id=\"47a08d2\" data-element_type=\"section\" data-e-type=\"section\">\n\t\t\t\t\t\t<div class=\"elementor-container elementor-column-gap-default\">\n\t\t\t\t\t<div class=\"elementor-column elementor-col-100 elementor-top-column elementor-element elementor-element-8bad85f\" data-id=\"8bad85f\" data-element_type=\"column\" data-e-type=\"column\">\n\t\t\t<div class=\"elementor-widget-wrap elementor-element-populated\">\n\t\t\t\t\t\t<div class=\"elementor-element elementor-element-6d4a94c9 elementor-widget elementor-widget-agraria_core_section_title\" data-id=\"6d4a94c9\" data-element_type=\"widget\" data-e-type=\"widget\" data-widget_type=\"agraria_core_section_title.default\">\n\t\t\t\t<div class=\"elementor-widget-container\">\n\t\t\t\t\t<div class=\"qodef-shortcode qodef-m  qodef-section-title qodef-alignment--left qodef-title-break--disabled\">\n\t\t\t\t<h2 class=\"qodef-m-title\" >\n\t\t\t\t\tDU JARDIN PR\u00c8S DE<br \/> VOTRE ASSIETTE DELS HORTS PROPERS\t\t\t<\/h2>\n\t\t<\/div>\n\t\t\t\t<\/div>\n\t\t\t\t<\/div>\n\t\t\t\t<div class=\"elementor-element elementor-element-a8dba38 elementor-widget elementor-widget-text-editor\" data-id=\"a8dba38\" data-element_type=\"widget\" data-e-type=\"widget\" data-widget_type=\"text-editor.default\">\n\t\t\t\t<div class=\"elementor-widget-container\">\n\t\t\t\t\t\t\t\t\t<p class=\"p1\">la temporalit\u00e9 de l&rsquo;alimentation est marqu\u00e9e \u00e0 la fois par la p\u00e9riode de l&rsquo;ann\u00e9e et par la situation g\u00e9ographique du lieu o\u00f9 elle est produite. Chaque cycle, saison, est diff\u00e9rent. Chaque \u00e9t\u00e9, il ne pleut pas de la m\u00eame mani\u00e8re, ni la temp\u00e9rature de l&rsquo;ann\u00e9e pr\u00e9c\u00e9dente ne se r\u00e9p\u00e8te, et la lune ne reste pas toujours au m\u00eame endroit. Une agriculture qui respecte le rythme de la terre sait tr\u00e8s clairement ce qui est le mieux pour chaque p\u00e9riode de l&rsquo;ann\u00e9e. Par cons\u00e9quent, les aliments les plus sains pour nous et les plus en harmonie avec l&rsquo;environnement sont ceux typiques de chaque p\u00e9riode de l&rsquo;ann\u00e9e : les aliments de saison sont aussi les plus savoureux. Nous sommes \u00e0 la merci du changement climatique et des s\u00e9cheresses ou des pluies naturelles, et c&rsquo;est pourquoi nous sommes les d\u00e9fenseurs de la durabilit\u00e9, pour tenter d&rsquo;att\u00e9nuer ce r\u00e9chauffement climatique et le manque d&rsquo;eau. Par cons\u00e9quent, parfois nous ne pouvons pas avoir tout ce que nous voudrions, puisque c&rsquo;est la terre qui nous le fournit, et ce n&rsquo;est pas toujours possible. Cependant, en Catalogne, nous avons la chance de pouvoir remplir le garde-manger de produits biologiques, locaux et de saison, directement issus de l&rsquo;agriculture voisine, et chez BioBrots nous les avons pour que nos clients puissent en profiter. Fruits et l\u00e9gumes bio, locaux et de saison.<\/p>\t\t\t\t\t\t\t\t<\/div>\n\t\t\t\t<\/div>\n\t\t\t\t\t<\/div>\n\t\t<\/div>\n\t\t\t\t\t<\/div>\n\t\t<\/section>\n\t\t\t\t<section class=\"elementor-section elementor-top-section elementor-element elementor-element-5930339 elementor-section-boxed elementor-section-height-default elementor-section-height-default\" data-id=\"5930339\" data-element_type=\"section\" data-e-type=\"section\">\n\t\t\t\t\t\t<div class=\"elementor-container elementor-column-gap-default\">\n\t\t\t\t\t<div class=\"elementor-column elementor-col-50 elementor-top-column elementor-element elementor-element-1399a24\" data-id=\"1399a24\" data-element_type=\"column\" data-e-type=\"column\">\n\t\t\t<div class=\"elementor-widget-wrap elementor-element-populated\">\n\t\t\t\t\t\t<div class=\"elementor-element elementor-element-6496c7a elementor-widget elementor-widget-image\" data-id=\"6496c7a\" data-element_type=\"widget\" data-e-type=\"widget\" data-widget_type=\"image.default\">\n\t\t\t\t<div class=\"elementor-widget-container\">\n\t\t\t\t\t\t\t\t\t\t\t\t\t\t\t<img loading=\"lazy\" decoding=\"async\" width=\"774\" height=\"1024\" src=\"https:\/\/biobrots.cat\/wp-content\/uploads\/2023\/08\/img_1-774x1024.jpg\" class=\"attachment-large size-large wp-image-14545\" alt=\"\" srcset=\"https:\/\/biobrots.cat\/wp-content\/uploads\/2023\/08\/img_1-774x1024.jpg 774w, https:\/\/biobrots.cat\/wp-content\/uploads\/2023\/08\/img_1-227x300.jpg 227w, https:\/\/biobrots.cat\/wp-content\/uploads\/2023\/08\/img_1-768x1016.jpg 768w, https:\/\/biobrots.cat\/wp-content\/uploads\/2023\/08\/img_1-600x794.jpg 600w, https:\/\/biobrots.cat\/wp-content\/uploads\/2023\/08\/img_1.jpg 1153w\" sizes=\"(max-width: 774px) 100vw, 774px\" \/>\t\t\t\t\t\t\t\t\t\t\t\t\t\t\t<\/div>\n\t\t\t\t<\/div>\n\t\t\t\t\t<\/div>\n\t\t<\/div>\n\t\t\t\t<div class=\"elementor-column elementor-col-50 elementor-top-column elementor-element elementor-element-5730900\" data-id=\"5730900\" data-element_type=\"column\" data-e-type=\"column\">\n\t\t\t<div class=\"elementor-widget-wrap elementor-element-populated\">\n\t\t\t\t\t\t<div class=\"elementor-element elementor-element-da3ae58 elementor-widget elementor-widget-image\" data-id=\"da3ae58\" data-element_type=\"widget\" data-e-type=\"widget\" data-widget_type=\"image.default\">\n\t\t\t\t<div class=\"elementor-widget-container\">\n\t\t\t\t\t\t\t\t\t\t\t\t\t\t\t<img loading=\"lazy\" decoding=\"async\" width=\"999\" height=\"1024\" src=\"https:\/\/biobrots.cat\/wp-content\/uploads\/2023\/08\/img_2-999x1024.jpg\" class=\"attachment-large size-large wp-image-14542\" alt=\"\" srcset=\"https:\/\/biobrots.cat\/wp-content\/uploads\/2023\/08\/img_2-999x1024.jpg 999w, https:\/\/biobrots.cat\/wp-content\/uploads\/2023\/08\/img_2-293x300.jpg 293w, https:\/\/biobrots.cat\/wp-content\/uploads\/2023\/08\/img_2-768x787.jpg 768w, https:\/\/biobrots.cat\/wp-content\/uploads\/2023\/08\/img_2-600x615.jpg 600w, https:\/\/biobrots.cat\/wp-content\/uploads\/2023\/08\/img_2.jpg 1153w\" sizes=\"(max-width: 999px) 100vw, 999px\" \/>\t\t\t\t\t\t\t\t\t\t\t\t\t\t\t<\/div>\n\t\t\t\t<\/div>\n\t\t\t\t\t<\/div>\n\t\t<\/div>\n\t\t\t\t\t<\/div>\n\t\t<\/section>\n\t\t\t\t<\/div>\n\t\t","protected":false},"excerpt":{"rendered":"<p>Bio Supermarket Chez Bio Brots vous pourrez trouver une s\u00e9lection de produits frais et s\u00e8ches dont le but est celui de diffuser au maximum l\u2019acc\u00e8s \u00e0 l\u2019alimentation saine. chocolats, infusions, th\u00e9s, caf\u00e9, p\u00e2tes, riz, boissons v\u00e9g\u00e9tales, macrobiotique, condiments, charcuterie, fruits et l\u00e9gumes frais, boulangerie, di\u00e9t\u00e9tique, alimentation v\u00e9g\u00e9tarienne, un endroit sans gluten, une zone de produits [&hellip;]<\/p>\n","protected":false},"author":1,"featured_media":0,"parent":0,"menu_order":0,"comment_status":"closed","ping_status":"closed","template":"","meta":{"footnotes":""},"class_list":["post-15527","page","type-page","status-publish","hentry"],"_links":{"self":[{"href":"https:\/\/biobrots.cat\/fr\/wp-json\/wp\/v2\/pages\/15527","targetHints":{"allow":["GET"]}}],"collection":[{"href":"https:\/\/biobrots.cat\/fr\/wp-json\/wp\/v2\/pages"}],"about":[{"href":"https:\/\/biobrots.cat\/fr\/wp-json\/wp\/v2\/types\/page"}],"author":[{"embeddable":true,"href":"https:\/\/biobrots.cat\/fr\/wp-json\/wp\/v2\/users\/1"}],"replies":[{"embeddable":true,"href":"https:\/\/biobrots.cat\/fr\/wp-json\/wp\/v2\/comments?post=15527"}],"version-history":[{"count":13,"href":"https:\/\/biobrots.cat\/fr\/wp-json\/wp\/v2\/pages\/15527\/revisions"}],"predecessor-version":[{"id":15974,"href":"https:\/\/biobrots.cat\/fr\/wp-json\/wp\/v2\/pages\/15527\/revisions\/15974"}],"wp:attachment":[{"href":"https:\/\/biobrots.cat\/fr\/wp-json\/wp\/v2\/media?parent=15527"}],"curies":[{"name":"wp","href":"https:\/\/api.w.org\/{rel}","templated":true}]}}