{"id":15524,"date":"2024-02-27T14:08:43","date_gmt":"2024-02-27T13:08:43","guid":{"rendered":"https:\/\/biobrots.cat\/avis-legal\/"},"modified":"2024-08-13T12:10:52","modified_gmt":"2024-08-13T10:10:52","slug":"avis-legal","status":"publish","type":"page","link":"https:\/\/biobrots.cat\/fr\/avis-legal\/","title":{"rendered":"AV\u00cdS LEGAL"},"content":{"rendered":"<p>1. INFORMATIONS SUR L&rsquo;ENTREPRISE<br \/>\nConform\u00e9ment \u00e0 la loi 34\/2002 du 11 juillet relative aux services de la soci\u00e9t\u00e9 de l&rsquo;information et du commerce \u00e9lectronique, BIO BROTS SLU vous informe qu&rsquo;elle est propri\u00e9taire des sites Web : , conform\u00e9ment \u00e0 l&rsquo;exigence de l&rsquo;article 10 de la loi susmentionn\u00e9e, BIO BROTS SLU, communique les donn\u00e9es suivantes : le propri\u00e9taire de cette page web est BIO BROTS SLU avec CIF\/NIF : B-55169528 et si\u00e8ge social : Avd. San Francisco, 21 2sur B, . Code postal: 17003 Ville: GIRONA Province: GIRONA. L&rsquo;adresse email de contact est : info@brotsdevi.cat<\/p>\n<p>2. UTILISATEUR ET REGIME DE RESPONSABILITES<br \/>\nLa navigation pour acc\u00e9der et utiliser le site Web et tous les sous-domaines et r\u00e9pertoires qui y sont inclus, ainsi que les services ou contenus qui peuvent \u00eatre obtenus \u00e0 travers celui-ci et tous les portails de son propre domaine sous la propri\u00e9t\u00e9 de BIO BROTS SLU accorde la condition de Utilisateur, par lequel il accepte, lors de sa navigation sur la page BIO BROTS SLU, toutes les conditions d&rsquo;utilisation \u00e9tablies ici sans pr\u00e9judice de l&rsquo;application de la r\u00e9glementation correspondante de conformit\u00e9 l\u00e9gale obligatoire selon le cas. Pour cette raison, si les consid\u00e9rations d\u00e9taill\u00e9es dans le pr\u00e9sent Avis L\u00e9gal ne vous conviennent pas, veuillez ne pas utiliser le Portail, car toute utilisation que vous en ferez ou des services et contenus qui y sont inclus impliquera l&rsquo;acceptation des termes l\u00e9gaux contenus dans ce texte Le site Internet de BIO BROTS SLU propose une grande vari\u00e9t\u00e9 d&rsquo;informations, de services et de donn\u00e9es. L&rsquo;Utilisateur assume la responsabilit\u00e9 de la bonne utilisation des sites Internet. Cette responsabilit\u00e9 s&rsquo;\u00e9tendra \u00e0 : La v\u00e9racit\u00e9 et la l\u00e9galit\u00e9 des informations fournies par l&rsquo;Utilisateur dans les formulaires \u00e9mis par BIO BROTS SLU, pour acc\u00e9der \u00e0 certains contenus ou services propos\u00e9s par le site Internet. L&rsquo;utilisation des informations, services et donn\u00e9es offerts par BIO BROTS SLU \u00e0 l&rsquo;encontre des dispositions des pr\u00e9sentes conditions, de la loi, de la morale, des bonnes m\u0153urs ou de l&rsquo;ordre public ou qui, dans tout autre cas, peut impliquer une violation des droits de tiers ou le fonctionnement des sites Internet. \u00c0 cette fin, l&rsquo;Utilisateur s&rsquo;abstiendra d&rsquo;utiliser tout contenu \u00e0 des fins ou \u00e0 des effets illicites, interdits dans le pr\u00e9sent texte, pr\u00e9judiciables aux droits et int\u00e9r\u00eats de tiers, ou qui, de quelque mani\u00e8re que ce soit, pourraient endommager, rendre inutile, surcharger, d\u00e9t\u00e9riorer ou emp\u00eacher l&rsquo;utilisation normale du contenu, par d&rsquo;autres Utilisateurs ou par tout Internaute (mat\u00e9riel et logiciel). Les utilisateurs seront responsables des dommages de toute nature que la soci\u00e9t\u00e9 propri\u00e9taire du site Web pourrait subir, directement ou indirectement, du fait de la violation de l&rsquo;une des obligations d\u00e9riv\u00e9es de l&rsquo;utilisation du site Web et de cette politique de confidentialit\u00e9. En particulier et \u00e0 titre purement indicatif et non exhaustif, l&rsquo;Utilisateur s&rsquo;engage \u00e0 ne pas transmettre, diffuser ou mettre \u00e0 disposition de tiers des informations, donn\u00e9es, contenus, messages, graphiques, dessins, fichiers sonores et\/ou images, photographies du site. site web .<\/p>\n","protected":false},"excerpt":{"rendered":"<p>1. INFORMATIONS SUR L&rsquo;ENTREPRISE Conform\u00e9ment \u00e0 la loi 34\/2002 du 11 juillet relative aux services de la soci\u00e9t\u00e9 de l&rsquo;information et du commerce \u00e9lectronique, BIO BROTS SLU vous informe qu&rsquo;elle est propri\u00e9taire des sites Web : , conform\u00e9ment \u00e0 l&rsquo;exigence de l&rsquo;article 10 de la loi susmentionn\u00e9e, BIO BROTS SLU, communique les donn\u00e9es suivantes : [&hellip;]<\/p>\n","protected":false},"author":1,"featured_media":0,"parent":0,"menu_order":0,"comment_status":"closed","ping_status":"closed","template":"","meta":{"footnotes":""},"class_list":["post-15524","page","type-page","status-publish","hentry"],"_links":{"self":[{"href":"https:\/\/biobrots.cat\/fr\/wp-json\/wp\/v2\/pages\/15524","targetHints":{"allow":["GET"]}}],"collection":[{"href":"https:\/\/biobrots.cat\/fr\/wp-json\/wp\/v2\/pages"}],"about":[{"href":"https:\/\/biobrots.cat\/fr\/wp-json\/wp\/v2\/types\/page"}],"author":[{"embeddable":true,"href":"https:\/\/biobrots.cat\/fr\/wp-json\/wp\/v2\/users\/1"}],"replies":[{"embeddable":true,"href":"https:\/\/biobrots.cat\/fr\/wp-json\/wp\/v2\/comments?post=15524"}],"version-history":[{"count":2,"href":"https:\/\/biobrots.cat\/fr\/wp-json\/wp\/v2\/pages\/15524\/revisions"}],"predecessor-version":[{"id":15960,"href":"https:\/\/biobrots.cat\/fr\/wp-json\/wp\/v2\/pages\/15524\/revisions\/15960"}],"wp:attachment":[{"href":"https:\/\/biobrots.cat\/fr\/wp-json\/wp\/v2\/media?parent=15524"}],"curies":[{"name":"wp","href":"https:\/\/api.w.org\/{rel}","templated":true}]}}