{"id":15386,"date":"2024-02-27T14:08:43","date_gmt":"2024-02-27T13:08:43","guid":{"rendered":"https:\/\/biobrots.cat\/aviso-legal\/"},"modified":"2024-08-13T12:11:18","modified_gmt":"2024-08-13T10:11:18","slug":"aviso-legal","status":"publish","type":"page","link":"https:\/\/biobrots.cat\/es\/aviso-legal\/","title":{"rendered":"AVISO LEGAL"},"content":{"rendered":"<p>1. INFORMACI\u00d3N CORPORATIVA<br \/>\nEn cumplimiento de la Ley 34\/2002, de 11 de julio, de servicios de la sociedad de la informaci\u00f3n y de comercio electr\u00f3nico, BIO BROTS SLU le informa que es titular de los sitios web: , de acuerdo con la exigencia de el art\u00edculo 10 de la citada Ley, BIO BROTS SLU, notifica los siguientes datos: el titular de esta p\u00e1gina web es BIO BROTS SLU con CIF\/NIF: B-55169528 y Domicilio Social: Avd. San Francisco, 21 2\u00ba B, . C\u00f3digo Postal: 17003 Localidad: GIRONA Provincia: GIRONA. La direcci\u00f3n de correo electr\u00f3nico de contacto es: info@brotsdevi.cat<\/p>\n<p>2. USUARIO Y R\u00c9GIMEN DE RESPONSABILIDADES<br \/>\nLa navegaci\u00f3n por acceso y uso de la p\u00e1gina web y todos los subdominios y directorios incluidos bajo la misma, as\u00ed como los servicios o contenidos que a trav\u00e9s de \u00e9l se puedan obtener y todos los portales de dominio propio bajo titularidad de BIO BROTS SLU otorga la condici\u00f3n de Usuario, por la que se aceptan, al navegar por la p\u00e1gina de BIO BROTS SLU, todas las condiciones de uso que aqu\u00ed se establecen sin perjudicar la aplicaci\u00f3n de la correspondiente normativa de obligado cumplimiento legal seg\u00fan el caso. Por eso, si las consideraciones detalladas en este Aviso Legal no son de su conformidad, rogamos no haga uso del Portal, ya que cualquier uso que haga del mismo o de los servicios y contenidos en \u00e9l incluidos implicar\u00e1 la aceptaci\u00f3n de los t\u00e9rminos legales recogidos en este texto. La p\u00e1gina web de BIO BROTS SLU , proporciona gran diversidad de informaci\u00f3n, servicios y datos. El Usuario asume su responsabilidad en el correcto uso de los sitios web. Esta responsabilidad se extender\u00e1 a: La veracidad y licitud de las informaciones aportadas por el Usuario a los formularios emitidos por BIO BROTS SLU, para acceder a determinados contenidos o servicios ofrecidos por la web. El uso de la informaci\u00f3n, servicios y datos ofrecidos por BIO BROTS SLU contra las disposiciones de estas condiciones, la Ley, la moral, las buenas costumbres o el orden p\u00fablico o que, en otro caso, puedan suponer lesi\u00f3n de los derechos de terceros o del funcionamiento de los sitios web. A tal efecto, el Usuario se abstendr\u00e1 de utilizar cualquiera de los contenidos con fines o efectos il\u00edcitos, prohibidos en este texto, lesivos de los derechos e intereses de terceros, o que de cualquier forma puedan da\u00f1ar, inutilizar, sobrecargar, deteriorar o impedir la normal utilizaci\u00f3n de los contenidos, otros Usuarios o de cualquier Usuario de Internet (hardware y software). Los Usuarios responder\u00e1n de los da\u00f1os y perjuicios de toda naturaleza que la empresa propietaria de la web pueda sufrir, directa o indirectamente, como consecuencia de incumplimiento de cualquiera de las obligaciones derivadas del uso de la Web y de esta pol\u00edtica de privacidad. En particular, ya t\u00edtulo meramente indicativo y no exhaustivo, el Usuario se compromete a no transmitir, difundir o poner a disposici\u00f3n de terceros informaciones, datos, contenidos, mensajes, gr\u00e1ficos, dibujos, archivos de sonido y\/o imagen, fotograf\u00edas de la web .<\/p>\n","protected":false},"excerpt":{"rendered":"<p>1. INFORMACI\u00d3N CORPORATIVA En cumplimiento de la Ley 34\/2002, de 11 de julio, de servicios de la sociedad de la informaci\u00f3n y de comercio electr\u00f3nico, BIO BROTS SLU le informa que es titular de los sitios web: , de acuerdo con la exigencia de el art\u00edculo 10 de la citada Ley, BIO BROTS SLU, notifica [&hellip;]<\/p>\n","protected":false},"author":1,"featured_media":0,"parent":0,"menu_order":0,"comment_status":"closed","ping_status":"closed","template":"","meta":{"footnotes":""},"class_list":["post-15386","page","type-page","status-publish","hentry"],"_links":{"self":[{"href":"https:\/\/biobrots.cat\/es\/wp-json\/wp\/v2\/pages\/15386","targetHints":{"allow":["GET"]}}],"collection":[{"href":"https:\/\/biobrots.cat\/es\/wp-json\/wp\/v2\/pages"}],"about":[{"href":"https:\/\/biobrots.cat\/es\/wp-json\/wp\/v2\/types\/page"}],"author":[{"embeddable":true,"href":"https:\/\/biobrots.cat\/es\/wp-json\/wp\/v2\/users\/1"}],"replies":[{"embeddable":true,"href":"https:\/\/biobrots.cat\/es\/wp-json\/wp\/v2\/comments?post=15386"}],"version-history":[{"count":2,"href":"https:\/\/biobrots.cat\/es\/wp-json\/wp\/v2\/pages\/15386\/revisions"}],"predecessor-version":[{"id":15961,"href":"https:\/\/biobrots.cat\/es\/wp-json\/wp\/v2\/pages\/15386\/revisions\/15961"}],"wp:attachment":[{"href":"https:\/\/biobrots.cat\/es\/wp-json\/wp\/v2\/media?parent=15386"}],"curies":[{"name":"wp","href":"https:\/\/api.w.org\/{rel}","templated":true}]}}