{"id":15215,"date":"2023-03-29T12:31:49","date_gmt":"2023-03-29T10:31:49","guid":{"rendered":"https:\/\/biobrots.cat\/botiga\/llet-fresca-formatges-iogurts-eco\/"},"modified":"2024-08-13T12:06:02","modified_gmt":"2024-08-13T10:06:02","slug":"llet-fresca-formatges-iogurts-eco","status":"publish","type":"page","link":"https:\/\/biobrots.cat\/es\/botiga\/llet-fresca-formatges-iogurts-eco\/","title":{"rendered":"Leche fresca, quesos y yougures eco"},"content":{"rendered":"\t\t<div data-elementor-type=\"wp-page\" data-elementor-id=\"15215\" class=\"elementor elementor-15215 elementor-4114\" data-elementor-post-type=\"page\">\n\t\t\t\t\t\t<section class=\"elementor-section elementor-top-section elementor-element elementor-element-45bd8e1 elementor-section-full_width qodef-elementor-content-grid elementor-section-height-default elementor-section-height-default\" data-id=\"45bd8e1\" data-element_type=\"section\" data-e-type=\"section\">\n\t\t\t\t\t\t<div class=\"elementor-container elementor-column-gap-default\">\n\t\t\t\t\t<div class=\"elementor-column elementor-col-50 elementor-top-column elementor-element elementor-element-3410541\" data-id=\"3410541\" data-element_type=\"column\" data-e-type=\"column\" data-settings=\"{&quot;background_background&quot;:&quot;classic&quot;}\">\n\t\t\t<div class=\"elementor-widget-wrap elementor-element-populated\">\n\t\t\t\t\t\t<div class=\"elementor-element elementor-element-858a43e elementor-widget elementor-widget-agraria_core_separator\" data-id=\"858a43e\" data-element_type=\"widget\" data-e-type=\"widget\" data-widget_type=\"agraria_core_separator.default\">\n\t\t\t\t<div class=\"elementor-widget-container\">\n\t\t\t\t\t<div class=\"qodef-shortcode qodef-m  qodef-separator clear qodef-position--center \">\n\t<div class=\"qodef-m-line\" style=\"border-color: #02010100\"><\/div>\n<\/div>\n\t\t\t\t<\/div>\n\t\t\t\t<\/div>\n\t\t\t\t\t<\/div>\n\t\t<\/div>\n\t\t\t\t<div class=\"elementor-column elementor-col-50 elementor-top-column elementor-element elementor-element-552a359\" data-id=\"552a359\" data-element_type=\"column\" data-e-type=\"column\">\n\t\t\t<div class=\"elementor-widget-wrap elementor-element-populated\">\n\t\t\t\t\t\t<div class=\"elementor-element elementor-element-7817073 elementor-widget elementor-widget-heading\" data-id=\"7817073\" data-element_type=\"widget\" data-e-type=\"widget\" data-widget_type=\"heading.default\">\n\t\t\t\t<div class=\"elementor-widget-container\">\n\t\t\t\t\t<h2 class=\"elementor-heading-title elementor-size-default\">L\u00e1cticos<\/h2>\t\t\t\t<\/div>\n\t\t\t\t<\/div>\n\t\t\t\t<div class=\"elementor-element elementor-element-9a0e907 elementor-widget elementor-widget-agraria_core_section_title\" data-id=\"9a0e907\" data-element_type=\"widget\" data-e-type=\"widget\" data-widget_type=\"agraria_core_section_title.default\">\n\t\t\t\t<div class=\"elementor-widget-container\">\n\t\t\t\t\t<div class=\"qodef-shortcode qodef-m  qodef-section-title qodef-alignment--left qodef-title-break--disabled\">\n\t\t\t\t<h2 class=\"qodef-m-title\" >\n\t\t\t\t\tproductos l\u00e1cteos<br \/> frescos\t\t\t<\/h2>\n\t\t<\/div>\n\t\t\t\t<\/div>\n\t\t\t\t<\/div>\n\t\t\t\t<div class=\"elementor-element elementor-element-93b58eb elementor-widget elementor-widget-text-editor\" data-id=\"93b58eb\" data-element_type=\"widget\" data-e-type=\"widget\" data-widget_type=\"text-editor.default\">\n\t\t\t\t<div class=\"elementor-widget-container\">\n\t\t\t\t\t\t\t\t\t<p>A BioBrots hi trobar\u00e0s tota mena de productes l\u00e0ctics frescos de vaca, cabra i ovella; amb grans propietats nutritives i rics en vitamines A, B, C, D i E, aix\u00ed com magnesi, f\u00f2sfor, potassi i zinc.<\/p>\n<p>\u00a0<\/p>\n\t\t\t\t\t\t\t\t<\/div>\n\t\t\t\t<\/div>\n\t\t\t\t<div class=\"elementor-element elementor-element-1e12315 elementor-widget elementor-widget-agraria_core_icon_list_item\" data-id=\"1e12315\" data-element_type=\"widget\" data-e-type=\"widget\" data-widget_type=\"agraria_core_icon_list_item.default\">\n\t\t\t\t<div class=\"elementor-widget-container\">\n\t\t\t\t\t<div class=\"qodef-icon-list-item qodef-icon--custom-icon\" >\n\t<p class=\"qodef-e-title\" style=\"line-height: 25px\">\n\t\t\t\t\t<span class=\"qodef-e-title-inner\">\n\t\t\t\t<img decoding=\"async\" width=\"30\" height=\"30\" src=\"https:\/\/biobrots.cat\/wp-content\/uploads\/2023\/03\/icon-list.png\" class=\"attachment-full size-full\" alt=\"d\" \/>\t\t\t\t<span class=\"qodef-e-title-text\" style=\"margin-left: 15px;line-height: 25px\">Llet fresca ecol\u00f2gica.<\/span>\n\t\t\t<\/span>\n\t\t\t<\/p>\n<\/div>\n\t\t\t\t<\/div>\n\t\t\t\t<\/div>\n\t\t\t\t<div class=\"elementor-element elementor-element-2c7a269 elementor-widget elementor-widget-agraria_core_icon_list_item\" data-id=\"2c7a269\" data-element_type=\"widget\" data-e-type=\"widget\" data-widget_type=\"agraria_core_icon_list_item.default\">\n\t\t\t\t<div class=\"elementor-widget-container\">\n\t\t\t\t\t<div class=\"qodef-icon-list-item qodef-icon--custom-icon\" >\n\t<p class=\"qodef-e-title\" style=\"line-height: 25px\">\n\t\t\t\t\t<span class=\"qodef-e-title-inner\">\n\t\t\t\t<img decoding=\"async\" width=\"30\" height=\"30\" src=\"https:\/\/biobrots.cat\/wp-content\/uploads\/2023\/03\/icon-list.png\" class=\"attachment-full size-full\" alt=\"d\" \/>\t\t\t\t<span class=\"qodef-e-title-text\" style=\"margin-left: 15px;line-height: 25px\">Elaborats de la llet: iougurts, k\u00e8firs, entre d&#039;altres.<\/span>\n\t\t\t<\/span>\n\t\t\t<\/p>\n<\/div>\n\t\t\t\t<\/div>\n\t\t\t\t<\/div>\n\t\t\t\t<div class=\"elementor-element elementor-element-9dfd55a elementor-widget elementor-widget-agraria_core_icon_list_item\" data-id=\"9dfd55a\" data-element_type=\"widget\" data-e-type=\"widget\" data-widget_type=\"agraria_core_icon_list_item.default\">\n\t\t\t\t<div class=\"elementor-widget-container\">\n\t\t\t\t\t<div class=\"qodef-icon-list-item qodef-icon--custom-icon\" >\n\t<p class=\"qodef-e-title\" style=\"line-height: 25px\">\n\t\t\t\t\t<span class=\"qodef-e-title-inner\">\n\t\t\t\t<img decoding=\"async\" width=\"30\" height=\"30\" src=\"https:\/\/biobrots.cat\/wp-content\/uploads\/2023\/03\/icon-list.png\" class=\"attachment-full size-full\" alt=\"d\" \/>\t\t\t\t<span class=\"qodef-e-title-text\" style=\"margin-left: 15px;line-height: 25px\">Formatges ecol\u00f2gics.<\/span>\n\t\t\t<\/span>\n\t\t\t<\/p>\n<\/div>\n\t\t\t\t<\/div>\n\t\t\t\t<\/div>\n\t\t\t\t\t<\/div>\n\t\t<\/div>\n\t\t\t\t\t<\/div>\n\t\t<\/section>\n\t\t\t\t<section class=\"elementor-section elementor-top-section elementor-element elementor-element-17cb58c elementor-section-full_width qodef-elementor-content-grid elementor-section-height-default elementor-section-height-default\" data-id=\"17cb58c\" data-element_type=\"section\" data-e-type=\"section\">\n\t\t\t\t\t\t<div class=\"elementor-container elementor-column-gap-default\">\n\t\t\t\t\t<div class=\"elementor-column elementor-col-50 elementor-top-column elementor-element elementor-element-d8f1768\" data-id=\"d8f1768\" data-element_type=\"column\" data-e-type=\"column\">\n\t\t\t<div class=\"elementor-widget-wrap elementor-element-populated\">\n\t\t\t\t\t\t<div class=\"elementor-element elementor-element-6081755 elementor-widget elementor-widget-agraria_core_section_title\" data-id=\"6081755\" data-element_type=\"widget\" data-e-type=\"widget\" data-widget_type=\"agraria_core_section_title.default\">\n\t\t\t\t<div class=\"elementor-widget-container\">\n\t\t\t\t\t<div class=\"qodef-shortcode qodef-m  qodef-section-title qodef-alignment--left qodef-title-break--disabled\">\n\t\t\t\t<h2 class=\"qodef-m-title\" >\n\t\t\t\t\tLeche fresca<br \/> en girona\t\t\t<\/h2>\n\t\t<\/div>\n\t\t\t\t<\/div>\n\t\t\t\t<\/div>\n\t\t\t\t<div class=\"elementor-element elementor-element-c06b28f elementor-widget elementor-widget-text-editor\" data-id=\"c06b28f\" data-element_type=\"widget\" data-e-type=\"widget\" data-widget_type=\"text-editor.default\">\n\t\t\t\t<div class=\"elementor-widget-container\">\n\t\t\t\t\t\t\t\t\t<p class=\"p1\">Vaca, cabra y oveja. Leches frescas ecol\u00f3gicas, con caducidades de 10 d\u00edas que aportan muchos m\u00e1s nutrientes que las pasteurizadas. Ricas en prote\u00ednas, calcio, vitaminas A, B, C, D y E, as\u00ed como magnesio, f\u00f3sforo, potasio y zinc. Elaborados a partir de la leche: yogures, k\u00e9firs y quesos ecol\u00f3gicos, con una cuidadosa selecci\u00f3n de leche, los peque\u00f1os productores de la zona que trabajan estos productos lo hacen con mucha dedicaci\u00f3n y cuidado por el producto.<\/p>\t\t\t\t\t\t\t\t<\/div>\n\t\t\t\t<\/div>\n\t\t\t\t<div class=\"elementor-element elementor-element-727c2c1 elementor-widget elementor-widget-agraria_core_section_title\" data-id=\"727c2c1\" data-element_type=\"widget\" data-e-type=\"widget\" data-widget_type=\"agraria_core_section_title.default\">\n\t\t\t\t<div class=\"elementor-widget-container\">\n\t\t\t\t\t<div class=\"qodef-shortcode qodef-m  qodef-section-title qodef-alignment--left qodef-title-break--disabled\">\n\t\t\t\t<h2 class=\"qodef-m-title\" >\n\t\t\t\t\tYOUGURT Y<br \/> KEFIRS\t\t\t<\/h2>\n\t\t<\/div>\n\t\t\t\t<\/div>\n\t\t\t\t<\/div>\n\t\t\t\t<div class=\"elementor-element elementor-element-fbf0d87 elementor-widget elementor-widget-text-editor\" data-id=\"fbf0d87\" data-element_type=\"widget\" data-e-type=\"widget\" data-widget_type=\"text-editor.default\">\n\t\t\t\t<div class=\"elementor-widget-container\">\n\t\t\t\t\t\t\t\t\t<p>Tamb\u00e9 disposem de diversos elaborats de la llet com iogurts, quefirs, entre molts altres productes; amb una acurada selecci\u00f3 de llet. Gr\u00e0cies als productors de la zona podem garantir un producte de gran qualitat als nostres clients.<\/p>\n\t\t\t\t\t\t\t\t<\/div>\n\t\t\t\t<\/div>\n\t\t\t\t<div class=\"elementor-element elementor-element-4c0999d elementor-widget elementor-widget-agraria_core_section_title\" data-id=\"4c0999d\" data-element_type=\"widget\" data-e-type=\"widget\" data-widget_type=\"agraria_core_section_title.default\">\n\t\t\t\t<div class=\"elementor-widget-container\">\n\t\t\t\t\t<div class=\"qodef-shortcode qodef-m  qodef-section-title qodef-alignment--left qodef-title-break--disabled\">\n\t\t\t\t<h2 class=\"qodef-m-title\" >\n\t\t\t\t\tquesos eco<br \/>\t\t\t<\/h2>\n\t\t<\/div>\n\t\t\t\t<\/div>\n\t\t\t\t<\/div>\n\t\t\t\t<div class=\"elementor-element elementor-element-7a23e5e elementor-widget elementor-widget-text-editor\" data-id=\"7a23e5e\" data-element_type=\"widget\" data-e-type=\"widget\" data-widget_type=\"text-editor.default\">\n\t\t\t\t<div class=\"elementor-widget-container\">\n\t\t\t\t\t\t\t\t\t<p>Per \u00faltim, si ets fan del formatge, et recomanem que demanis per la nostra carta de formatges ecol\u00f2gics al personal del supermercat sostenible BioBrots.<\/p>\n\t\t\t\t\t\t\t\t<\/div>\n\t\t\t\t<\/div>\n\t\t\t\t\t<\/div>\n\t\t<\/div>\n\t\t\t\t<div class=\"elementor-column elementor-col-50 elementor-top-column elementor-element elementor-element-6a36041\" data-id=\"6a36041\" data-element_type=\"column\" data-e-type=\"column\" data-settings=\"{&quot;background_background&quot;:&quot;classic&quot;}\">\n\t\t\t<div class=\"elementor-widget-wrap elementor-element-populated\">\n\t\t\t\t\t\t<div class=\"elementor-element elementor-element-f04a71b elementor-widget elementor-widget-agraria_core_separator\" data-id=\"f04a71b\" data-element_type=\"widget\" data-e-type=\"widget\" data-widget_type=\"agraria_core_separator.default\">\n\t\t\t\t<div class=\"elementor-widget-container\">\n\t\t\t\t\t<div class=\"qodef-shortcode qodef-m  qodef-separator clear qodef-position--center \">\n\t<div class=\"qodef-m-line\" style=\"border-color: #02010100\"><\/div>\n<\/div>\n\t\t\t\t<\/div>\n\t\t\t\t<\/div>\n\t\t\t\t\t<\/div>\n\t\t<\/div>\n\t\t\t\t\t<\/div>\n\t\t<\/section>\n\t\t\t\t<section class=\"elementor-section elementor-top-section elementor-element elementor-element-02e5618 elementor-section-full_width qodef-elementor-content-grid elementor-section-height-default elementor-section-height-default\" data-id=\"02e5618\" data-element_type=\"section\" data-e-type=\"section\">\n\t\t\t\t\t\t<div class=\"elementor-container elementor-column-gap-default\">\n\t\t\t\t\t<div class=\"elementor-column elementor-col-50 elementor-top-column elementor-element elementor-element-7a3fd72\" data-id=\"7a3fd72\" data-element_type=\"column\" data-e-type=\"column\" data-settings=\"{&quot;background_background&quot;:&quot;classic&quot;}\">\n\t\t\t<div class=\"elementor-widget-wrap elementor-element-populated\">\n\t\t\t\t\t\t<div class=\"elementor-element elementor-element-9ad329c elementor-widget elementor-widget-agraria_core_separator\" data-id=\"9ad329c\" data-element_type=\"widget\" data-e-type=\"widget\" data-widget_type=\"agraria_core_separator.default\">\n\t\t\t\t<div class=\"elementor-widget-container\">\n\t\t\t\t\t<div class=\"qodef-shortcode qodef-m  qodef-separator clear qodef-position--center \">\n\t<div class=\"qodef-m-line\" style=\"border-color: #02010100\"><\/div>\n<\/div>\n\t\t\t\t<\/div>\n\t\t\t\t<\/div>\n\t\t\t\t\t<\/div>\n\t\t<\/div>\n\t\t\t\t<div class=\"elementor-column elementor-col-50 elementor-top-column elementor-element elementor-element-9228a4e\" data-id=\"9228a4e\" data-element_type=\"column\" data-e-type=\"column\">\n\t\t\t<div class=\"elementor-widget-wrap elementor-element-populated\">\n\t\t\t\t\t\t<div class=\"elementor-element elementor-element-41ed8a9 elementor-widget elementor-widget-agraria_core_section_title\" data-id=\"41ed8a9\" data-element_type=\"widget\" data-e-type=\"widget\" data-widget_type=\"agraria_core_section_title.default\">\n\t\t\t\t<div class=\"elementor-widget-container\">\n\t\t\t\t\t<div class=\"qodef-shortcode qodef-m  qodef-section-title qodef-alignment--left qodef-title-break--disabled\">\n\t\t\t\t<h2 class=\"qodef-m-title\" >\n\t\t\t\t\tl\u00e1cteos ecol\u00f3gicos<br \/> a domicilio\t\t\t<\/h2>\n\t\t<\/div>\n\t\t\t\t<\/div>\n\t\t\t\t<\/div>\n\t\t\t\t<div class=\"elementor-element elementor-element-cc05be3 elementor-widget elementor-widget-text-editor\" data-id=\"cc05be3\" data-element_type=\"widget\" data-e-type=\"widget\" data-widget_type=\"text-editor.default\">\n\t\t\t\t<div class=\"elementor-widget-container\">\n\t\t\t\t\t\t\t\t\t<p>BioBrots, el teu supermercat ecol\u00f2gic, t&#8217;ho posa f\u00e0cil. Et portem llet fresca, formatges i tota mena de l\u00e0ctics ecol\u00f2gics a domicili.\u00a0 Som la teva botiga eco de confian\u00e7a, i per aix\u00f2 et donem l&#8217;oportunitat de fer comandes a domicili per gaudir de l\u00e0ctics que qualitat sempre que ho necessitis.<\/p>\n\t\t\t\t\t\t\t\t<\/div>\n\t\t\t\t<\/div>\n\t\t\t\t<div class=\"elementor-element elementor-element-4ece72b elementor-widget elementor-widget-text-editor\" data-id=\"4ece72b\" data-element_type=\"widget\" data-e-type=\"widget\" data-widget_type=\"text-editor.default\">\n\t\t\t\t<div class=\"elementor-widget-container\">\n\t\t\t\t\t\t\t\t\t<p class=\"p1\"><strong>Llama para obtener m\u00e1s informaci\u00f3n al +34 972 20 90 90 y consulta las rutas de reparto que realizamos.<\/strong><\/p>\t\t\t\t\t\t\t\t<\/div>\n\t\t\t\t<\/div>\n\t\t\t\t<div class=\"elementor-element elementor-element-75effec elementor-widget elementor-widget-agraria_core_button\" data-id=\"75effec\" data-element_type=\"widget\" data-e-type=\"widget\" data-widget_type=\"agraria_core_button.default\">\n\t\t\t\t<div class=\"elementor-widget-container\">\n\t\t\t\t\t<a class=\"qodef-shortcode qodef-m  qodef-button qodef-layout--textual  qodef-html--link\" href=\"mailto:+34%20972%2020%2090%2090\" target=\"_self\"  >\n\t<span class=\"qodef-m-text\">Llamar<\/span>\n    <span class=\"qodef-m-icon\"><svg class=\"qodef-svg--button-arrow\" xmlns=\"http:\/\/www.w3.org\/2000\/svg\" width=\"15.494\" height=\"14.228\" viewBox=\"0 0 15.494 14.228\"><path d=\"m8.77664801 1.48433105 5.65685425 5.65685425L8.776648 12.79803955\"\/><path d=\"M13.478201 7.11360813H.75027894\"\/><\/svg><\/span>\n<\/a>\n\t\t\t\t<\/div>\n\t\t\t\t<\/div>\n\t\t\t\t\t<\/div>\n\t\t<\/div>\n\t\t\t\t\t<\/div>\n\t\t<\/section>\n\t\t\t\t<\/div>\n\t\t","protected":false},"excerpt":{"rendered":"<p>L\u00e1cticos productos l\u00e1cteos frescos A BioBrots hi trobar\u00e0s tota mena de productes l\u00e0ctics frescos de vaca, cabra i ovella; amb grans propietats nutritives i rics en vitamines A, B, C, D i E, aix\u00ed com magnesi, f\u00f2sfor, potassi i zinc. \u00a0 Llet fresca ecol\u00f2gica. Elaborats de la llet: iougurts, k\u00e8firs, entre d&#039;altres. Formatges ecol\u00f2gics. Leche [&hellip;]<\/p>\n","protected":false},"author":1,"featured_media":0,"parent":15186,"menu_order":0,"comment_status":"closed","ping_status":"closed","template":"page-full-width.php","meta":{"footnotes":""},"class_list":["post-15215","page","type-page","status-publish","hentry"],"_links":{"self":[{"href":"https:\/\/biobrots.cat\/es\/wp-json\/wp\/v2\/pages\/15215","targetHints":{"allow":["GET"]}}],"collection":[{"href":"https:\/\/biobrots.cat\/es\/wp-json\/wp\/v2\/pages"}],"about":[{"href":"https:\/\/biobrots.cat\/es\/wp-json\/wp\/v2\/types\/page"}],"author":[{"embeddable":true,"href":"https:\/\/biobrots.cat\/es\/wp-json\/wp\/v2\/users\/1"}],"replies":[{"embeddable":true,"href":"https:\/\/biobrots.cat\/es\/wp-json\/wp\/v2\/comments?post=15215"}],"version-history":[{"count":31,"href":"https:\/\/biobrots.cat\/es\/wp-json\/wp\/v2\/pages\/15215\/revisions"}],"predecessor-version":[{"id":15958,"href":"https:\/\/biobrots.cat\/es\/wp-json\/wp\/v2\/pages\/15215\/revisions\/15958"}],"up":[{"embeddable":true,"href":"https:\/\/biobrots.cat\/es\/wp-json\/wp\/v2\/pages\/15186"}],"wp:attachment":[{"href":"https:\/\/biobrots.cat\/es\/wp-json\/wp\/v2\/media?parent=15215"}],"curies":[{"name":"wp","href":"https:\/\/api.w.org\/{rel}","templated":true}]}}