{"id":15209,"date":"2023-08-11T20:34:08","date_gmt":"2023-08-11T18:34:08","guid":{"rendered":"https:\/\/biobrots.cat\/botiga\/fleca-forn-pa\/"},"modified":"2024-08-12T19:26:22","modified_gmt":"2024-08-12T17:26:22","slug":"fleca-forn-pa","status":"publish","type":"page","link":"https:\/\/biobrots.cat\/es\/botiga\/fleca-forn-pa\/","title":{"rendered":"PANADER\u00cdA"},"content":{"rendered":"\t\t<div data-elementor-type=\"wp-page\" data-elementor-id=\"15209\" class=\"elementor elementor-15209 elementor-12085\" data-elementor-post-type=\"page\">\n\t\t\t\t\t\t<section class=\"elementor-section elementor-top-section elementor-element elementor-element-45bd8e1 elementor-section-full_width qodef-elementor-content-grid elementor-section-height-default elementor-section-height-default\" data-id=\"45bd8e1\" data-element_type=\"section\" data-e-type=\"section\">\n\t\t\t\t\t\t<div class=\"elementor-container elementor-column-gap-default\">\n\t\t\t\t\t<div class=\"elementor-column elementor-col-50 elementor-top-column elementor-element elementor-element-6a36041\" data-id=\"6a36041\" data-element_type=\"column\" data-e-type=\"column\" data-settings=\"{&quot;background_background&quot;:&quot;classic&quot;}\">\n\t\t\t<div class=\"elementor-widget-wrap elementor-element-populated\">\n\t\t\t\t\t\t<div class=\"elementor-element elementor-element-f04a71b elementor-widget elementor-widget-agraria_core_separator\" data-id=\"f04a71b\" data-element_type=\"widget\" data-e-type=\"widget\" data-widget_type=\"agraria_core_separator.default\">\n\t\t\t\t<div class=\"elementor-widget-container\">\n\t\t\t\t\t<div class=\"qodef-shortcode qodef-m  qodef-separator clear qodef-position--center \">\n\t<div class=\"qodef-m-line\" style=\"border-color: #02010100\"><\/div>\n<\/div>\n\t\t\t\t<\/div>\n\t\t\t\t<\/div>\n\t\t\t\t\t<\/div>\n\t\t<\/div>\n\t\t\t\t<div class=\"elementor-column elementor-col-50 elementor-top-column elementor-element elementor-element-552a359\" data-id=\"552a359\" data-element_type=\"column\" data-e-type=\"column\">\n\t\t\t<div class=\"elementor-widget-wrap elementor-element-populated\">\n\t\t\t\t\t\t<div class=\"elementor-element elementor-element-ec80964 elementor-widget elementor-widget-heading\" data-id=\"ec80964\" data-element_type=\"widget\" data-e-type=\"widget\" data-widget_type=\"heading.default\">\n\t\t\t\t<div class=\"elementor-widget-container\">\n\t\t\t\t\t<h2 class=\"elementor-heading-title elementor-size-default\">PANES Y CEREALES \n<\/h2>\t\t\t\t<\/div>\n\t\t\t\t<\/div>\n\t\t\t\t<div class=\"elementor-element elementor-element-9a0e907 elementor-widget elementor-widget-agraria_core_section_title\" data-id=\"9a0e907\" data-element_type=\"widget\" data-e-type=\"widget\" data-widget_type=\"agraria_core_section_title.default\">\n\t\t\t\t<div class=\"elementor-widget-container\">\n\t\t\t\t\t<div class=\"qodef-shortcode qodef-m  qodef-section-title qodef-alignment--left qodef-title-break--disabled\">\n\t\t\t\t<h1 class=\"qodef-m-title\" >\n\t\t\t\t\tFleca Girona<br \/>\t\t\t<\/h1>\n\t\t<\/div>\n\t\t\t\t<\/div>\n\t\t\t\t<\/div>\n\t\t\t\t<div class=\"elementor-element elementor-element-93b58eb elementor-widget elementor-widget-text-editor\" data-id=\"93b58eb\" data-element_type=\"widget\" data-e-type=\"widget\" data-widget_type=\"text-editor.default\">\n\t\t\t\t<div class=\"elementor-widget-container\">\n\t\t\t\t\t\t\t\t\t<p class=\"p1\">En Bio Brots ofrecemos una variedad de pan y reposter\u00eda: cocas, rondas, moldes, barras, cruasanes, etc. Todos ellos provienen de hornos de pan locales, son artesanales y ecol\u00f3gicos, algunos con levadura madre de: trigo integral, kamut, cebada, espelta, esp\u00e1rragos, arroz, ma\u00edz, casta\u00f1a. Tambi\u00e9n tenemos un espacio de pan envasado desde el obrador certificado para personas cel\u00edacas, ya que todos nuestros panes se mezclan en la panader\u00eda de Bio Brots, y deben estar protegidos para preservar la contaminaci\u00f3n y garantizar la seguridad alimentaria.<\/p>\t\t\t\t\t\t\t\t<\/div>\n\t\t\t\t<\/div>\n\t\t\t\t<div class=\"elementor-element elementor-element-1e12315 elementor-widget elementor-widget-agraria_core_icon_list_item\" data-id=\"1e12315\" data-element_type=\"widget\" data-e-type=\"widget\" data-widget_type=\"agraria_core_icon_list_item.default\">\n\t\t\t\t<div class=\"elementor-widget-container\">\n\t\t\t\t\t<div class=\"qodef-icon-list-item qodef-icon--custom-icon\" >\n\t<p class=\"qodef-e-title\" style=\"line-height: 25px\">\n\t\t\t\t\t<span class=\"qodef-e-title-inner\">\n\t\t\t\t<img decoding=\"async\" width=\"30\" height=\"30\" src=\"https:\/\/biobrots.cat\/wp-content\/uploads\/2023\/03\/icon-list.png\" class=\"attachment-full size-full\" alt=\"d\" \/>\t\t\t\t<span class=\"qodef-e-title-text\" style=\"margin-left: 15px;line-height: 25px\">Panes ecol\u00f3gicos certificados. <\/span>\n\t\t\t<\/span>\n\t\t\t<\/p>\n<\/div>\n\t\t\t\t<\/div>\n\t\t\t\t<\/div>\n\t\t\t\t<div class=\"elementor-element elementor-element-7622a55 elementor-widget elementor-widget-agraria_core_icon_list_item\" data-id=\"7622a55\" data-element_type=\"widget\" data-e-type=\"widget\" data-widget_type=\"agraria_core_icon_list_item.default\">\n\t\t\t\t<div class=\"elementor-widget-container\">\n\t\t\t\t\t<div class=\"qodef-icon-list-item qodef-icon--custom-icon\" >\n\t<p class=\"qodef-e-title\" style=\"line-height: 25px\">\n\t\t\t\t\t<span class=\"qodef-e-title-inner\">\n\t\t\t\t<img decoding=\"async\" width=\"30\" height=\"30\" src=\"https:\/\/biobrots.cat\/wp-content\/uploads\/2023\/03\/icon-list.png\" class=\"attachment-full size-full\" alt=\"d\" \/>\t\t\t\t<span class=\"qodef-e-title-text\" style=\"margin-left: 15px;line-height: 25px\">Cocidos en horno de le\u00f1a. <\/span>\n\t\t\t<\/span>\n\t\t\t<\/p>\n<\/div>\n\t\t\t\t<\/div>\n\t\t\t\t<\/div>\n\t\t\t\t<div class=\"elementor-element elementor-element-b2e4fb5 elementor-widget elementor-widget-agraria_core_icon_list_item\" data-id=\"b2e4fb5\" data-element_type=\"widget\" data-e-type=\"widget\" data-widget_type=\"agraria_core_icon_list_item.default\">\n\t\t\t\t<div class=\"elementor-widget-container\">\n\t\t\t\t\t<div class=\"qodef-icon-list-item qodef-icon--custom-icon\" >\n\t<p class=\"qodef-e-title\" style=\"line-height: 25px\">\n\t\t\t\t\t<span class=\"qodef-e-title-inner\">\n\t\t\t\t<img decoding=\"async\" width=\"30\" height=\"30\" src=\"https:\/\/biobrots.cat\/wp-content\/uploads\/2023\/03\/icon-list.png\" class=\"attachment-full size-full\" alt=\"d\" \/>\t\t\t\t<span class=\"qodef-e-title-text\" style=\"margin-left: 15px;line-height: 25px\">Elaborados con harinas ecol\u00f3gicas no transg\u00e9nicas. <\/span>\n\t\t\t<\/span>\n\t\t\t<\/p>\n<\/div>\n\t\t\t\t<\/div>\n\t\t\t\t<\/div>\n\t\t\t\t<div class=\"elementor-element elementor-element-1dd6ae8 elementor-widget elementor-widget-agraria_core_icon_list_item\" data-id=\"1dd6ae8\" data-element_type=\"widget\" data-e-type=\"widget\" data-widget_type=\"agraria_core_icon_list_item.default\">\n\t\t\t\t<div class=\"elementor-widget-container\">\n\t\t\t\t\t<div class=\"qodef-icon-list-item qodef-icon--custom-icon\" >\n\t<p class=\"qodef-e-title\" style=\"line-height: 25px\">\n\t\t\t\t\t<span class=\"qodef-e-title-inner\">\n\t\t\t\t<img decoding=\"async\" width=\"30\" height=\"30\" src=\"https:\/\/biobrots.cat\/wp-content\/uploads\/2023\/03\/icon-list.png\" class=\"attachment-full size-full\" alt=\"d\" \/>\t\t\t\t<span class=\"qodef-e-title-text\" style=\"margin-left: 15px;line-height: 25px\">Uso de levadura madre. <\/span>\n\t\t\t<\/span>\n\t\t\t<\/p>\n<\/div>\n\t\t\t\t<\/div>\n\t\t\t\t<\/div>\n\t\t\t\t<div class=\"elementor-element elementor-element-9d1c4a1 elementor-widget elementor-widget-agraria_core_icon_list_item\" data-id=\"9d1c4a1\" data-element_type=\"widget\" data-e-type=\"widget\" data-widget_type=\"agraria_core_icon_list_item.default\">\n\t\t\t\t<div class=\"elementor-widget-container\">\n\t\t\t\t\t<div class=\"qodef-icon-list-item qodef-icon--custom-icon\" >\n\t<p class=\"qodef-e-title\" style=\"line-height: 25px\">\n\t\t\t\t\t<span class=\"qodef-e-title-inner\">\n\t\t\t\t<img decoding=\"async\" width=\"30\" height=\"30\" src=\"https:\/\/biobrots.cat\/wp-content\/uploads\/2023\/03\/icon-list.png\" class=\"attachment-full size-full\" alt=\"d\" \/>\t\t\t\t<span class=\"qodef-e-title-text\" style=\"margin-left: 15px;line-height: 25px\">Agua purificada. <\/span>\n\t\t\t<\/span>\n\t\t\t<\/p>\n<\/div>\n\t\t\t\t<\/div>\n\t\t\t\t<\/div>\n\t\t\t\t<div class=\"elementor-element elementor-element-02bd319 elementor-widget elementor-widget-agraria_core_icon_list_item\" data-id=\"02bd319\" data-element_type=\"widget\" data-e-type=\"widget\" data-widget_type=\"agraria_core_icon_list_item.default\">\n\t\t\t\t<div class=\"elementor-widget-container\">\n\t\t\t\t\t<div class=\"qodef-icon-list-item qodef-icon--custom-icon\" >\n\t<p class=\"qodef-e-title\" style=\"line-height: 25px\">\n\t\t\t\t\t<span class=\"qodef-e-title-inner\">\n\t\t\t\t<img decoding=\"async\" width=\"30\" height=\"30\" src=\"https:\/\/biobrots.cat\/wp-content\/uploads\/2023\/03\/icon-list.png\" class=\"attachment-full size-full\" alt=\"d\" \/>\t\t\t\t<span class=\"qodef-e-title-text\" style=\"margin-left: 15px;line-height: 25px\">Sal marina sin refinar. <\/span>\n\t\t\t<\/span>\n\t\t\t<\/p>\n<\/div>\n\t\t\t\t<\/div>\n\t\t\t\t<\/div>\n\t\t\t\t\t<\/div>\n\t\t<\/div>\n\t\t\t\t\t<\/div>\n\t\t<\/section>\n\t\t\t\t<section class=\"elementor-section elementor-top-section elementor-element elementor-element-a37adf2 elementor-section-full_width qodef-elementor-content-grid elementor-section-height-default elementor-section-height-default\" data-id=\"a37adf2\" data-element_type=\"section\" data-e-type=\"section\">\n\t\t\t\t\t\t<div class=\"elementor-container elementor-column-gap-default\">\n\t\t\t\t\t<div class=\"elementor-column elementor-col-50 elementor-top-column elementor-element elementor-element-baea069\" data-id=\"baea069\" data-element_type=\"column\" data-e-type=\"column\">\n\t\t\t<div class=\"elementor-widget-wrap elementor-element-populated\">\n\t\t\t\t\t\t<div class=\"elementor-element elementor-element-3206a79 elementor-widget elementor-widget-agraria_core_section_title\" data-id=\"3206a79\" data-element_type=\"widget\" data-e-type=\"widget\" data-widget_type=\"agraria_core_section_title.default\">\n\t\t\t\t<div class=\"elementor-widget-container\">\n\t\t\t\t\t<div class=\"qodef-shortcode qodef-m  qodef-section-title qodef-alignment--left qodef-title-break--disabled\">\n\t\t\t\t<h2 class=\"qodef-m-title\" >\n\t\t\t\t\tcome pan<br \/> ecol\u00f3gico\t\t\t<\/h2>\n\t\t<\/div>\n\t\t\t\t<\/div>\n\t\t\t\t<\/div>\n\t\t\t\t<div class=\"elementor-element elementor-element-47bfb06 elementor-widget elementor-widget-text-editor\" data-id=\"47bfb06\" data-element_type=\"widget\" data-e-type=\"widget\" data-widget_type=\"text-editor.default\">\n\t\t\t\t<div class=\"elementor-widget-container\">\n\t\t\t\t\t\t\t\t\t<p class=\"p1\">Ponemos a tu alcance una selecci\u00f3n de pan ecol\u00f3gico certificado, de la mano de nuestros hornos de confianza para facilitarte el acceso al buen pan.<\/p><p>Descubre nuestra selecci\u00f3n:<\/p>\t\t\t\t\t\t\t\t<\/div>\n\t\t\t\t<\/div>\n\t\t\t\t<div class=\"elementor-element elementor-element-f7d2f7a elementor-widget elementor-widget-text-editor\" data-id=\"f7d2f7a\" data-element_type=\"widget\" data-e-type=\"widget\" data-widget_type=\"text-editor.default\">\n\t\t\t\t<div class=\"elementor-widget-container\">\n\t\t\t\t\t\t\t\t\t<p class=\"p1\"><strong>Pan blanco BIO:<\/strong> Harina de trigo ecol\u00f3gico, elaborado con levadura madre, agua purificada y sal marina sin refinar.<\/p><p class=\"p1\"><strong>Pan integral BIO:<\/strong> Harina de trigo integral ecol\u00f3gico, elaborado de manera tradicional, fermentado con masa madre. M\u00e1s digestivo que las harinas modernas.<\/p><p class=\"p1\"><strong>Pan de espelta BIO:<\/strong> Harina de trigo antiguo ecol\u00f3gico, con efectos antioxidantes y rico en fibra.<\/p><p class=\"p1\"><strong>Pan de kamut BIO:<\/strong> Harina ecol\u00f3gica de kamut, un cereal muy nutritivo. Rico en carbohidratos de aporte energ\u00e9tico. Recomendado para intolerantes al trigo, pero no apto para cel\u00edacos.<\/p><p class=\"p1\"><strong>Pan de esp\u00e1rragos BIO:<\/strong> Harina de esp\u00e1rragos ecol\u00f3gica rica en prote\u00ednas, minerales y antioxidantes. El consumo de esp\u00e1rragos mejora los niveles de az\u00facar en nuestra sangre.<\/p><p class=\"p1\"><strong>Pan de ma\u00edz BIO sin gluten:<\/strong> Harina de ma\u00edz ecol\u00f3gico. Cereal muy apreciado por sus nutrientes y alto contenido de magnesio. De f\u00e1cil digesti\u00f3n. Muy recomendado para ni\u00f1os y deportistas.<\/p><p class=\"p1\"><strong>Pan de arroz BIO sin gluten:<\/strong> Harina de arroz integral ecol\u00f3gico. Rico en carbohidratos con bajo nivel de prote\u00ednas y grasas. Alimento b\u00e1sico para casi la mitad de la poblaci\u00f3n.<\/p><p class=\"p1\"><strong>Croissants BIO, magdalenas, caracolas, pan de Viena:<\/strong> Todos ellos elaborados con harinas ecol\u00f3gicas, mantequilla ecol\u00f3gica y recetas de la antigua Francia.<\/p>\t\t\t\t\t\t\t\t<\/div>\n\t\t\t\t<\/div>\n\t\t\t\t\t<\/div>\n\t\t<\/div>\n\t\t\t\t<div class=\"elementor-column elementor-col-50 elementor-top-column elementor-element elementor-element-90db46b\" data-id=\"90db46b\" data-element_type=\"column\" data-e-type=\"column\" data-settings=\"{&quot;background_background&quot;:&quot;classic&quot;}\">\n\t\t\t<div class=\"elementor-widget-wrap elementor-element-populated\">\n\t\t\t\t\t\t<div class=\"elementor-element elementor-element-ebbd446 elementor-widget elementor-widget-agraria_core_separator\" data-id=\"ebbd446\" data-element_type=\"widget\" data-e-type=\"widget\" data-widget_type=\"agraria_core_separator.default\">\n\t\t\t\t<div class=\"elementor-widget-container\">\n\t\t\t\t\t<div class=\"qodef-shortcode qodef-m  qodef-separator clear qodef-position--center \">\n\t<div class=\"qodef-m-line\" style=\"border-color: #02010100\"><\/div>\n<\/div>\n\t\t\t\t<\/div>\n\t\t\t\t<\/div>\n\t\t\t\t\t<\/div>\n\t\t<\/div>\n\t\t\t\t\t<\/div>\n\t\t<\/section>\n\t\t\t\t<section class=\"elementor-section elementor-top-section elementor-element elementor-element-94744a1 elementor-section-full_width qodef-elementor-content-grid elementor-section-height-default elementor-section-height-default\" data-id=\"94744a1\" data-element_type=\"section\" data-e-type=\"section\">\n\t\t\t\t\t\t<div class=\"elementor-container elementor-column-gap-default\">\n\t\t\t\t\t<div class=\"elementor-column elementor-col-50 elementor-top-column elementor-element elementor-element-3f3050b\" data-id=\"3f3050b\" data-element_type=\"column\" data-e-type=\"column\" data-settings=\"{&quot;background_background&quot;:&quot;classic&quot;}\">\n\t\t\t<div class=\"elementor-widget-wrap elementor-element-populated\">\n\t\t\t\t\t\t<div class=\"elementor-element elementor-element-af82d5e elementor-widget elementor-widget-agraria_core_separator\" data-id=\"af82d5e\" data-element_type=\"widget\" data-e-type=\"widget\" data-widget_type=\"agraria_core_separator.default\">\n\t\t\t\t<div class=\"elementor-widget-container\">\n\t\t\t\t\t<div class=\"qodef-shortcode qodef-m  qodef-separator clear qodef-position--center \">\n\t<div class=\"qodef-m-line\" style=\"border-color: #02010100\"><\/div>\n<\/div>\n\t\t\t\t<\/div>\n\t\t\t\t<\/div>\n\t\t\t\t\t<\/div>\n\t\t<\/div>\n\t\t\t\t<div class=\"elementor-column elementor-col-50 elementor-top-column elementor-element elementor-element-99607ec\" data-id=\"99607ec\" data-element_type=\"column\" data-e-type=\"column\">\n\t\t\t<div class=\"elementor-widget-wrap elementor-element-populated\">\n\t\t\t\t\t\t<div class=\"elementor-element elementor-element-27aec85 elementor-widget elementor-widget-agraria_core_section_title\" data-id=\"27aec85\" data-element_type=\"widget\" data-e-type=\"widget\" data-widget_type=\"agraria_core_section_title.default\">\n\t\t\t\t<div class=\"elementor-widget-container\">\n\t\t\t\t\t<div class=\"qodef-shortcode qodef-m  qodef-section-title qodef-alignment--left qodef-title-break--disabled\">\n\t\t\t\t<h2 class=\"qodef-m-title\" >\n\t\t\t\t\tpa ecol\u00f2gic<br \/> a domicili\t\t\t<\/h2>\n\t\t<\/div>\n\t\t\t\t<\/div>\n\t\t\t\t<\/div>\n\t\t\t\t<div class=\"elementor-element elementor-element-02edd57 elementor-widget elementor-widget-text-editor\" data-id=\"02edd57\" data-element_type=\"widget\" data-e-type=\"widget\" data-widget_type=\"text-editor.default\">\n\t\t\t\t<div class=\"elementor-widget-container\">\n\t\t\t\t\t\t\t\t\t<p class=\"p1\">Pan ecol\u00f3gico a domicilio BioBrots, tu supermercado ecol\u00f3gico, te lo pone f\u00e1cil. Te llevamos el aut\u00e9ntico sabor del pan ecol\u00f3gico a tu domicilio. Somos tu tienda eco de confianza, y por eso te ofrecemos la oportunidad de hacer pedidos a domicilio para disfrutar de panes de calidad siempre que lo desees, \u00a1panes como los de antes!<\/p>\t\t\t\t\t\t\t\t<\/div>\n\t\t\t\t<\/div>\n\t\t\t\t<div class=\"elementor-element elementor-element-9115568 elementor-widget elementor-widget-text-editor\" data-id=\"9115568\" data-element_type=\"widget\" data-e-type=\"widget\" data-widget_type=\"text-editor.default\">\n\t\t\t\t<div class=\"elementor-widget-container\">\n\t\t\t\t\t\t\t\t\t<p class=\"p1\"><strong>para obtener m\u00e1s informaci\u00f3n al<\/strong><b> <a href=\"mailto:+34 972 20 90 90\">+34 972 20 90 90 <\/a><\/b><strong>y consulta las rutas de reparto que realizamos.<\/strong><\/p>\t\t\t\t\t\t\t\t<\/div>\n\t\t\t\t<\/div>\n\t\t\t\t<div class=\"elementor-element elementor-element-8e21540 elementor-widget elementor-widget-agraria_core_button\" data-id=\"8e21540\" data-element_type=\"widget\" data-e-type=\"widget\" data-widget_type=\"agraria_core_button.default\">\n\t\t\t\t<div class=\"elementor-widget-container\">\n\t\t\t\t\t<a class=\"qodef-shortcode qodef-m  qodef-button qodef-layout--textual  qodef-html--link\" href=\"mailto:+34%20972%2020%2090%2090\" target=\"_self\"  >\n\t<span class=\"qodef-m-text\">Llamar<\/span>\n    <span class=\"qodef-m-icon\"><svg class=\"qodef-svg--button-arrow\" xmlns=\"http:\/\/www.w3.org\/2000\/svg\" width=\"15.494\" height=\"14.228\" viewBox=\"0 0 15.494 14.228\"><path d=\"m8.77664801 1.48433105 5.65685425 5.65685425L8.776648 12.79803955\"\/><path d=\"M13.478201 7.11360813H.75027894\"\/><\/svg><\/span>\n<\/a>\n\t\t\t\t<\/div>\n\t\t\t\t<\/div>\n\t\t\t\t\t<\/div>\n\t\t<\/div>\n\t\t\t\t\t<\/div>\n\t\t<\/section>\n\t\t\t\t<\/div>\n\t\t","protected":false},"excerpt":{"rendered":"<p>PANES Y CEREALES Fleca Girona En Bio Brots ofrecemos una variedad de pan y reposter\u00eda: cocas, rondas, moldes, barras, cruasanes, etc. Todos ellos provienen de hornos de pan locales, son artesanales y ecol\u00f3gicos, algunos con levadura madre de: trigo integral, kamut, cebada, espelta, esp\u00e1rragos, arroz, ma\u00edz, casta\u00f1a. Tambi\u00e9n tenemos un espacio de pan envasado desde [&hellip;]<\/p>\n","protected":false},"author":1,"featured_media":0,"parent":15186,"menu_order":0,"comment_status":"closed","ping_status":"closed","template":"page-full-width.php","meta":{"footnotes":""},"class_list":["post-15209","page","type-page","status-publish","hentry"],"_links":{"self":[{"href":"https:\/\/biobrots.cat\/es\/wp-json\/wp\/v2\/pages\/15209","targetHints":{"allow":["GET"]}}],"collection":[{"href":"https:\/\/biobrots.cat\/es\/wp-json\/wp\/v2\/pages"}],"about":[{"href":"https:\/\/biobrots.cat\/es\/wp-json\/wp\/v2\/types\/page"}],"author":[{"embeddable":true,"href":"https:\/\/biobrots.cat\/es\/wp-json\/wp\/v2\/users\/1"}],"replies":[{"embeddable":true,"href":"https:\/\/biobrots.cat\/es\/wp-json\/wp\/v2\/comments?post=15209"}],"version-history":[{"count":15,"href":"https:\/\/biobrots.cat\/es\/wp-json\/wp\/v2\/pages\/15209\/revisions"}],"predecessor-version":[{"id":15897,"href":"https:\/\/biobrots.cat\/es\/wp-json\/wp\/v2\/pages\/15209\/revisions\/15897"}],"up":[{"embeddable":true,"href":"https:\/\/biobrots.cat\/es\/wp-json\/wp\/v2\/pages\/15186"}],"wp:attachment":[{"href":"https:\/\/biobrots.cat\/es\/wp-json\/wp\/v2\/media?parent=15209"}],"curies":[{"name":"wp","href":"https:\/\/api.w.org\/{rel}","templated":true}]}}