{"id":15186,"date":"2023-07-09T15:27:54","date_gmt":"2023-07-09T13:27:54","guid":{"rendered":"https:\/\/biobrots.cat\/botiga\/"},"modified":"2024-08-12T19:13:42","modified_gmt":"2024-08-12T17:13:42","slug":"botiga","status":"publish","type":"page","link":"https:\/\/biobrots.cat\/es\/botiga\/","title":{"rendered":"Tienda"},"content":{"rendered":"\t\t<div data-elementor-type=\"wp-page\" data-elementor-id=\"15186\" class=\"elementor elementor-15186 elementor-11803\" data-elementor-post-type=\"page\">\n\t\t\t\t\t\t<section class=\"elementor-section elementor-top-section elementor-element elementor-element-342e8ab7 elementor-section-full_width qodef-elementor-content-grid elementor-section-height-default elementor-section-height-default\" data-id=\"342e8ab7\" data-element_type=\"section\" data-e-type=\"section\">\n\t\t\t\t\t\t<div class=\"elementor-container elementor-column-gap-default\">\n\t\t\t\t\t<div class=\"elementor-column elementor-col-50 elementor-top-column elementor-element elementor-element-471befc5\" data-id=\"471befc5\" data-element_type=\"column\" data-e-type=\"column\" data-settings=\"{&quot;background_background&quot;:&quot;classic&quot;}\">\n\t\t\t<div class=\"elementor-widget-wrap\">\n\t\t\t\t\t\t\t<\/div>\n\t\t<\/div>\n\t\t\t\t<div class=\"elementor-column elementor-col-50 elementor-top-column elementor-element elementor-element-52a4692a\" data-id=\"52a4692a\" data-element_type=\"column\" data-e-type=\"column\">\n\t\t\t<div class=\"elementor-widget-wrap elementor-element-populated\">\n\t\t\t\t\t\t<div class=\"elementor-element elementor-element-e6f4a4e elementor-widget elementor-widget-agraria_core_section_title\" data-id=\"e6f4a4e\" data-element_type=\"widget\" data-e-type=\"widget\" data-widget_type=\"agraria_core_section_title.default\">\n\t\t\t\t<div class=\"elementor-widget-container\">\n\t\t\t\t\t<div class=\"qodef-shortcode qodef-m  qodef-section-title qodef-alignment--left qodef-title-break--disabled\">\n\t\t\t\t<h1 class=\"qodef-m-title\" >\n\t\t\t\t\tSUPERMERCAT<br> ECOL\u00d2GIC\t\t\t<\/h1>\n\t\t<\/div>\n\t\t\t\t<\/div>\n\t\t\t\t<\/div>\n\t\t\t\t<div class=\"elementor-element elementor-element-303291a7 elementor-widget elementor-widget-text-editor\" data-id=\"303291a7\" data-element_type=\"widget\" data-e-type=\"widget\" data-widget_type=\"text-editor.default\">\n\t\t\t\t<div class=\"elementor-widget-container\">\n\t\t\t\t\t\t\t\t\t<p class=\"p1\">Lo que encontrar\u00e1s en <strong>Bio Brots<\/strong> es una selecci\u00f3n de alimentos frescos y secos que buscan hacer accesible la alimentaci\u00f3n saludable al mayor n\u00famero de personas posible.<\/p>\t\t\t\t\t\t\t\t<\/div>\n\t\t\t\t<\/div>\n\t\t\t\t<div class=\"elementor-element elementor-element-2b8e064b elementor-widget elementor-widget-text-editor\" data-id=\"2b8e064b\" data-element_type=\"widget\" data-e-type=\"widget\" data-widget_type=\"text-editor.default\">\n\t\t\t\t<div class=\"elementor-widget-container\">\n\t\t\t\t\t\t\t\t\t<p class=\"p1\">Encontrar\u00e1s cereales, chocolates, infusiones y t\u00e9s, caf\u00e9s, cereales, pasta, arroces, bebidas vegetales, macrobi\u00f3tica, condimentos, carnicer\u00eda, frutas y verduras frescas, panader\u00eda, diet\u00e9tica, alimentaci\u00f3n vegetariana, un espacio sin gluten, zona de l\u00e1cteos frescos, zona de vinos y cavas. Todo lo que buscas en un supermercado ecol\u00f3gico.<\/p>\t\t\t\t\t\t\t\t<\/div>\n\t\t\t\t<\/div>\n\t\t\t\t\t<\/div>\n\t\t<\/div>\n\t\t\t\t\t<\/div>\n\t\t<\/section>\n\t\t\t\t<section class=\"elementor-section elementor-top-section elementor-element elementor-element-71eab6b3 elementor-section-full_width qodef-elementor-content-grid elementor-section-height-default elementor-section-height-default\" data-id=\"71eab6b3\" data-element_type=\"section\" data-e-type=\"section\">\n\t\t\t\t\t\t<div class=\"elementor-container elementor-column-gap-default\">\n\t\t\t\t\t<div class=\"elementor-column elementor-col-25 elementor-top-column elementor-element elementor-element-1ff08b8e\" data-id=\"1ff08b8e\" data-element_type=\"column\" data-e-type=\"column\">\n\t\t\t<div class=\"elementor-widget-wrap elementor-element-populated\">\n\t\t\t\t\t\t<div class=\"elementor-element elementor-element-1f7e6985 elementor-widget__width-inherit elementor-widget elementor-widget-agraria_core_banner\" data-id=\"1f7e6985\" data-element_type=\"widget\" data-e-type=\"widget\" data-widget_type=\"agraria_core_banner.default\">\n\t\t\t\t<div class=\"elementor-widget-container\">\n\t\t\t\t\t<div class=\"qodef-shortcode qodef-m  qodef-banner qodef-layout--link-overlay \">\n\t<div class=\"qodef-m-image\" >\n\t<img fetchpriority=\"high\" decoding=\"async\" width=\"1081\" height=\"1484\" src=\"https:\/\/biobrots.cat\/wp-content\/uploads\/2023\/08\/Disseny-sense-titol-22.jpg\" class=\"attachment-full size-full\" alt=\"\" srcset=\"https:\/\/biobrots.cat\/wp-content\/uploads\/2023\/08\/Disseny-sense-titol-22.jpg 1081w, https:\/\/biobrots.cat\/wp-content\/uploads\/2023\/08\/Disseny-sense-titol-22-600x824.jpg 600w, https:\/\/biobrots.cat\/wp-content\/uploads\/2023\/08\/Disseny-sense-titol-22-219x300.jpg 219w, https:\/\/biobrots.cat\/wp-content\/uploads\/2023\/08\/Disseny-sense-titol-22-746x1024.jpg 746w, https:\/\/biobrots.cat\/wp-content\/uploads\/2023\/08\/Disseny-sense-titol-22-768x1054.jpg 768w\" sizes=\"(max-width: 1081px) 100vw, 1081px\" \/><\/div>\n\t<div class=\"qodef-m-content\">\n\t\t<div class=\"qodef-m-content-inner\" >\n\t\t\t\t\t\t\t<h3 class=\"qodef-m-title\" style=\"color: #FFFFFF\">\n\t\tCarnicer\u00eda al corte\t<\/h3>\n\t\t\t\t\t<\/div>\n\t<\/div>\n\t<a itemprop=\"url\" href=\"https:\/\/biobrots.cat\/es\/botiga\/carnisseria\/\" class=\"qodef-m-banner-link\" target=\"_self\"><\/a>\n\n<\/div>\n\t\t\t\t<\/div>\n\t\t\t\t<\/div>\n\t\t\t\t\t<\/div>\n\t\t<\/div>\n\t\t\t\t<div class=\"elementor-column elementor-col-25 elementor-top-column elementor-element elementor-element-1db999e8\" data-id=\"1db999e8\" data-element_type=\"column\" data-e-type=\"column\">\n\t\t\t<div class=\"elementor-widget-wrap elementor-element-populated\">\n\t\t\t\t\t\t<div class=\"elementor-element elementor-element-6c20afa8 elementor-widget__width-inherit elementor-widget elementor-widget-agraria_core_banner\" data-id=\"6c20afa8\" data-element_type=\"widget\" data-e-type=\"widget\" data-widget_type=\"agraria_core_banner.default\">\n\t\t\t\t<div class=\"elementor-widget-container\">\n\t\t\t\t\t<div class=\"qodef-shortcode qodef-m  qodef-banner qodef-layout--link-overlay \">\n\t<div class=\"qodef-m-image\" >\n\t<img decoding=\"async\" width=\"1081\" height=\"1484\" src=\"https:\/\/biobrots.cat\/wp-content\/uploads\/2023\/08\/Disseny-sense-titol-23.jpg\" class=\"attachment-full size-full\" alt=\"\" srcset=\"https:\/\/biobrots.cat\/wp-content\/uploads\/2023\/08\/Disseny-sense-titol-23.jpg 1081w, https:\/\/biobrots.cat\/wp-content\/uploads\/2023\/08\/Disseny-sense-titol-23-600x824.jpg 600w, https:\/\/biobrots.cat\/wp-content\/uploads\/2023\/08\/Disseny-sense-titol-23-219x300.jpg 219w, https:\/\/biobrots.cat\/wp-content\/uploads\/2023\/08\/Disseny-sense-titol-23-746x1024.jpg 746w, https:\/\/biobrots.cat\/wp-content\/uploads\/2023\/08\/Disseny-sense-titol-23-768x1054.jpg 768w\" sizes=\"(max-width: 1081px) 100vw, 1081px\" \/><\/div>\n\t<div class=\"qodef-m-content\">\n\t\t<div class=\"qodef-m-content-inner\" >\n\t\t\t\t\t\t\t<h3 class=\"qodef-m-title\" style=\"color: #FFFFFF\">\n\t\tVerdura y fruta\t<\/h3>\n\t\t\t\t\t<\/div>\n\t<\/div>\n\t<a itemprop=\"url\" href=\"https:\/\/biobrots.cat\/es\/botiga\/verdura-fruita\/\" class=\"qodef-m-banner-link\" target=\"_self\"><\/a>\n\n<\/div>\n\t\t\t\t<\/div>\n\t\t\t\t<\/div>\n\t\t\t\t\t<\/div>\n\t\t<\/div>\n\t\t\t\t<div class=\"elementor-column elementor-col-25 elementor-top-column elementor-element elementor-element-b6d6ffd\" data-id=\"b6d6ffd\" data-element_type=\"column\" data-e-type=\"column\">\n\t\t\t<div class=\"elementor-widget-wrap elementor-element-populated\">\n\t\t\t\t\t\t<div class=\"elementor-element elementor-element-8bcbb8f elementor-widget__width-initial elementor-widget elementor-widget-agraria_core_banner\" data-id=\"8bcbb8f\" data-element_type=\"widget\" data-e-type=\"widget\" data-widget_type=\"agraria_core_banner.default\">\n\t\t\t\t<div class=\"elementor-widget-container\">\n\t\t\t\t\t<div class=\"qodef-shortcode qodef-m  qodef-banner qodef-layout--link-overlay \">\n\t<div class=\"qodef-m-image\" >\n\t<img decoding=\"async\" width=\"1081\" height=\"1484\" src=\"https:\/\/biobrots.cat\/wp-content\/uploads\/2023\/08\/Disseny-sense-titol-31.jpg\" class=\"attachment-full size-full\" alt=\"\" srcset=\"https:\/\/biobrots.cat\/wp-content\/uploads\/2023\/08\/Disseny-sense-titol-31.jpg 1081w, https:\/\/biobrots.cat\/wp-content\/uploads\/2023\/08\/Disseny-sense-titol-31-219x300.jpg 219w, https:\/\/biobrots.cat\/wp-content\/uploads\/2023\/08\/Disseny-sense-titol-31-746x1024.jpg 746w, https:\/\/biobrots.cat\/wp-content\/uploads\/2023\/08\/Disseny-sense-titol-31-768x1054.jpg 768w, https:\/\/biobrots.cat\/wp-content\/uploads\/2023\/08\/Disseny-sense-titol-31-600x824.jpg 600w\" sizes=\"(max-width: 1081px) 100vw, 1081px\" \/><\/div>\n\t<div class=\"qodef-m-content\">\n\t\t<div class=\"qodef-m-content-inner\" >\n\t\t\t\t\t\t\t<h3 class=\"qodef-m-title\" style=\"color: #FFFFFF\">\n\t\tpanader\u00eda\t<\/h3>\n\t\t\t\t\t<\/div>\n\t<\/div>\n\t<a itemprop=\"url\" href=\"https:\/\/biobrots.cat\/es\/botiga\/fleca-forn-pa\/\" class=\"qodef-m-banner-link\" target=\"_self\"><\/a>\n\n<\/div>\n\t\t\t\t<\/div>\n\t\t\t\t<\/div>\n\t\t\t\t\t<\/div>\n\t\t<\/div>\n\t\t\t\t<div class=\"elementor-column elementor-col-25 elementor-top-column elementor-element elementor-element-a0f89c1\" data-id=\"a0f89c1\" data-element_type=\"column\" data-e-type=\"column\">\n\t\t\t<div class=\"elementor-widget-wrap elementor-element-populated\">\n\t\t\t\t\t\t<div class=\"elementor-element elementor-element-2aa67b02 elementor-widget__width-inherit elementor-widget elementor-widget-agraria_core_banner\" data-id=\"2aa67b02\" data-element_type=\"widget\" data-e-type=\"widget\" data-widget_type=\"agraria_core_banner.default\">\n\t\t\t\t<div class=\"elementor-widget-container\">\n\t\t\t\t\t<div class=\"qodef-shortcode qodef-m  qodef-banner qodef-layout--link-overlay \">\n\t<div class=\"qodef-m-image\" >\n\t<img loading=\"lazy\" decoding=\"async\" width=\"1081\" height=\"1484\" src=\"https:\/\/biobrots.cat\/wp-content\/uploads\/2023\/08\/Disseny-sense-titol-74.png\" class=\"attachment-full size-full\" alt=\"\" srcset=\"https:\/\/biobrots.cat\/wp-content\/uploads\/2023\/08\/Disseny-sense-titol-74.png 1081w, https:\/\/biobrots.cat\/wp-content\/uploads\/2023\/08\/Disseny-sense-titol-74-600x824.png 600w, https:\/\/biobrots.cat\/wp-content\/uploads\/2023\/08\/Disseny-sense-titol-74-219x300.png 219w, https:\/\/biobrots.cat\/wp-content\/uploads\/2023\/08\/Disseny-sense-titol-74-746x1024.png 746w, https:\/\/biobrots.cat\/wp-content\/uploads\/2023\/08\/Disseny-sense-titol-74-768x1054.png 768w\" sizes=\"(max-width: 1081px) 100vw, 1081px\" \/><\/div>\n\t<div class=\"qodef-m-content\">\n\t\t<div class=\"qodef-m-content-inner\" >\n\t\t\t\t\t\t\t<h3 class=\"qodef-m-title\" style=\"color: #FFFFFF\">\n\t\tL\u00e1cticos\t<\/h3>\n\t\t\t\t\t<\/div>\n\t<\/div>\n\t<a itemprop=\"url\" href=\"https:\/\/biobrots.cat\/es\/botiga\/llet-fresca-formatges-iogurts-eco\/\" class=\"qodef-m-banner-link\" target=\"_self\"><\/a>\n\n<\/div>\n\t\t\t\t<\/div>\n\t\t\t\t<\/div>\n\t\t\t\t\t<\/div>\n\t\t<\/div>\n\t\t\t\t\t<\/div>\n\t\t<\/section>\n\t\t\t\t<section class=\"elementor-section elementor-top-section elementor-element elementor-element-7b8465f elementor-section-full_width qodef-elementor-content-grid elementor-section-height-default elementor-section-height-default\" data-id=\"7b8465f\" data-element_type=\"section\" data-e-type=\"section\">\n\t\t\t\t\t\t<div class=\"elementor-container elementor-column-gap-default\">\n\t\t\t\t\t<div class=\"elementor-column elementor-col-25 elementor-top-column elementor-element elementor-element-420cebc\" data-id=\"420cebc\" data-element_type=\"column\" data-e-type=\"column\">\n\t\t\t<div class=\"elementor-widget-wrap elementor-element-populated\">\n\t\t\t\t\t\t<div class=\"elementor-element elementor-element-ae75572 elementor-widget elementor-widget-agraria_core_banner\" data-id=\"ae75572\" data-element_type=\"widget\" data-e-type=\"widget\" data-widget_type=\"agraria_core_banner.default\">\n\t\t\t\t<div class=\"elementor-widget-container\">\n\t\t\t\t\t<div class=\"qodef-shortcode qodef-m  qodef-banner qodef-layout--link-overlay \">\n\t<div class=\"qodef-m-image\" >\n\t<img loading=\"lazy\" decoding=\"async\" width=\"1081\" height=\"1484\" src=\"https:\/\/biobrots.cat\/wp-content\/uploads\/2023\/08\/Disseny-sense-titol-33.jpg\" class=\"attachment-full size-full\" alt=\"\" srcset=\"https:\/\/biobrots.cat\/wp-content\/uploads\/2023\/08\/Disseny-sense-titol-33.jpg 1081w, https:\/\/biobrots.cat\/wp-content\/uploads\/2023\/08\/Disseny-sense-titol-33-219x300.jpg 219w, https:\/\/biobrots.cat\/wp-content\/uploads\/2023\/08\/Disseny-sense-titol-33-746x1024.jpg 746w, https:\/\/biobrots.cat\/wp-content\/uploads\/2023\/08\/Disseny-sense-titol-33-768x1054.jpg 768w, https:\/\/biobrots.cat\/wp-content\/uploads\/2023\/08\/Disseny-sense-titol-33-600x824.jpg 600w\" sizes=\"(max-width: 1081px) 100vw, 1081px\" \/><\/div>\n\t<div class=\"qodef-m-content\">\n\t\t<div class=\"qodef-m-content-inner\" >\n\t\t\t\t\t\t\t<h3 class=\"qodef-m-title\" style=\"color: #FFFFFF\">\n\t\tBodega\t<\/h3>\n\t\t\t\t\t<\/div>\n\t<\/div>\n\t<a itemprop=\"url\" href=\"https:\/\/biobrots.cat\/es\/botiga\/vins-caves-champange\/\" class=\"qodef-m-banner-link\" target=\"_self\"><\/a>\n\n<\/div>\n\t\t\t\t<\/div>\n\t\t\t\t<\/div>\n\t\t\t\t\t<\/div>\n\t\t<\/div>\n\t\t\t\t<div class=\"elementor-column elementor-col-25 elementor-top-column elementor-element elementor-element-40f3855\" data-id=\"40f3855\" data-element_type=\"column\" data-e-type=\"column\">\n\t\t\t<div class=\"elementor-widget-wrap elementor-element-populated\">\n\t\t\t\t\t\t<div class=\"elementor-element elementor-element-ada8968 elementor-widget elementor-widget-agraria_core_banner\" data-id=\"ada8968\" data-element_type=\"widget\" data-e-type=\"widget\" data-widget_type=\"agraria_core_banner.default\">\n\t\t\t\t<div class=\"elementor-widget-container\">\n\t\t\t\t\t<div class=\"qodef-shortcode qodef-m  qodef-banner qodef-layout--link-overlay \">\n\t<div class=\"qodef-m-image\" >\n\t<img loading=\"lazy\" decoding=\"async\" width=\"1081\" height=\"1484\" src=\"https:\/\/biobrots.cat\/wp-content\/uploads\/2023\/08\/Disseny-sense-titol-24.jpg\" class=\"attachment-full size-full\" alt=\"\" srcset=\"https:\/\/biobrots.cat\/wp-content\/uploads\/2023\/08\/Disseny-sense-titol-24.jpg 1081w, https:\/\/biobrots.cat\/wp-content\/uploads\/2023\/08\/Disseny-sense-titol-24-600x824.jpg 600w, https:\/\/biobrots.cat\/wp-content\/uploads\/2023\/08\/Disseny-sense-titol-24-219x300.jpg 219w, https:\/\/biobrots.cat\/wp-content\/uploads\/2023\/08\/Disseny-sense-titol-24-746x1024.jpg 746w, https:\/\/biobrots.cat\/wp-content\/uploads\/2023\/08\/Disseny-sense-titol-24-768x1054.jpg 768w\" sizes=\"(max-width: 1081px) 100vw, 1081px\" \/><\/div>\n\t<div class=\"qodef-m-content\">\n\t\t<div class=\"qodef-m-content-inner\" >\n\t\t\t\t\t\t\t<h3 class=\"qodef-m-title\" style=\"color: #FFFFFF\">\n\t\tDiet\u00e9tica\t<\/h3>\n\t\t\t\t\t<\/div>\n\t<\/div>\n\t<a itemprop=\"url\" href=\"https:\/\/biobrots.cat\/es\/botiga\/dietetica-cosmetica\/\" class=\"qodef-m-banner-link\" target=\"_self\"><\/a>\n\n<\/div>\n\t\t\t\t<\/div>\n\t\t\t\t<\/div>\n\t\t\t\t\t<\/div>\n\t\t<\/div>\n\t\t\t\t<div class=\"elementor-column elementor-col-25 elementor-top-column elementor-element elementor-element-1f999de\" data-id=\"1f999de\" data-element_type=\"column\" data-e-type=\"column\">\n\t\t\t<div class=\"elementor-widget-wrap elementor-element-populated\">\n\t\t\t\t\t\t<div class=\"elementor-element elementor-element-4f1ff5f elementor-widget elementor-widget-agraria_core_banner\" data-id=\"4f1ff5f\" data-element_type=\"widget\" data-e-type=\"widget\" data-widget_type=\"agraria_core_banner.default\">\n\t\t\t\t<div class=\"elementor-widget-container\">\n\t\t\t\t\t<div class=\"qodef-shortcode qodef-m  qodef-banner qodef-layout--link-overlay \">\n\t<div class=\"qodef-m-image\" >\n\t<img loading=\"lazy\" decoding=\"async\" width=\"1081\" height=\"1484\" src=\"https:\/\/biobrots.cat\/wp-content\/uploads\/2023\/08\/Disseny-sense-titol-25.jpg\" class=\"attachment-full size-full\" alt=\"\" srcset=\"https:\/\/biobrots.cat\/wp-content\/uploads\/2023\/08\/Disseny-sense-titol-25.jpg 1081w, https:\/\/biobrots.cat\/wp-content\/uploads\/2023\/08\/Disseny-sense-titol-25-600x824.jpg 600w, https:\/\/biobrots.cat\/wp-content\/uploads\/2023\/08\/Disseny-sense-titol-25-219x300.jpg 219w, https:\/\/biobrots.cat\/wp-content\/uploads\/2023\/08\/Disseny-sense-titol-25-746x1024.jpg 746w, https:\/\/biobrots.cat\/wp-content\/uploads\/2023\/08\/Disseny-sense-titol-25-768x1054.jpg 768w\" sizes=\"(max-width: 1081px) 100vw, 1081px\" \/><\/div>\n\t<div class=\"qodef-m-content\">\n\t\t<div class=\"qodef-m-content-inner\" >\n\t\t\t\t\t\t\t<h3 class=\"qodef-m-title\" style=\"color: #FFFFFF\">\n\t\tsin gluten y vegano\t<\/h3>\n\t\t\t\t\t<\/div>\n\t<\/div>\n\t<a itemprop=\"url\" href=\"https:\/\/biobrots.cat\/es\/botiga\/sense-gluten\/\" class=\"qodef-m-banner-link\" target=\"_self\"><\/a>\n\n<\/div>\n\t\t\t\t<\/div>\n\t\t\t\t<\/div>\n\t\t\t\t\t<\/div>\n\t\t<\/div>\n\t\t\t\t<div class=\"elementor-column elementor-col-25 elementor-top-column elementor-element elementor-element-523fb20\" data-id=\"523fb20\" data-element_type=\"column\" data-e-type=\"column\">\n\t\t\t<div class=\"elementor-widget-wrap elementor-element-populated\">\n\t\t\t\t\t\t<div class=\"elementor-element elementor-element-1649741 elementor-widget elementor-widget-agraria_core_banner\" data-id=\"1649741\" data-element_type=\"widget\" data-e-type=\"widget\" data-widget_type=\"agraria_core_banner.default\">\n\t\t\t\t<div class=\"elementor-widget-container\">\n\t\t\t\t\t<div class=\"qodef-shortcode qodef-m  qodef-banner qodef-layout--link-overlay \">\n\t<div class=\"qodef-m-image\" >\n\t<img loading=\"lazy\" decoding=\"async\" width=\"1081\" height=\"1484\" src=\"https:\/\/biobrots.cat\/wp-content\/uploads\/2023\/08\/Disseny-sense-titol-26.jpg\" class=\"attachment-full size-full\" alt=\"\" srcset=\"https:\/\/biobrots.cat\/wp-content\/uploads\/2023\/08\/Disseny-sense-titol-26.jpg 1081w, https:\/\/biobrots.cat\/wp-content\/uploads\/2023\/08\/Disseny-sense-titol-26-600x824.jpg 600w, https:\/\/biobrots.cat\/wp-content\/uploads\/2023\/08\/Disseny-sense-titol-26-219x300.jpg 219w, https:\/\/biobrots.cat\/wp-content\/uploads\/2023\/08\/Disseny-sense-titol-26-746x1024.jpg 746w, https:\/\/biobrots.cat\/wp-content\/uploads\/2023\/08\/Disseny-sense-titol-26-768x1054.jpg 768w\" sizes=\"(max-width: 1081px) 100vw, 1081px\" \/><\/div>\n\t<div class=\"qodef-m-content\">\n\t\t<div class=\"qodef-m-content-inner\" >\n\t\t\t\t\t\t\t<h3 class=\"qodef-m-title\" style=\"color: #FFFFFF\">\n\t\tSin azucar\t<\/h3>\n\t\t\t\t\t<\/div>\n\t<\/div>\n\t<a itemprop=\"url\" href=\"https:\/\/biobrots.cat\/es\/botiga\/productes-sense-sucre\/\" class=\"qodef-m-banner-link\" target=\"_self\"><\/a>\n\n<\/div>\n\t\t\t\t<\/div>\n\t\t\t\t<\/div>\n\t\t\t\t\t<\/div>\n\t\t<\/div>\n\t\t\t\t\t<\/div>\n\t\t<\/section>\n\t\t\t\t<section class=\"elementor-section elementor-top-section elementor-element elementor-element-47a08d2 elementor-section-full_width elementor-section-height-default elementor-section-height-default\" data-id=\"47a08d2\" data-element_type=\"section\" data-e-type=\"section\">\n\t\t\t\t\t\t<div class=\"elementor-container elementor-column-gap-default\">\n\t\t\t\t\t<div class=\"elementor-column elementor-col-100 elementor-top-column elementor-element elementor-element-8bad85f\" data-id=\"8bad85f\" data-element_type=\"column\" data-e-type=\"column\">\n\t\t\t<div class=\"elementor-widget-wrap elementor-element-populated\">\n\t\t\t\t\t\t<div class=\"elementor-element elementor-element-6d4a94c9 elementor-widget elementor-widget-agraria_core_section_title\" data-id=\"6d4a94c9\" data-element_type=\"widget\" data-e-type=\"widget\" data-widget_type=\"agraria_core_section_title.default\">\n\t\t\t\t<div class=\"elementor-widget-container\">\n\t\t\t\t\t<div class=\"qodef-shortcode qodef-m  qodef-section-title qodef-alignment--left qodef-title-break--disabled\">\n\t\t\t\t<h2 class=\"qodef-m-title\" >\n\t\t\t\t\tDE LAS HUERTAS PR\u00d3XIMAS<br \/> A TU PLATO\t\t\t<\/h2>\n\t\t<\/div>\n\t\t\t\t<\/div>\n\t\t\t\t<\/div>\n\t\t\t\t<div class=\"elementor-element elementor-element-a8dba38 elementor-widget elementor-widget-text-editor\" data-id=\"a8dba38\" data-element_type=\"widget\" data-e-type=\"widget\" data-widget_type=\"text-editor.default\">\n\t\t\t\t<div class=\"elementor-widget-container\">\n\t\t\t\t\t\t\t\t\t<p class=\"p1\">La temporalidad de los alimentos est\u00e1 marcada tanto por la \u00e9poca del a\u00f1o como por la situaci\u00f3n geogr\u00e1fica del lugar donde se producen. Cada ciclo, temporada, es diferente. No todos los veranos llueve igual o se repite la temperatura del a\u00f1o anterior, ni tampoco la luna se mantiene siempre en el mismo lugar. La agricultura que respeta el ritmo de la tierra tiene muy claro qu\u00e9 es lo mejor para cada momento del a\u00f1o. Por eso, los alimentos m\u00e1s saludables para nosotros y m\u00e1s arm\u00f3nicos con el entorno son los propios de cada \u00e9poca del a\u00f1o: los alimentos de temporada, tambi\u00e9n son los m\u00e1s sabrosos.<\/p><p class=\"p1\"><strong>Estamos a merced del cambio clim\u00e1tico y de las sequ\u00edas o lluvias de la naturaleza, y por eso somos defensores de la sostenibilidad, para intentar mitigar este calentamiento global y la falta de agua. Por eso, a veces no podemos tener todo lo que quisi\u00e9ramos, ya que es la tierra la que nos lo proporciona, y no siempre es posible.<\/strong><\/p><p class=\"p1\">Sin embargo, en Catalu\u00f1a tenemos la suerte de poder llenar la despensa con productos ecol\u00f3gicos, locales y de temporada directos de la agricultura cercana, y en BioBrots los tenemos para que nuestros clientes puedan disfrutar de ellos. Frutas y verduras ecol\u00f3gicas, de proximidad y de temporada.<\/p>\t\t\t\t\t\t\t\t<\/div>\n\t\t\t\t<\/div>\n\t\t\t\t\t<\/div>\n\t\t<\/div>\n\t\t\t\t\t<\/div>\n\t\t<\/section>\n\t\t\t\t<section class=\"elementor-section elementor-top-section elementor-element elementor-element-5930339 elementor-section-boxed elementor-section-height-default elementor-section-height-default\" data-id=\"5930339\" data-element_type=\"section\" data-e-type=\"section\">\n\t\t\t\t\t\t<div class=\"elementor-container elementor-column-gap-default\">\n\t\t\t\t\t<div class=\"elementor-column elementor-col-50 elementor-top-column elementor-element elementor-element-1399a24\" data-id=\"1399a24\" data-element_type=\"column\" data-e-type=\"column\">\n\t\t\t<div class=\"elementor-widget-wrap elementor-element-populated\">\n\t\t\t\t\t\t<div class=\"elementor-element elementor-element-6496c7a elementor-widget elementor-widget-image\" data-id=\"6496c7a\" data-element_type=\"widget\" data-e-type=\"widget\" data-widget_type=\"image.default\">\n\t\t\t\t<div class=\"elementor-widget-container\">\n\t\t\t\t\t\t\t\t\t\t\t\t\t\t\t<img loading=\"lazy\" decoding=\"async\" width=\"774\" height=\"1024\" src=\"https:\/\/biobrots.cat\/wp-content\/uploads\/2023\/08\/img_1-774x1024.jpg\" class=\"attachment-large size-large wp-image-14546\" alt=\"\" srcset=\"https:\/\/biobrots.cat\/wp-content\/uploads\/2023\/08\/img_1-774x1024.jpg 774w, https:\/\/biobrots.cat\/wp-content\/uploads\/2023\/08\/img_1-227x300.jpg 227w, https:\/\/biobrots.cat\/wp-content\/uploads\/2023\/08\/img_1-768x1016.jpg 768w, https:\/\/biobrots.cat\/wp-content\/uploads\/2023\/08\/img_1-600x794.jpg 600w, https:\/\/biobrots.cat\/wp-content\/uploads\/2023\/08\/img_1.jpg 1153w\" sizes=\"(max-width: 774px) 100vw, 774px\" \/>\t\t\t\t\t\t\t\t\t\t\t\t\t\t\t<\/div>\n\t\t\t\t<\/div>\n\t\t\t\t\t<\/div>\n\t\t<\/div>\n\t\t\t\t<div class=\"elementor-column elementor-col-50 elementor-top-column elementor-element elementor-element-5730900\" data-id=\"5730900\" data-element_type=\"column\" data-e-type=\"column\">\n\t\t\t<div class=\"elementor-widget-wrap elementor-element-populated\">\n\t\t\t\t\t\t<div class=\"elementor-element elementor-element-da3ae58 elementor-widget elementor-widget-image\" data-id=\"da3ae58\" data-element_type=\"widget\" data-e-type=\"widget\" data-widget_type=\"image.default\">\n\t\t\t\t<div class=\"elementor-widget-container\">\n\t\t\t\t\t\t\t\t\t\t\t\t\t\t\t<img loading=\"lazy\" decoding=\"async\" width=\"999\" height=\"1024\" src=\"https:\/\/biobrots.cat\/wp-content\/uploads\/2023\/08\/img_2-999x1024.jpg\" class=\"attachment-large size-large wp-image-14543\" alt=\"\" srcset=\"https:\/\/biobrots.cat\/wp-content\/uploads\/2023\/08\/img_2-999x1024.jpg 999w, https:\/\/biobrots.cat\/wp-content\/uploads\/2023\/08\/img_2-293x300.jpg 293w, https:\/\/biobrots.cat\/wp-content\/uploads\/2023\/08\/img_2-768x787.jpg 768w, https:\/\/biobrots.cat\/wp-content\/uploads\/2023\/08\/img_2-600x615.jpg 600w, https:\/\/biobrots.cat\/wp-content\/uploads\/2023\/08\/img_2.jpg 1153w\" sizes=\"(max-width: 999px) 100vw, 999px\" \/>\t\t\t\t\t\t\t\t\t\t\t\t\t\t\t<\/div>\n\t\t\t\t<\/div>\n\t\t\t\t\t<\/div>\n\t\t<\/div>\n\t\t\t\t\t<\/div>\n\t\t<\/section>\n\t\t\t\t<\/div>\n\t\t","protected":false},"excerpt":{"rendered":"<p>SUPERMERCAT ECOL\u00d2GIC Lo que encontrar\u00e1s en Bio Brots es una selecci\u00f3n de alimentos frescos y secos que buscan hacer accesible la alimentaci\u00f3n saludable al mayor n\u00famero de personas posible. Encontrar\u00e1s cereales, chocolates, infusiones y t\u00e9s, caf\u00e9s, cereales, pasta, arroces, bebidas vegetales, macrobi\u00f3tica, condimentos, carnicer\u00eda, frutas y verduras frescas, panader\u00eda, diet\u00e9tica, alimentaci\u00f3n vegetariana, un espacio sin [&hellip;]<\/p>\n","protected":false},"author":1,"featured_media":0,"parent":0,"menu_order":0,"comment_status":"closed","ping_status":"closed","template":"","meta":{"footnotes":""},"class_list":["post-15186","page","type-page","status-publish","hentry"],"_links":{"self":[{"href":"https:\/\/biobrots.cat\/es\/wp-json\/wp\/v2\/pages\/15186","targetHints":{"allow":["GET"]}}],"collection":[{"href":"https:\/\/biobrots.cat\/es\/wp-json\/wp\/v2\/pages"}],"about":[{"href":"https:\/\/biobrots.cat\/es\/wp-json\/wp\/v2\/types\/page"}],"author":[{"embeddable":true,"href":"https:\/\/biobrots.cat\/es\/wp-json\/wp\/v2\/users\/1"}],"replies":[{"embeddable":true,"href":"https:\/\/biobrots.cat\/es\/wp-json\/wp\/v2\/comments?post=15186"}],"version-history":[{"count":19,"href":"https:\/\/biobrots.cat\/es\/wp-json\/wp\/v2\/pages\/15186\/revisions"}],"predecessor-version":[{"id":15885,"href":"https:\/\/biobrots.cat\/es\/wp-json\/wp\/v2\/pages\/15186\/revisions\/15885"}],"wp:attachment":[{"href":"https:\/\/biobrots.cat\/es\/wp-json\/wp\/v2\/media?parent=15186"}],"curies":[{"name":"wp","href":"https:\/\/api.w.org\/{rel}","templated":true}]}}