{"id":15439,"date":"2023-03-29T12:31:49","date_gmt":"2023-03-29T10:31:49","guid":{"rendered":"https:\/\/biobrots.cat\/botiga\/llet-fresca-formatges-iogurts-eco\/"},"modified":"2024-08-14T12:02:35","modified_gmt":"2024-08-14T10:02:35","slug":"llet-fresca-formatges-iogurts-eco","status":"publish","type":"page","link":"https:\/\/biobrots.cat\/en\/botiga\/llet-fresca-formatges-iogurts-eco\/","title":{"rendered":"FRESH MILK, CHEESE AND YOGURT"},"content":{"rendered":"\t\t<div data-elementor-type=\"wp-page\" data-elementor-id=\"15439\" class=\"elementor elementor-15439 elementor-4114\" data-elementor-post-type=\"page\">\n\t\t\t\t\t\t<section class=\"elementor-section elementor-top-section elementor-element elementor-element-45bd8e1 elementor-section-full_width qodef-elementor-content-grid elementor-section-height-default elementor-section-height-default\" data-id=\"45bd8e1\" data-element_type=\"section\" data-e-type=\"section\">\n\t\t\t\t\t\t<div class=\"elementor-container elementor-column-gap-default\">\n\t\t\t\t\t<div class=\"elementor-column elementor-col-50 elementor-top-column elementor-element elementor-element-3410541\" data-id=\"3410541\" data-element_type=\"column\" data-e-type=\"column\" data-settings=\"{&quot;background_background&quot;:&quot;classic&quot;}\">\n\t\t\t<div class=\"elementor-widget-wrap elementor-element-populated\">\n\t\t\t\t\t\t<div class=\"elementor-element elementor-element-858a43e elementor-widget elementor-widget-agraria_core_separator\" data-id=\"858a43e\" data-element_type=\"widget\" data-e-type=\"widget\" data-widget_type=\"agraria_core_separator.default\">\n\t\t\t\t<div class=\"elementor-widget-container\">\n\t\t\t\t\t<div class=\"qodef-shortcode qodef-m  qodef-separator clear qodef-position--center \">\n\t<div class=\"qodef-m-line\" style=\"border-color: #02010100\"><\/div>\n<\/div>\n\t\t\t\t<\/div>\n\t\t\t\t<\/div>\n\t\t\t\t\t<\/div>\n\t\t<\/div>\n\t\t\t\t<div class=\"elementor-column elementor-col-50 elementor-top-column elementor-element elementor-element-552a359\" data-id=\"552a359\" data-element_type=\"column\" data-e-type=\"column\">\n\t\t\t<div class=\"elementor-widget-wrap elementor-element-populated\">\n\t\t\t\t\t\t<div class=\"elementor-element elementor-element-7817073 elementor-widget elementor-widget-heading\" data-id=\"7817073\" data-element_type=\"widget\" data-e-type=\"widget\" data-widget_type=\"heading.default\">\n\t\t\t\t<div class=\"elementor-widget-container\">\n\t\t\t\t\t<h2 class=\"elementor-heading-title elementor-size-default\">dairy products<\/h2>\t\t\t\t<\/div>\n\t\t\t\t<\/div>\n\t\t\t\t<div class=\"elementor-element elementor-element-9a0e907 elementor-widget elementor-widget-agraria_core_section_title\" data-id=\"9a0e907\" data-element_type=\"widget\" data-e-type=\"widget\" data-widget_type=\"agraria_core_section_title.default\">\n\t\t\t\t<div class=\"elementor-widget-container\">\n\t\t\t\t\t<div class=\"qodef-shortcode qodef-m  qodef-section-title qodef-alignment--left qodef-title-break--disabled\">\n\t\t\t\t<h2 class=\"qodef-m-title\" >\n\t\t\t\t\tfresh dairy<br \/> products\t\t\t<\/h2>\n\t\t<\/div>\n\t\t\t\t<\/div>\n\t\t\t\t<\/div>\n\t\t\t\t<div class=\"elementor-element elementor-element-93b58eb elementor-widget elementor-widget-text-editor\" data-id=\"93b58eb\" data-element_type=\"widget\" data-e-type=\"widget\" data-widget_type=\"text-editor.default\">\n\t\t\t\t<div class=\"elementor-widget-container\">\n\t\t\t\t\t\t\t\t\t<p>A BioBrots hi trobar\u00e0s tota mena de productes l\u00e0ctics frescos de vaca, cabra i ovella; amb grans propietats nutritives i rics en vitamines A, B, C, D i E, aix\u00ed com magnesi, f\u00f2sfor, potassi i zinc.<\/p>\t\t\t\t\t\t\t\t<\/div>\n\t\t\t\t<\/div>\n\t\t\t\t<div class=\"elementor-element elementor-element-1e12315 elementor-widget elementor-widget-agraria_core_icon_list_item\" data-id=\"1e12315\" data-element_type=\"widget\" data-e-type=\"widget\" data-widget_type=\"agraria_core_icon_list_item.default\">\n\t\t\t\t<div class=\"elementor-widget-container\">\n\t\t\t\t\t<div class=\"qodef-icon-list-item qodef-icon--custom-icon\" >\n\t<p class=\"qodef-e-title\" style=\"line-height: 25px\">\n\t\t\t\t\t<span class=\"qodef-e-title-inner\">\n\t\t\t\t<img decoding=\"async\" width=\"30\" height=\"30\" src=\"https:\/\/biobrots.cat\/wp-content\/uploads\/2023\/03\/icon-list.png\" class=\"attachment-full size-full\" alt=\"d\" \/>\t\t\t\t<span class=\"qodef-e-title-text\" style=\"margin-left: 15px;line-height: 25px\">Llet fresca ecol\u00f2gica.<\/span>\n\t\t\t<\/span>\n\t\t\t<\/p>\n<\/div>\n\t\t\t\t<\/div>\n\t\t\t\t<\/div>\n\t\t\t\t<div class=\"elementor-element elementor-element-2c7a269 elementor-widget elementor-widget-agraria_core_icon_list_item\" data-id=\"2c7a269\" data-element_type=\"widget\" data-e-type=\"widget\" data-widget_type=\"agraria_core_icon_list_item.default\">\n\t\t\t\t<div class=\"elementor-widget-container\">\n\t\t\t\t\t<div class=\"qodef-icon-list-item qodef-icon--custom-icon\" >\n\t<p class=\"qodef-e-title\" style=\"line-height: 25px\">\n\t\t\t\t\t<span class=\"qodef-e-title-inner\">\n\t\t\t\t<img decoding=\"async\" width=\"30\" height=\"30\" src=\"https:\/\/biobrots.cat\/wp-content\/uploads\/2023\/03\/icon-list.png\" class=\"attachment-full size-full\" alt=\"d\" \/>\t\t\t\t<span class=\"qodef-e-title-text\" style=\"margin-left: 15px;line-height: 25px\">Elaborats de la llet: iougurts, k\u00e8firs, entre d&#039;altres.<\/span>\n\t\t\t<\/span>\n\t\t\t<\/p>\n<\/div>\n\t\t\t\t<\/div>\n\t\t\t\t<\/div>\n\t\t\t\t<div class=\"elementor-element elementor-element-9dfd55a elementor-widget elementor-widget-agraria_core_icon_list_item\" data-id=\"9dfd55a\" data-element_type=\"widget\" data-e-type=\"widget\" data-widget_type=\"agraria_core_icon_list_item.default\">\n\t\t\t\t<div class=\"elementor-widget-container\">\n\t\t\t\t\t<div class=\"qodef-icon-list-item qodef-icon--custom-icon\" >\n\t<p class=\"qodef-e-title\" style=\"line-height: 25px\">\n\t\t\t\t\t<span class=\"qodef-e-title-inner\">\n\t\t\t\t<img decoding=\"async\" width=\"30\" height=\"30\" src=\"https:\/\/biobrots.cat\/wp-content\/uploads\/2023\/03\/icon-list.png\" class=\"attachment-full size-full\" alt=\"d\" \/>\t\t\t\t<span class=\"qodef-e-title-text\" style=\"margin-left: 15px;line-height: 25px\">Formatges ecol\u00f2gics.<\/span>\n\t\t\t<\/span>\n\t\t\t<\/p>\n<\/div>\n\t\t\t\t<\/div>\n\t\t\t\t<\/div>\n\t\t\t\t\t<\/div>\n\t\t<\/div>\n\t\t\t\t\t<\/div>\n\t\t<\/section>\n\t\t\t\t<section class=\"elementor-section elementor-top-section elementor-element elementor-element-17cb58c elementor-section-full_width qodef-elementor-content-grid elementor-section-height-default elementor-section-height-default\" data-id=\"17cb58c\" data-element_type=\"section\" data-e-type=\"section\">\n\t\t\t\t\t\t<div class=\"elementor-container elementor-column-gap-default\">\n\t\t\t\t\t<div class=\"elementor-column elementor-col-50 elementor-top-column elementor-element elementor-element-d8f1768\" data-id=\"d8f1768\" data-element_type=\"column\" data-e-type=\"column\">\n\t\t\t<div class=\"elementor-widget-wrap elementor-element-populated\">\n\t\t\t\t\t\t<div class=\"elementor-element elementor-element-6081755 elementor-widget elementor-widget-agraria_core_section_title\" data-id=\"6081755\" data-element_type=\"widget\" data-e-type=\"widget\" data-widget_type=\"agraria_core_section_title.default\">\n\t\t\t\t<div class=\"elementor-widget-container\">\n\t\t\t\t\t<div class=\"qodef-shortcode qodef-m  qodef-section-title qodef-alignment--left qodef-title-break--disabled\">\n\t\t\t\t<h2 class=\"qodef-m-title\" >\n\t\t\t\t\tFresh milk<br \/> in Girona\t\t\t<\/h2>\n\t\t<\/div>\n\t\t\t\t<\/div>\n\t\t\t\t<\/div>\n\t\t\t\t<div class=\"elementor-element elementor-element-c06b28f elementor-widget elementor-widget-text-editor\" data-id=\"c06b28f\" data-element_type=\"widget\" data-e-type=\"widget\" data-widget_type=\"text-editor.default\">\n\t\t\t\t<div class=\"elementor-widget-container\">\n\t\t\t\t\t\t\t\t\t<p class=\"p1\">Cow, goat and sheep. You can find the fresh and ecological milk with 10-day expiration that brings much more nutrients than pasteurized milk. Milk is rich in proteins, calcium, vitamins A,B,C,D and E, magnesium, phosphor, potassium and zinc. Milk products: yogurt, kefir and ecological cheeses, with a careful selection of milk from small proximity producers that take a special care of their products.<\/p>\t\t\t\t\t\t\t\t<\/div>\n\t\t\t\t<\/div>\n\t\t\t\t<div class=\"elementor-element elementor-element-727c2c1 elementor-widget elementor-widget-agraria_core_section_title\" data-id=\"727c2c1\" data-element_type=\"widget\" data-e-type=\"widget\" data-widget_type=\"agraria_core_section_title.default\">\n\t\t\t\t<div class=\"elementor-widget-container\">\n\t\t\t\t\t<div class=\"qodef-shortcode qodef-m  qodef-section-title qodef-alignment--left qodef-title-break--disabled\">\n\t\t\t\t<h2 class=\"qodef-m-title\" >\n\t\t\t\t\tYOGURTS AND<br \/> KEFIRS\t\t\t<\/h2>\n\t\t<\/div>\n\t\t\t\t<\/div>\n\t\t\t\t<\/div>\n\t\t\t\t<div class=\"elementor-element elementor-element-fbf0d87 elementor-widget elementor-widget-text-editor\" data-id=\"fbf0d87\" data-element_type=\"widget\" data-e-type=\"widget\" data-widget_type=\"text-editor.default\">\n\t\t\t\t<div class=\"elementor-widget-container\">\n\t\t\t\t\t\t\t\t\t<p>Tamb\u00e9 disposem de diversos elaborats de la llet com iogurts, quefirs, entre molts altres productes; amb una acurada selecci\u00f3 de llet. Gr\u00e0cies als productors de la zona podem garantir un producte de gran qualitat als nostres clients.<\/p>\t\t\t\t\t\t\t\t<\/div>\n\t\t\t\t<\/div>\n\t\t\t\t<div class=\"elementor-element elementor-element-4c0999d elementor-widget elementor-widget-agraria_core_section_title\" data-id=\"4c0999d\" data-element_type=\"widget\" data-e-type=\"widget\" data-widget_type=\"agraria_core_section_title.default\">\n\t\t\t\t<div class=\"elementor-widget-container\">\n\t\t\t\t\t<div class=\"qodef-shortcode qodef-m  qodef-section-title qodef-alignment--left qodef-title-break--disabled\">\n\t\t\t\t<h2 class=\"qodef-m-title\" >\n\t\t\t\t\teco cheeses<br \/>\t\t\t<\/h2>\n\t\t<\/div>\n\t\t\t\t<\/div>\n\t\t\t\t<\/div>\n\t\t\t\t<div class=\"elementor-element elementor-element-7a23e5e elementor-widget elementor-widget-text-editor\" data-id=\"7a23e5e\" data-element_type=\"widget\" data-e-type=\"widget\" data-widget_type=\"text-editor.default\">\n\t\t\t\t<div class=\"elementor-widget-container\">\n\t\t\t\t\t\t\t\t\t<p>Per \u00faltim, si ets fan del formatge, et recomanem que demanis per la nostra carta de formatges ecol\u00f2gics al personal del supermercat sostenible BioBrots.<\/p>\t\t\t\t\t\t\t\t<\/div>\n\t\t\t\t<\/div>\n\t\t\t\t\t<\/div>\n\t\t<\/div>\n\t\t\t\t<div class=\"elementor-column elementor-col-50 elementor-top-column elementor-element elementor-element-6a36041\" data-id=\"6a36041\" data-element_type=\"column\" data-e-type=\"column\" data-settings=\"{&quot;background_background&quot;:&quot;classic&quot;}\">\n\t\t\t<div class=\"elementor-widget-wrap elementor-element-populated\">\n\t\t\t\t\t\t<div class=\"elementor-element elementor-element-f04a71b elementor-widget elementor-widget-agraria_core_separator\" data-id=\"f04a71b\" data-element_type=\"widget\" data-e-type=\"widget\" data-widget_type=\"agraria_core_separator.default\">\n\t\t\t\t<div class=\"elementor-widget-container\">\n\t\t\t\t\t<div class=\"qodef-shortcode qodef-m  qodef-separator clear qodef-position--center \">\n\t<div class=\"qodef-m-line\" style=\"border-color: #02010100\"><\/div>\n<\/div>\n\t\t\t\t<\/div>\n\t\t\t\t<\/div>\n\t\t\t\t\t<\/div>\n\t\t<\/div>\n\t\t\t\t\t<\/div>\n\t\t<\/section>\n\t\t\t\t<section class=\"elementor-section elementor-top-section elementor-element elementor-element-02e5618 elementor-section-full_width qodef-elementor-content-grid elementor-section-height-default elementor-section-height-default\" data-id=\"02e5618\" data-element_type=\"section\" data-e-type=\"section\">\n\t\t\t\t\t\t<div class=\"elementor-container elementor-column-gap-default\">\n\t\t\t\t\t<div class=\"elementor-column elementor-col-50 elementor-top-column elementor-element elementor-element-7a3fd72\" data-id=\"7a3fd72\" data-element_type=\"column\" data-e-type=\"column\" data-settings=\"{&quot;background_background&quot;:&quot;classic&quot;}\">\n\t\t\t<div class=\"elementor-widget-wrap elementor-element-populated\">\n\t\t\t\t\t\t<div class=\"elementor-element elementor-element-9ad329c elementor-widget elementor-widget-agraria_core_separator\" data-id=\"9ad329c\" data-element_type=\"widget\" data-e-type=\"widget\" data-widget_type=\"agraria_core_separator.default\">\n\t\t\t\t<div class=\"elementor-widget-container\">\n\t\t\t\t\t<div class=\"qodef-shortcode qodef-m  qodef-separator clear qodef-position--center \">\n\t<div class=\"qodef-m-line\" style=\"border-color: #02010100\"><\/div>\n<\/div>\n\t\t\t\t<\/div>\n\t\t\t\t<\/div>\n\t\t\t\t\t<\/div>\n\t\t<\/div>\n\t\t\t\t<div class=\"elementor-column elementor-col-50 elementor-top-column elementor-element elementor-element-9228a4e\" data-id=\"9228a4e\" data-element_type=\"column\" data-e-type=\"column\">\n\t\t\t<div class=\"elementor-widget-wrap elementor-element-populated\">\n\t\t\t\t\t\t<div class=\"elementor-element elementor-element-41ed8a9 elementor-widget elementor-widget-agraria_core_section_title\" data-id=\"41ed8a9\" data-element_type=\"widget\" data-e-type=\"widget\" data-widget_type=\"agraria_core_section_title.default\">\n\t\t\t\t<div class=\"elementor-widget-container\">\n\t\t\t\t\t<div class=\"qodef-shortcode qodef-m  qodef-section-title qodef-alignment--left qodef-title-break--disabled\">\n\t\t\t\t<h2 class=\"qodef-m-title\" >\n\t\t\t\t\torganic dairy<br \/> at home\t\t\t<\/h2>\n\t\t<\/div>\n\t\t\t\t<\/div>\n\t\t\t\t<\/div>\n\t\t\t\t<div class=\"elementor-element elementor-element-cc05be3 elementor-widget elementor-widget-text-editor\" data-id=\"cc05be3\" data-element_type=\"widget\" data-e-type=\"widget\" data-widget_type=\"text-editor.default\">\n\t\t\t\t<div class=\"elementor-widget-container\">\n\t\t\t\t\t\t\t\t\t<p class=\"p1\">BioBrots, your ecological supermarket, is easy.<span class=\"Apple-converted-space\">\u00a0<\/span><\/p><p class=\"p1\">And you must arrive at your home with the products you need for your well-being. We are the eco-friendly shop of trust, and for this and given the opportunity to command at home by BioBrots whenever it is necessary.<span class=\"Apple-converted-space\">\u00a0<\/span><\/p>\t\t\t\t\t\t\t\t<\/div>\n\t\t\t\t<\/div>\n\t\t\t\t<div class=\"elementor-element elementor-element-4ece72b elementor-widget elementor-widget-text-editor\" data-id=\"4ece72b\" data-element_type=\"widget\" data-e-type=\"widget\" data-widget_type=\"text-editor.default\">\n\t\t\t\t<div class=\"elementor-widget-container\">\n\t\t\t\t\t\t\t\t\t<p class=\"p1\"><strong>Trick for more information at +34 972 20 90 90 and information on the distribution routes that women.<\/strong><\/p>\t\t\t\t\t\t\t\t<\/div>\n\t\t\t\t<\/div>\n\t\t\t\t<div class=\"elementor-element elementor-element-75effec elementor-widget elementor-widget-agraria_core_button\" data-id=\"75effec\" data-element_type=\"widget\" data-e-type=\"widget\" data-widget_type=\"agraria_core_button.default\">\n\t\t\t\t<div class=\"elementor-widget-container\">\n\t\t\t\t\t<a class=\"qodef-shortcode qodef-m  qodef-button qodef-layout--textual  qodef-html--link\" href=\"mailto:+34%20972%2020%2090%2090\" target=\"_self\"  >\n\t<span class=\"qodef-m-text\">to call<\/span>\n    <span class=\"qodef-m-icon\"><svg class=\"qodef-svg--button-arrow\" xmlns=\"http:\/\/www.w3.org\/2000\/svg\" width=\"15.494\" height=\"14.228\" viewBox=\"0 0 15.494 14.228\"><path d=\"m8.77664801 1.48433105 5.65685425 5.65685425L8.776648 12.79803955\"\/><path d=\"M13.478201 7.11360813H.75027894\"\/><\/svg><\/span>\n<\/a>\n\t\t\t\t<\/div>\n\t\t\t\t<\/div>\n\t\t\t\t\t<\/div>\n\t\t<\/div>\n\t\t\t\t\t<\/div>\n\t\t<\/section>\n\t\t\t\t<section class=\"elementor-section elementor-top-section elementor-element elementor-element-def335b elementor-section-full_width qodef-elementor-content-grid elementor-section-height-default elementor-section-height-default\" data-id=\"def335b\" data-element_type=\"section\" data-e-type=\"section\" data-settings=\"{&quot;background_background&quot;:&quot;classic&quot;}\">\n\t\t\t\t\t\t<div class=\"elementor-container elementor-column-gap-default\">\n\t\t\t\t\t<div class=\"elementor-column elementor-col-25 elementor-top-column elementor-element elementor-element-0445817\" data-id=\"0445817\" data-element_type=\"column\" data-e-type=\"column\">\n\t\t\t<div class=\"elementor-widget-wrap elementor-element-populated\">\n\t\t\t\t\t\t<div class=\"elementor-element elementor-element-2f0e17e elementor-widget__width-auto elementor-widget elementor-widget-agraria_core_icon_with_text\" data-id=\"2f0e17e\" data-element_type=\"widget\" data-e-type=\"widget\" data-widget_type=\"agraria_core_icon_with_text.default\">\n\t\t\t\t<div class=\"elementor-widget-container\">\n\t\t\t\t\t<div class=\"qodef-shortcode qodef-m  qodef-icon-with-text qodef-layout--top qodef--custom-icon qodef--retina qodef-alignment--center\">\n\t<div class=\"qodef-m-icon-wrapper\">\n\t\t\t\t\t<img decoding=\"async\" width=\"213\" height=\"173\" src=\"https:\/\/biobrots.cat\/wp-content\/uploads\/2023\/03\/icon-1.png\" class=\"attachment-full size-full\" alt=\"h\" \/>\t\t<\/div>\n\t<div class=\"qodef-m-content\">\n\t\t\t\t\t<\/div>\n<\/div>\n\t\t\t\t<\/div>\n\t\t\t\t<\/div>\n\t\t\t\t<div class=\"elementor-element elementor-element-9828fb6 elementor-widget__width-auto elementor-widget elementor-widget-text-editor\" data-id=\"9828fb6\" data-element_type=\"widget\" data-e-type=\"widget\" data-widget_type=\"text-editor.default\">\n\t\t\t\t<div class=\"elementor-widget-container\">\n\t\t\t\t\t\t\t\t\t<p style=\"text-align: center;\">Aliments ecol\u00f2gics certificats<\/p>\t\t\t\t\t\t\t\t<\/div>\n\t\t\t\t<\/div>\n\t\t\t\t\t<\/div>\n\t\t<\/div>\n\t\t\t\t<div class=\"elementor-column elementor-col-25 elementor-top-column elementor-element elementor-element-9667d04\" data-id=\"9667d04\" data-element_type=\"column\" data-e-type=\"column\">\n\t\t\t<div class=\"elementor-widget-wrap elementor-element-populated\">\n\t\t\t\t\t\t<div class=\"elementor-element elementor-element-4483409 elementor-widget__width-auto elementor-widget elementor-widget-agraria_core_icon_with_text\" data-id=\"4483409\" data-element_type=\"widget\" data-e-type=\"widget\" data-widget_type=\"agraria_core_icon_with_text.default\">\n\t\t\t\t<div class=\"elementor-widget-container\">\n\t\t\t\t\t<div class=\"qodef-shortcode qodef-m  qodef-icon-with-text qodef-layout--top qodef--custom-icon qodef--retina qodef-alignment--center\">\n\t<div class=\"qodef-m-icon-wrapper\">\n\t\t\t\t\t<img decoding=\"async\" width=\"183\" height=\"173\" src=\"https:\/\/biobrots.cat\/wp-content\/uploads\/2023\/03\/main-home-icon-2.png\" class=\"attachment-full size-full\" alt=\"d\" \/>\t\t<\/div>\n\t<div class=\"qodef-m-content\">\n\t\t\t\t\t<\/div>\n<\/div>\n\t\t\t\t<\/div>\n\t\t\t\t<\/div>\n\t\t\t\t<div class=\"elementor-element elementor-element-6d86777 elementor-widget__width-auto elementor-widget elementor-widget-text-editor\" data-id=\"6d86777\" data-element_type=\"widget\" data-e-type=\"widget\" data-widget_type=\"text-editor.default\">\n\t\t\t\t<div class=\"elementor-widget-container\">\n\t\t\t\t\t\t\t\t\t<p style=\"text-align: center;\">Econom\u00eda circular<\/p>\t\t\t\t\t\t\t\t<\/div>\n\t\t\t\t<\/div>\n\t\t\t\t\t<\/div>\n\t\t<\/div>\n\t\t\t\t<div class=\"elementor-column elementor-col-25 elementor-top-column elementor-element elementor-element-8eab934\" data-id=\"8eab934\" data-element_type=\"column\" data-e-type=\"column\">\n\t\t\t<div class=\"elementor-widget-wrap elementor-element-populated\">\n\t\t\t\t\t\t<div class=\"elementor-element elementor-element-f116f82 elementor-widget__width-auto elementor-widget elementor-widget-agraria_core_icon_with_text\" data-id=\"f116f82\" data-element_type=\"widget\" data-e-type=\"widget\" data-widget_type=\"agraria_core_icon_with_text.default\">\n\t\t\t\t<div class=\"elementor-widget-container\">\n\t\t\t\t\t<div class=\"qodef-shortcode qodef-m  qodef-icon-with-text qodef-layout--top qodef--custom-icon qodef--retina qodef-alignment--center\">\n\t<div class=\"qodef-m-icon-wrapper\">\n\t\t\t\t\t<img loading=\"lazy\" decoding=\"async\" width=\"128\" height=\"173\" src=\"https:\/\/biobrots.cat\/wp-content\/uploads\/2023\/03\/main-home-icon-3.png\" class=\"attachment-full size-full\" alt=\"h\" \/>\t\t<\/div>\n\t<div class=\"qodef-m-content\">\n\t\t\t\t\t<\/div>\n<\/div>\n\t\t\t\t<\/div>\n\t\t\t\t<\/div>\n\t\t\t\t<div class=\"elementor-element elementor-element-4f2f346 elementor-widget elementor-widget-text-editor\" data-id=\"4f2f346\" data-element_type=\"widget\" data-e-type=\"widget\" data-widget_type=\"text-editor.default\">\n\t\t\t\t<div class=\"elementor-widget-container\">\n\t\t\t\t\t\t\t\t\t<p style=\"text-align: center;\">Productors locals<\/p>\t\t\t\t\t\t\t\t<\/div>\n\t\t\t\t<\/div>\n\t\t\t\t\t<\/div>\n\t\t<\/div>\n\t\t\t\t<div class=\"elementor-column elementor-col-25 elementor-top-column elementor-element elementor-element-b33aaa1\" data-id=\"b33aaa1\" data-element_type=\"column\" data-e-type=\"column\">\n\t\t\t<div class=\"elementor-widget-wrap elementor-element-populated\">\n\t\t\t\t\t\t<div class=\"elementor-element elementor-element-0ce63be elementor-widget__width-auto elementor-widget elementor-widget-agraria_core_icon_with_text\" data-id=\"0ce63be\" data-element_type=\"widget\" data-e-type=\"widget\" data-widget_type=\"agraria_core_icon_with_text.default\">\n\t\t\t\t<div class=\"elementor-widget-container\">\n\t\t\t\t\t<div class=\"qodef-shortcode qodef-m  qodef-icon-with-text qodef-layout--top qodef--custom-icon qodef--retina qodef-alignment--center\">\n\t<div class=\"qodef-m-icon-wrapper\">\n\t\t\t\t\t<img loading=\"lazy\" decoding=\"async\" width=\"170\" height=\"184\" src=\"https:\/\/biobrots.cat\/wp-content\/uploads\/2023\/03\/main-home-icon-5.png\" class=\"attachment-full size-full\" alt=\"s\" \/>\t\t<\/div>\n\t<div class=\"qodef-m-content\">\n\t\t\t\t\t<\/div>\n<\/div>\n\t\t\t\t<\/div>\n\t\t\t\t<\/div>\n\t\t\t\t<div class=\"elementor-element elementor-element-ab23ee2 elementor-widget elementor-widget-text-editor\" data-id=\"ab23ee2\" data-element_type=\"widget\" data-e-type=\"widget\" data-widget_type=\"text-editor.default\">\n\t\t\t\t<div class=\"elementor-widget-container\">\n\t\t\t\t\t\t\t\t\t<p>Sense qu\u00edmics<\/p>\t\t\t\t\t\t\t\t<\/div>\n\t\t\t\t<\/div>\n\t\t\t\t\t<\/div>\n\t\t<\/div>\n\t\t\t\t\t<\/div>\n\t\t<\/section>\n\t\t\t\t<\/div>\n\t\t","protected":false},"excerpt":{"rendered":"<p>dairy products fresh dairy products A BioBrots hi trobar\u00e0s tota mena de productes l\u00e0ctics frescos de vaca, cabra i ovella; amb grans propietats nutritives i rics en vitamines A, B, C, D i E, aix\u00ed com magnesi, f\u00f2sfor, potassi i zinc. Llet fresca ecol\u00f2gica. Elaborats de la llet: iougurts, k\u00e8firs, entre d&#039;altres. Formatges ecol\u00f2gics. Fresh [&hellip;]<\/p>\n","protected":false},"author":1,"featured_media":0,"parent":15409,"menu_order":0,"comment_status":"closed","ping_status":"closed","template":"page-full-width.php","meta":{"footnotes":""},"class_list":["post-15439","page","type-page","status-publish","hentry"],"_links":{"self":[{"href":"https:\/\/biobrots.cat\/en\/wp-json\/wp\/v2\/pages\/15439","targetHints":{"allow":["GET"]}}],"collection":[{"href":"https:\/\/biobrots.cat\/en\/wp-json\/wp\/v2\/pages"}],"about":[{"href":"https:\/\/biobrots.cat\/en\/wp-json\/wp\/v2\/types\/page"}],"author":[{"embeddable":true,"href":"https:\/\/biobrots.cat\/en\/wp-json\/wp\/v2\/users\/1"}],"replies":[{"embeddable":true,"href":"https:\/\/biobrots.cat\/en\/wp-json\/wp\/v2\/comments?post=15439"}],"version-history":[{"count":11,"href":"https:\/\/biobrots.cat\/en\/wp-json\/wp\/v2\/pages\/15439\/revisions"}],"predecessor-version":[{"id":16035,"href":"https:\/\/biobrots.cat\/en\/wp-json\/wp\/v2\/pages\/15439\/revisions\/16035"}],"up":[{"embeddable":true,"href":"https:\/\/biobrots.cat\/en\/wp-json\/wp\/v2\/pages\/15409"}],"wp:attachment":[{"href":"https:\/\/biobrots.cat\/en\/wp-json\/wp\/v2\/media?parent=15439"}],"curies":[{"name":"wp","href":"https:\/\/api.w.org\/{rel}","templated":true}]}}